{"id":20910,"date":"2020-06-26T14:38:06","date_gmt":"2020-06-26T17:38:06","guid":{"rendered":"https:\/\/www.swedcham.com.br\/events\/coming-events\/a-corrida-contra-o-tempo-para-a-vacina-mais-esperada\/"},"modified":"2020-12-17T12:12:41","modified_gmt":"2020-12-17T15:12:41","slug":"a-corrida-contra-o-tempo-para-a-vacina-mais-esperada","status":"publish","type":"product","link":"https:\/\/www.swedcham.com.br\/en\/product\/our-events\/a-corrida-contra-o-tempo-para-a-vacina-mais-esperada\/","title":{"rendered":"A Corrida contra o Tempo para a Vacina mais Esperada!"},"content":{"rendered":"<p><iframe loading=\"lazy\" title=\"A CORRIDA CONTRA O TEMPO PARA A VACINA MAIS ESPERADA!\" width=\"640\" height=\"360\" src=\"https:\/\/www.youtube.com\/embed\/4Pimw5kfZo0?feature=oembed\" frameborder=\"0\" allow=\"accelerometer; autoplay; clipboard-write; encrypted-media; gyroscope; picture-in-picture; web-share\" referrerpolicy=\"strict-origin-when-cross-origin\" allowfullscreen><\/iframe><\/p>\n<p>A \u00a0AstraZeneca (associada da Swedcham) \u00e9 uma empresa biofarmac\u00eautica global, voltada para inova\u00e7\u00e3o, com foco principal na descoberta, desenvolvimento e na comercializa\u00e7\u00e3o de medicamentos de prescri\u00e7\u00e3o, principalmente para o tratamento de doen\u00e7as em tr\u00eas principais linhas terap\u00eauticas \u2013 Oncologia, Doen\u00e7as Cardiovasculares & Metab\u00f3licas e Respirat\u00f3rio. A companhia tamb\u00e9m atua nas \u00e1reas autoimunidade, neuroci\u00eancia e infec\u00e7\u00e3o. A AstraZeneca\u202fopera em mais de\u202f100 pa\u00edses e seus medicamentos inovadores s\u00e3o usados por milh\u00f5es\u202fde pacientes\u202fem todo o mundo.<\/p>\n<p>No dia 1\u00ba de julho, temos o privil\u00e9gio de receber a Dra. Maria Augusta Bernardini, diretora m\u00e9dica da AstraZeneca do Brasil, para nos informar em primeira m\u00e3o como o processo da vacina contra o novo coronav\u00edrus est\u00e1 sendo conduzido em parceria com a Universidade de Oxford.<\/p>\n<p>\u00a0<\/p>\n<p class=\"m_3630756642185695850normal\" style=\"text-align: left;\"><a href=\"https:\/\/www.swedcham.com.br\/wp-content\/uploads\/2020\/06\/maria-augusta-bernardini.jpg\"><img loading=\"lazy\" decoding=\"async\" class=\"alignleft wp-image-20908\" src=\"https:\/\/www.swedcham.com.br\/wp-content\/uploads\/2020\/06\/maria-augusta-bernardini-200x300.jpg\" alt=\"\" width=\"220\" height=\"330\" srcset=\"https:\/\/www.swedcham.com.br\/wp-content\/uploads\/2020\/06\/maria-augusta-bernardini-200x300.jpg 200w, https:\/\/www.swedcham.com.br\/wp-content\/uploads\/2020\/06\/maria-augusta-bernardini.jpg 600w\" sizes=\"auto, (max-width: 220px) 100vw, 220px\" \/><\/a><\/p>\n<p><strong>Maria Augusta Bernardini <\/strong>\u00e9 Diretora M\u00e9dica do Brasil desde junho de 2018. Ingressou na AstraZeneca Brasil em 2016, como Gerente M\u00e9dica de Cardiovascular e Diabetes. Em 2017, foi promovida a diretora m\u00e9dica associada, com o desafio de gerenciar e desenvolver estrategicamente tamb\u00e9m o MAEX e o Evidence Generation no Brasil. Antes de ingressar na AstraZeneca, Maria Augusta trabalhou na Pfizer e no Ach\u00e9 Laboratories, conduzindo a equipe de assuntos m\u00e9dicos como um parceiro fundamental para alcan\u00e7ar os objetivos de neg\u00f3cios. Maria \u00e9 formada em Medicina pela Universidade de S\u00e3o Paulo, com especializa\u00e7\u00f5es em Ginecologia e Mastologia realizadas na Universidade de S\u00e3o Paulo, p\u00f3s-graduada em Medicina Farmac\u00eautica na Hibernia College \u2013 Dublin e possui MBA em Gest\u00e3o Estrat\u00e9gica na Universidade de S\u00e3o Paulo.<\/p>\n\n<h3>Quando<\/h3>\n<p><span class=\"m_8215363500706865736m_-1492442068443120964mc-toc-title\">Quarta-feira, 01\/07 \u00e0s 15h<\/span><\/p>\n<p>Evento para associados da C\u00e2mara Sueca, incluindo todos os colaboradores nas empresas associadas.<\/p>\n<p><strong>Vagas limitadas!<\/strong><\/p>\n<h3 class=\"m_8215363500706865736m_-1492442068443120964m_-8622026719244850452m_-7456309968160772443m_-5953347527171562918m_-919258446742338626detail_h3\">RSVP at\u00e9\u00a001\/07<\/h3>\n<div><a href=\"mailto:eventos@swedcham.com.br?subject=Evento%2001%2F07\" target=\"_blank\" rel=\"noopener noreferrer\" data-cke-saved-href=\"mailto:eventos@swedcham.com.br?subject=Evento%2001%2F07\"><span class=\"m_8215363500706865736m_-1492442068443120964mc-toc-title\">eventos@swedcham.com.br<\/span><\/a><\/div>\n<div>\n<p>O link de acesso \u00e0 live ser\u00e1 enviado um dia antes do evento para todos que confirmarem sua participa\u00e7\u00e3o.<\/p>\n<\/div>\n<div><\/div>\n<div><\/div>\n<div><\/div>\n<h3><strong>Organiza\u00e7\u00e3o:<\/strong><\/h3>\n<div>\n<p><img decoding=\"async\" src=\"https:\/\/gallery.mailchimp.com\/9a53a6aa1cef2bc498bbe264b\/images\/07dc0c57-417f-4228-99c2-07ee3298d549.jpg\" \/><\/p>\n<\/div>\n<h3><strong>Em parceria com:<br \/>\n<\/strong><\/h3>\n<p><img loading=\"lazy\" decoding=\"async\" class=\"alignleft wp-image-20905 size-full\" src=\"https:\/\/www.swedcham.com.br\/wp-content\/uploads\/2020\/06\/logo-az.png\" alt=\"\" width=\"216\" height=\"52\" \/><\/p>\n","protected":false},"excerpt":{"rendered":"<p>A \u00a0AstraZeneca (associada da Swedcham) \u00e9 uma empresa biofarmac\u00eautica global, voltada para inova\u00e7\u00e3o, com foco principal na descoberta, desenvolvimento e<\/p>\n","protected":false},"featured_media":0,"template":"","meta":[],"product_brand":[],"product_cat":[228],"product_tag":[],"class_list":{"0":"post-20910","1":"product","2":"type-product","3":"status-publish","5":"product_cat-our-events","7":"first","8":"instock","9":"shipping-taxable","10":"product-type-simple"},"_links":{"self":[{"href":"https:\/\/www.swedcham.com.br\/en\/wp-json\/wp\/v2\/product\/20910","targetHints":{"allow":["GET"]}}],"collection":[{"href":"https:\/\/www.swedcham.com.br\/en\/wp-json\/wp\/v2\/product"}],"about":[{"href":"https:\/\/www.swedcham.com.br\/en\/wp-json\/wp\/v2\/types\/product"}],"wp:attachment":[{"href":"https:\/\/www.swedcham.com.br\/en\/wp-json\/wp\/v2\/media?parent=20910"}],"wp:term":[{"taxonomy":"product_brand","embeddable":true,"href":"https:\/\/www.swedcham.com.br\/en\/wp-json\/wp\/v2\/product_brand?post=20910"},{"taxonomy":"product_cat","embeddable":true,"href":"https:\/\/www.swedcham.com.br\/en\/wp-json\/wp\/v2\/product_cat?post=20910"},{"taxonomy":"product_tag","embeddable":true,"href":"https:\/\/www.swedcham.com.br\/en\/wp-json\/wp\/v2\/product_tag?post=20910"}],"curies":[{"name":"wp","href":"https:\/\/api.w.org\/{rel}","templated":true}]}}