{"id":20657,"date":"2020-06-08T14:10:26","date_gmt":"2020-06-08T17:10:26","guid":{"rendered":"https:\/\/www.swedcham.com.br\/events\/coming-events\/as-acoes-desenvolvidas-no-ambito-municipal-de-combate-a-covid-19\/"},"modified":"2020-12-17T12:14:07","modified_gmt":"2020-12-17T15:14:07","slug":"as-acoes-desenvolvidas-no-ambito-municipal-de-combate-a-covid-19","status":"publish","type":"product","link":"https:\/\/www.swedcham.com.br\/en\/product\/our-events\/as-acoes-desenvolvidas-no-ambito-municipal-de-combate-a-covid-19\/","title":{"rendered":"As a\u00e7\u00f5es desenvolvidas no \u00e2mbito\u00a0municipal de combate \u00e0 Covid-19"},"content":{"rendered":"<p><iframe loading=\"lazy\" title=\"AS A\u00c7\u00d5ES DESENVOLVIDAS NO \u00c2MBITO MUNICIPAL DE COMBATE \u00c0 COVID-19\" width=\"640\" height=\"360\" src=\"https:\/\/www.youtube.com\/embed\/IeqYHp_UMwQ?feature=oembed\" frameborder=\"0\" allow=\"accelerometer; autoplay; clipboard-write; encrypted-media; gyroscope; picture-in-picture; web-share\" referrerpolicy=\"strict-origin-when-cross-origin\" allowfullscreen><\/iframe><\/p>\n<p><strong>As a\u00e7\u00f5es desenvolvidas no \u00e2mbito\u00a0municipal de combate \u00e0 Covid-19<\/strong><\/p>\n<p><strong>Luiz Alvaro Salles Aguiar de Menezes &#8211;\u00a0<\/strong>Secret\u00e1rio de Rela\u00e7\u00f5es Internacionais da Prefeitura de S\u00e3o Paulo.<\/p>\n<p class=\"m_3630756642185695850normal\" style=\"text-align: left;\"><img loading=\"lazy\" decoding=\"async\" class=\"alignleft wp-image-20655 size-full\" src=\"https:\/\/www.swedcham.com.br\/wp-content\/uploads\/2020\/06\/prefeitura.jpg\" alt=\"\" width=\"200\" height=\"200\" srcset=\"https:\/\/www.swedcham.com.br\/wp-content\/uploads\/2020\/06\/prefeitura.jpg 200w, https:\/\/www.swedcham.com.br\/wp-content\/uploads\/2020\/06\/prefeitura-100x100.jpg 100w, https:\/\/www.swedcham.com.br\/wp-content\/uploads\/2020\/06\/prefeitura-150x150.jpg 150w\" sizes=\"auto, (max-width: 200px) 100vw, 200px\" \/><\/p>\n<p>Graduado em Administra\u00e7\u00e3o de Empresas com \u00eanfase em Marketing pela ESPM, p\u00f3s-graduado em Gest\u00e3o Estrat\u00e9gica e Econ\u00f4mica de Neg\u00f3cios pela FGV (Faculdade Get\u00falio Vargas), come\u00e7ou a atuar no mercado editorial em 2003 quando ingressou na Imprensa Oficial do Estado de S\u00e3o Paulo onde foi respons\u00e1vel pela \u00e1rea de Marketing at\u00e9 2011. Em 2012, integrou a equipe da C\u00e2mara Brasileira do Livro. Em 2014, tamb\u00e9m foi o Gerente Executivo da Bienal Internacional do Livro de S\u00e3o Paulo. Em 2015, assumiu a Ger\u00eancia de Rela\u00e7\u00f5es Internacionais da C\u00e2mara Brasileira do Livro (CBL) e se tornou respons\u00e1vel pelo projeto Brazilian Publishers, parceria entre a C\u00e2mara Brasileira do Livro e Apex-Brasil.<\/p>\n\n<h3>Quando<\/h3>\n<p><span class=\"m_8215363500706865736m_-1492442068443120964mc-toc-title\">Quarta-feira, 10\/06 \u00e0s 15\u00a0horas<\/span><\/p>\n<p>Evento para associados e convidados da C\u00e2mara Sueca, incluindo todos os colaboradores nas empresas associadas.<\/p>\n<h3 class=\"m_8215363500706865736m_-1492442068443120964m_-8622026719244850452m_-7456309968160772443m_-5953347527171562918m_-919258446742338626detail_h3\">RSVP by 10\/06<\/h3>\n<div>\n<p><a href=\"mailto:eventos@swedcham.com.br?subject=Evento%2010%2F06\" target=\"_blank\" rel=\"noopener noreferrer\" data-cke-saved-href=\"mailto:eventos@swedcham.com.br?subject=Evento%2010%2F06\"><span class=\"m_8215363500706865736m_-1492442068443120964mc-toc-title\">eventos@swedcham.com.br<\/span><\/a><\/p>\n<p>O link de acesso \u00e0 live ser\u00e1 enviado um dia antes do evento para todos que confirmarem sua participa\u00e7\u00e3o.<\/p>\n<\/div>\n<div><\/div>\n<div><\/div>\n<div><\/div>\n<h3><strong>Organiza\u00e7\u00e3o:<\/strong><\/h3>\n<div>\n<p><img decoding=\"async\" src=\"https:\/\/gallery.mailchimp.com\/9a53a6aa1cef2bc498bbe264b\/images\/07dc0c57-417f-4228-99c2-07ee3298d549.jpg\" \/><\/p>\n<\/div>\n<h3><strong>\u00a0<\/strong><\/h3>\n<p>&nbsp;<\/p>\n","protected":false},"excerpt":{"rendered":"<p>As a\u00e7\u00f5es desenvolvidas no \u00e2mbito\u00a0municipal de combate \u00e0 Covid-19 Luiz Alvaro Salles Aguiar de Menezes &#8211;\u00a0Secret\u00e1rio de Rela\u00e7\u00f5es Internacionais da<\/p>\n","protected":false},"featured_media":0,"template":"","meta":[],"product_brand":[],"product_cat":[228],"product_tag":[],"class_list":{"0":"post-20657","1":"product","2":"type-product","3":"status-publish","5":"product_cat-our-events","7":"first","8":"instock","9":"shipping-taxable","10":"product-type-simple"},"_links":{"self":[{"href":"https:\/\/www.swedcham.com.br\/en\/wp-json\/wp\/v2\/product\/20657","targetHints":{"allow":["GET"]}}],"collection":[{"href":"https:\/\/www.swedcham.com.br\/en\/wp-json\/wp\/v2\/product"}],"about":[{"href":"https:\/\/www.swedcham.com.br\/en\/wp-json\/wp\/v2\/types\/product"}],"wp:attachment":[{"href":"https:\/\/www.swedcham.com.br\/en\/wp-json\/wp\/v2\/media?parent=20657"}],"wp:term":[{"taxonomy":"product_brand","embeddable":true,"href":"https:\/\/www.swedcham.com.br\/en\/wp-json\/wp\/v2\/product_brand?post=20657"},{"taxonomy":"product_cat","embeddable":true,"href":"https:\/\/www.swedcham.com.br\/en\/wp-json\/wp\/v2\/product_cat?post=20657"},{"taxonomy":"product_tag","embeddable":true,"href":"https:\/\/www.swedcham.com.br\/en\/wp-json\/wp\/v2\/product_tag?post=20657"}],"curies":[{"name":"wp","href":"https:\/\/api.w.org\/{rel}","templated":true}]}}