{"id":20474,"date":"2020-05-12T11:37:45","date_gmt":"2020-05-12T14:37:45","guid":{"rendered":"https:\/\/www.swedcham.com.br\/events\/coming-events\/antitruste-em-tempos-de-pandemia-flexibilizar-ou-reforcar-as-acoes-do-cade\/"},"modified":"2020-05-12T11:38:56","modified_gmt":"2020-05-12T14:38:56","slug":"antitruste-em-tempos-de-pandemia-flexibilizar-ou-reforcar-as-acoes-do-cade","status":"publish","type":"product","link":"https:\/\/www.swedcham.com.br\/en\/product\/our-events\/antitruste-em-tempos-de-pandemia-flexibilizar-ou-reforcar-as-acoes-do-cade\/","title":{"rendered":"Antitruste em tempos de pandemia. Flexibilizar ou refor\u00e7ar as a\u00e7\u00f5es do CADE?"},"content":{"rendered":"<p>O Comit\u00ea Jur\u00eddico e de Neg\u00f3cios da Swedcham convida para o webinar:<\/p>\n<p><strong>Antitruste em tempos de pandemia. Flexibilizar ou refor\u00e7ar as a\u00e7\u00f5es do CADE?<\/strong><\/p>\n<p>A crise econ\u00f4mica decorrente da crise da pandemia tem implicado uma s\u00e9rie de dificuldades \u00e0s empresas com menos f\u00f4lego e capacidade financeira. Como alternativa a fal\u00eancia e ou recupera\u00e7\u00e3o, muitos investidores v\u00eam buscando novas alternativas de aquisi\u00e7\u00e3o de ativos e empresas, sobretudo agora com a deprecia\u00e7\u00e3o cambial. Al\u00e9m disto o papel do CADE de zelar pela livre concorr\u00eancia e coibir a atua\u00e7\u00e3o de cart\u00e9is ganha novos desafios com a crise da Pandemia.<\/p>\n<p>N\u00e3o percam!<\/p>\n<p class=\"m_3630756642185695850normal\" style=\"text-align: left;\"><img loading=\"lazy\" decoding=\"async\" class=\"alignleft wp-image-20472 size-thumbnail\" src=\"https:\/\/www.swedcham.com.br\/wp-content\/uploads\/2020\/05\/foto-222-150x150.jpg\" alt=\"\" width=\"150\" height=\"150\" srcset=\"https:\/\/www.swedcham.com.br\/wp-content\/uploads\/2020\/05\/foto-222-150x150.jpg 150w, https:\/\/www.swedcham.com.br\/wp-content\/uploads\/2020\/05\/foto-222-100x100.jpg 100w\" sizes=\"auto, (max-width: 150px) 100vw, 150px\" \/><\/p>\n<p><strong>Celso Fernandes Campilongo<\/strong>\u00a0\u00e9 professor das Faculdades de Direito da PUC-SP e da USP, onde \u00e9 Vice Diretor. Foi professor da Facolt\u00e0 di Giurisprudenza da Universit\u00e0 del Salento, It\u00e1lia (1995-1997), Conselheiro do CADE (2000-2002), Secret\u00e1rio Executivo do Minist\u00e9rio da Justi\u00e7a (2002). Membro do Conselho Jur\u00eddico da FIESP, da Comiss\u00e3o de Direito Econ\u00f4mico do Conselho Federal da OAB e da Comiss\u00e3o de Direito da Concorr\u00eancia da OAB-SP.<\/p>\n<p>\u00a0<\/p>\n\n<h3>Quando<\/h3>\n<p><span class=\"m_8215363500706865736m_-1492442068443120964mc-toc-title\">Segunda-feira, 18\/05 \u00e0s 17\u00a0horas<\/span><\/p>\n<p>Evento exclusivo para associados da C\u00e2mara Sueca, incluindo todos os colaboradores nas empresas associadas.<\/p>\n<h3 class=\"m_8215363500706865736m_-1492442068443120964m_-8622026719244850452m_-7456309968160772443m_-5953347527171562918m_-919258446742338626detail_h3\">RSVP by 15\/05<\/h3>\n<div>\n<p><a href=\"mailto:eventos@swedcham.com.br?subject=Evento%2005%2F05\" target=\"_blank\" rel=\"noopener\" data-cke-saved-href=\"mailto:eventos@swedcham.com.br?subject=Evento%2005%2F05\"><span class=\"m_8215363500706865736m_-1492442068443120964mc-toc-title\">eventos@swedcham.com.br<\/span><\/a><\/p>\n<p>O link de acesso \u00e0 live ser\u00e1 enviado um dia antes do evento para todos que confirmarem sua participa\u00e7\u00e3o.<\/p>\n<\/div>\n<div><\/div>\n<div><\/div>\n<div><\/div>\n<h3><strong>Organiza\u00e7\u00e3o:<\/strong><\/h3>\n<div>\n<p><img decoding=\"async\" src=\"https:\/\/gallery.mailchimp.com\/9a53a6aa1cef2bc498bbe264b\/images\/07dc0c57-417f-4228-99c2-07ee3298d549.jpg\" \/><\/p>\n<\/div>\n","protected":false},"excerpt":{"rendered":"<p>O Comit\u00ea Jur\u00eddico e de Neg\u00f3cios da Swedcham convida para o webinar: Antitruste em tempos de pandemia. Flexibilizar ou refor\u00e7ar<\/p>\n","protected":false},"featured_media":0,"template":"","meta":[],"product_brand":[],"product_cat":[228],"product_tag":[],"class_list":{"0":"post-20474","1":"product","2":"type-product","3":"status-publish","5":"product_cat-our-events","7":"first","8":"instock","9":"shipping-taxable","10":"product-type-simple"},"_links":{"self":[{"href":"https:\/\/www.swedcham.com.br\/en\/wp-json\/wp\/v2\/product\/20474","targetHints":{"allow":["GET"]}}],"collection":[{"href":"https:\/\/www.swedcham.com.br\/en\/wp-json\/wp\/v2\/product"}],"about":[{"href":"https:\/\/www.swedcham.com.br\/en\/wp-json\/wp\/v2\/types\/product"}],"wp:attachment":[{"href":"https:\/\/www.swedcham.com.br\/en\/wp-json\/wp\/v2\/media?parent=20474"}],"wp:term":[{"taxonomy":"product_brand","embeddable":true,"href":"https:\/\/www.swedcham.com.br\/en\/wp-json\/wp\/v2\/product_brand?post=20474"},{"taxonomy":"product_cat","embeddable":true,"href":"https:\/\/www.swedcham.com.br\/en\/wp-json\/wp\/v2\/product_cat?post=20474"},{"taxonomy":"product_tag","embeddable":true,"href":"https:\/\/www.swedcham.com.br\/en\/wp-json\/wp\/v2\/product_tag?post=20474"}],"curies":[{"name":"wp","href":"https:\/\/api.w.org\/{rel}","templated":true}]}}