{"id":20350,"date":"2020-04-27T17:26:24","date_gmt":"2020-04-27T20:26:24","guid":{"rendered":"https:\/\/www.swedcham.com.br\/events\/coming-events\/uma-conversa-com-caio-blinder\/"},"modified":"2020-12-17T12:28:35","modified_gmt":"2020-12-17T15:28:35","slug":"uma-conversa-com-caio-blinder","status":"publish","type":"product","link":"https:\/\/www.swedcham.com.br\/en\/product\/our-events\/uma-conversa-com-caio-blinder\/","title":{"rendered":"Uma conversa com Caio Blinder"},"content":{"rendered":"<p><iframe loading=\"lazy\" title=\"UMA CONVERSA COM CAIO BLINDER\" width=\"640\" height=\"360\" src=\"https:\/\/www.youtube.com\/embed\/nOnNqayo29o?feature=oembed\" frameborder=\"0\" allow=\"accelerometer; autoplay; clipboard-write; encrypted-media; gyroscope; picture-in-picture; web-share\" referrerpolicy=\"strict-origin-when-cross-origin\" allowfullscreen><\/iframe><\/p>\n<p>Na virada de abril para maio, em v\u00e1rias partes do mundo, a popula\u00e7\u00e3o \u00e9 cobaia no experimento de reabertura, ora cautelosa, ora meramente precipitada. H\u00e1 o medo da segunda onda e antes disso do mero alastramento do v\u00edrus com o povo de novo na rua, no trabalho, no lazer e no consumo. Claro que um confinamento indefinido e abrangente mata o j\u00e1 fr\u00e1gil paciente econ\u00f4mico. Tamb\u00e9m h\u00e1 o que se define como \u201cfadiga de quarentena\u201d, dif\u00edcil manter a disciplina na clausura e dados mostram que ela come\u00e7a a ser rompida nos EUA, contra as instru\u00e7\u00f5es de governadores.<\/p>\n<p>N\u00e3o percam a oportunidade de falar sobre isso e outros assuntos, tais como a imagem do Brasil no exterior neste momento, as rela\u00e7\u00f5es comerciais entre Brasil e EUA, e as pr\u00f3ximas elei\u00e7\u00f5es americanas diretamente com o jornalista na casa dele em New Jersey.<\/p>\n<p>A conversa ser\u00e1 moderada por Ciro Dias dos Reis, CEO e fundador da Imagem Corporativa, empresa associada da Swedcham.<\/p>\n<p class=\"m_3630756642185695850normal\" style=\"text-align: left;\"><img loading=\"lazy\" decoding=\"async\" class=\"alignleft wp-image-20346 size-full\" src=\"https:\/\/www.swedcham.com.br\/wp-content\/uploads\/2020\/04\/Caio-Blinder.jpg\" alt=\"\" width=\"197\" height=\"255\" \/><\/p>\n<p><strong>Caio Blinder<\/strong> \u00e9\u00a0Jornalista e Apresentador de TV.\u00a0Com mais de 40 anos de jornalismo, e radicado h\u00e1 mais de 30 anos nos EUA, Caio Blinder \u00e9 um dos mais respeitados e conhecidos especialistas em assuntos e tend\u00eancias globais na imprensa brasileira, capaz de fazer as conex\u00f5es entre economia e pol\u00edtica.Caio Blinder participa do Manhattan Connection, da Globonews, desde a sua cria\u00e7\u00e3o em 1993. Palestrante e moderador de debates, ele tamb\u00e9m \u00e9 colunista da revista Consumidor Moderno.<\/p>\n<p>\u00a0<\/p>\n\n<h3>Quando<\/h3>\n<p><span class=\"m_8215363500706865736m_-1492442068443120964mc-toc-title\">Ter\u00e7a-feira, 05 de maio\u00a0\u00e0s 16:00h<\/span><\/p>\n<p>Evento exclusivo para associados da C\u00e2mara Sueca, incluindo todos os colaboradores nas empresas associadas.<\/p>\n<h3 class=\"m_8215363500706865736m_-1492442068443120964m_-8622026719244850452m_-7456309968160772443m_-5953347527171562918m_-919258446742338626detail_h3\">RSVP by 04\/05<\/h3>\n<div>\n<p><a href=\"mailto:eventos@swedcham.com.br?subject=Evento%2005%2F05\" target=\"_blank\" rel=\"noopener noreferrer\" data-cke-saved-href=\"mailto:eventos@swedcham.com.br?subject=Evento%2005%2F05\"><span class=\"m_8215363500706865736m_-1492442068443120964mc-toc-title\">eventos@swedcham.com.br<\/span><\/a><\/p>\n<p>O link de acesso \u00e0 live ser\u00e1 enviado um dia antes do evento para todos que confirmarem sua participa\u00e7\u00e3o.<\/p>\n<\/div>\n<div><\/div>\n<div><\/div>\n<div><\/div>\n<h3><strong>Organiza\u00e7\u00e3o:<\/strong><\/h3>\n<div>\n<p><img decoding=\"async\" src=\"https:\/\/gallery.mailchimp.com\/9a53a6aa1cef2bc498bbe264b\/images\/07dc0c57-417f-4228-99c2-07ee3298d549.jpg\" \/><\/p>\n<h3><strong>Apoio:<\/strong><\/h3>\n<\/div>\n<p><a href=\"https:\/\/iccom.com.br\/\"><img loading=\"lazy\" decoding=\"async\" class=\"alignleft wp-image-20348 size-full\" src=\"https:\/\/www.swedcham.com.br\/wp-content\/uploads\/2020\/04\/icc.jpg\" alt=\"\" width=\"61\" height=\"62\" \/><\/a><\/p>\n<p>\u00a0<\/p>\n","protected":false},"excerpt":{"rendered":"<p>Na virada de abril para maio, em v\u00e1rias partes do mundo, a popula\u00e7\u00e3o \u00e9 cobaia no experimento de reabertura, ora<\/p>\n","protected":false},"featured_media":0,"template":"","meta":[],"product_brand":[],"product_cat":[228],"product_tag":[],"class_list":{"0":"post-20350","1":"product","2":"type-product","3":"status-publish","5":"product_cat-our-events","7":"first","8":"instock","9":"shipping-taxable","10":"product-type-simple"},"_links":{"self":[{"href":"https:\/\/www.swedcham.com.br\/en\/wp-json\/wp\/v2\/product\/20350","targetHints":{"allow":["GET"]}}],"collection":[{"href":"https:\/\/www.swedcham.com.br\/en\/wp-json\/wp\/v2\/product"}],"about":[{"href":"https:\/\/www.swedcham.com.br\/en\/wp-json\/wp\/v2\/types\/product"}],"wp:attachment":[{"href":"https:\/\/www.swedcham.com.br\/en\/wp-json\/wp\/v2\/media?parent=20350"}],"wp:term":[{"taxonomy":"product_brand","embeddable":true,"href":"https:\/\/www.swedcham.com.br\/en\/wp-json\/wp\/v2\/product_brand?post=20350"},{"taxonomy":"product_cat","embeddable":true,"href":"https:\/\/www.swedcham.com.br\/en\/wp-json\/wp\/v2\/product_cat?post=20350"},{"taxonomy":"product_tag","embeddable":true,"href":"https:\/\/www.swedcham.com.br\/en\/wp-json\/wp\/v2\/product_tag?post=20350"}],"curies":[{"name":"wp","href":"https:\/\/api.w.org\/{rel}","templated":true}]}}