{"id":20227,"date":"2020-04-08T08:16:04","date_gmt":"2020-04-08T11:16:04","guid":{"rendered":"https:\/\/www.swedcham.com.br\/?post_type=product&#038;p=20227"},"modified":"2020-04-08T11:47:47","modified_gmt":"2020-04-08T14:47:47","slug":"impactos-da-pandemia-do-covid-19-no-cenario-politico-e-economico-da-america-latina","status":"publish","type":"product","link":"https:\/\/www.swedcham.com.br\/en\/product\/our-events\/impactos-da-pandemia-do-covid-19-no-cenario-politico-e-economico-da-america-latina\/","title":{"rendered":"Impactos da Pandemia do Covid-19 no cen\u00e1rio pol\u00edtico e econ\u00f4mico da Am\u00e9rica Latina"},"content":{"rendered":"<p><img loading=\"lazy\" decoding=\"async\" class=\"size-full wp-image-20228 aligncenter\" src=\"https:\/\/www.swedcham.com.br\/wp-content\/uploads\/2020\/04\/ww.jpg\" alt=\"\" width=\"283\" height=\"178\" \/><\/p>\n<p>A crise econ\u00f4mica provocada pela pandemia de\u00a0Covid-19 \u201c<em>entrar\u00e1 para a hist\u00f3ria como uma das piores que o mundo j\u00e1 experimentou\u201d<\/em>. A avalia\u00e7\u00e3o \u00e9 da secret\u00e1ria executiva da Comiss\u00e3o Econ\u00f4mica para a Am\u00e9rica Latina e o Caribe (Cepal).<\/p>\n<p>No dia 15 de abril, a C\u00e2mara Sueca promover\u00e1 uma palestra <strong>online<\/strong> com dois cientistas pol\u00edticos, sobre o tema,\u00a0<strong><em>Impactos da Pandemia do Covid-19 no cen\u00e1rio pol\u00edtico e econ\u00f4mico da Am\u00e9rica Latina.<\/em><\/strong><\/p>\n<h3>N\u00e3o percam!<\/h3>\n<h2><strong>Palestrantes convidados:<\/strong><\/h2>\n<p class=\"m_3630756642185695850normal\" style=\"text-align: left;\"><img loading=\"lazy\" decoding=\"async\" class=\"alignleft wp-image-20230 size-thumbnail\" src=\"https:\/\/www.swedcham.com.br\/wp-content\/uploads\/2020\/04\/rs3-150x150.jpg\" alt=\"\" width=\"150\" height=\"150\" srcset=\"https:\/\/www.swedcham.com.br\/wp-content\/uploads\/2020\/04\/rs3-150x150.jpg 150w, https:\/\/www.swedcham.com.br\/wp-content\/uploads\/2020\/04\/rs3-100x100.jpg 100w, https:\/\/www.swedcham.com.br\/wp-content\/uploads\/2020\/04\/rs3.jpg 240w\" sizes=\"auto, (max-width: 150px) 100vw, 150px\" \/><\/p>\n<p style=\"font-weight: 400;\"><strong>Ricardo Sennes<\/strong> \u2013\u00a0\u00c9 s\u00f3cio diretor da Prospectiva, especialista em cen\u00e1rios pol\u00edticos e econ\u00f4micos, formula\u00e7\u00e3o e implementa\u00e7\u00e3o de pol\u00edticas p\u00fablicas. \u00c9 non-resident fellow do Atlantic Council (DC \u2013 EUA) e s\u00eanior fellow do Centro Brasileiro de Rela\u00e7\u00f5es Internacionais (CEBRI \u2013 RJ). Tamb\u00e9m atua como presidente do conselho do Instituto Escolhas (SP) e membro do Conselho da Revista Foreign Affairs em espanhol (M\u00e9xico). \u00c9 economista e doutor em ci\u00eancia pol\u00edtica\u00a0e comentarista do Jornal da TV Cultura.<\/p>\n<p>\u00a0<\/p>\n<p>\u00a0<\/p>\n<p class=\"m_3630756642185695850normal\" style=\"text-align: left;\"><img loading=\"lazy\" decoding=\"async\" class=\"alignleft wp-image-20232 size-thumbnail\" src=\"https:\/\/www.swedcham.com.br\/wp-content\/uploads\/2020\/04\/rm-150x150.jpg\" alt=\"\" width=\"150\" height=\"150\" srcset=\"https:\/\/www.swedcham.com.br\/wp-content\/uploads\/2020\/04\/rm-150x150.jpg 150w, https:\/\/www.swedcham.com.br\/wp-content\/uploads\/2020\/04\/rm-100x100.jpg 100w\" sizes=\"auto, (max-width: 150px) 100vw, 150px\" \/><\/p>\n<p><strong>Ricardo Mendes <\/strong>\u2013\u00a0S\u00f3cio diretor da Prospectiva. \u00c9 respons\u00e1vel pelas opera\u00e7\u00f5es internacionais da empresa, tendo como principais focos a expans\u00e3o dos servi\u00e7os para a Am\u00e9rica Latina e a opera\u00e7\u00e3o em Washington D.C. \u00c9 especialista em planejamento estrat\u00e9gico, an\u00e1lises de pol\u00edticas p\u00fablicas, regula\u00e7\u00e3o e negocia\u00e7\u00f5es internacionais. \u00c9 bacharel em rela\u00e7\u00f5es internacionais pela PUC-SP e mestre em RI pela Universidade de Cambridge.<\/p>\n\n<h3>Quando<\/h3>\n<p><span class=\"m_8215363500706865736m_-1492442068443120964mc-toc-title\">Quarta-feira, 15\u00a0de abril\u00a0\u00e0s 16:00h<\/span><\/p>\n<p>Evento exclusivo para associados da C\u00e2mara Sueca, incluindo todos os colaboradores nas empresas associadas.<\/p>\n<h3 class=\"m_8215363500706865736m_-1492442068443120964m_-8622026719244850452m_-7456309968160772443m_-5953347527171562918m_-919258446742338626detail_h3\">RSVP<\/h3>\n<div>\n<p><span class=\"m_8215363500706865736m_-1492442068443120964mc-toc-title\"><a href=\"mailto:eventos@swedcham.com.br?subject=Evento%2015%2F4\" target=\"_blank\" rel=\"noopener\" data-cke-saved-href=\"mailto:eventos@swedcham.com.br?subject=Evento%2015%2F4\">eventos@swedcham.com.br<\/a><\/span><\/p>\n<p>O link de acesso \u00e0 live ser\u00e1 enviado um dia antes do evento.<\/p>\n<\/div>\n<div><\/div>\n<div><\/div>\n<div><\/div>\n<h3><strong>Organiza\u00e7\u00e3o:<\/strong><\/h3>\n<div>\n<p><img decoding=\"async\" src=\"https:\/\/gallery.mailchimp.com\/9a53a6aa1cef2bc498bbe264b\/images\/07dc0c57-417f-4228-99c2-07ee3298d549.jpg\" \/><\/p>\n<h3><strong>Apoio:<\/strong><\/h3>\n<p><a href=\"https:\/\/www.prospectiva.com\/\" target=\"_blank\" rel=\"noopener\" data-cke-saved-href=\"https:\/\/www.prospectiva.com\/\"><img loading=\"lazy\" decoding=\"async\" src=\"https:\/\/mcusercontent.com\/9a53a6aa1cef2bc498bbe264b\/images\/104d025b-431b-48be-8839-ebba103524ce.png\" width=\"250\" height=\"38\" data-file-id=\"3077654\" data-cke-saved-src=\"https:\/\/mcusercontent.com\/9a53a6aa1cef2bc498bbe264b\/images\/104d025b-431b-48be-8839-ebba103524ce.png\" \/><\/a><\/p>\n<\/div>\n<p>\u00a0<\/p>\n","protected":false},"excerpt":{"rendered":"<p>A crise econ\u00f4mica provocada pela pandemia de\u00a0Covid-19 \u201centrar\u00e1 para a hist\u00f3ria como uma das piores que o mundo j\u00e1 experimentou\u201d.<\/p>\n","protected":false},"featured_media":0,"template":"","meta":[],"product_brand":[],"product_cat":[228],"product_tag":[],"class_list":{"0":"post-20227","1":"product","2":"type-product","3":"status-publish","5":"product_cat-our-events","7":"first","8":"instock","9":"shipping-taxable","10":"product-type-simple"},"_links":{"self":[{"href":"https:\/\/www.swedcham.com.br\/en\/wp-json\/wp\/v2\/product\/20227","targetHints":{"allow":["GET"]}}],"collection":[{"href":"https:\/\/www.swedcham.com.br\/en\/wp-json\/wp\/v2\/product"}],"about":[{"href":"https:\/\/www.swedcham.com.br\/en\/wp-json\/wp\/v2\/types\/product"}],"wp:attachment":[{"href":"https:\/\/www.swedcham.com.br\/en\/wp-json\/wp\/v2\/media?parent=20227"}],"wp:term":[{"taxonomy":"product_brand","embeddable":true,"href":"https:\/\/www.swedcham.com.br\/en\/wp-json\/wp\/v2\/product_brand?post=20227"},{"taxonomy":"product_cat","embeddable":true,"href":"https:\/\/www.swedcham.com.br\/en\/wp-json\/wp\/v2\/product_cat?post=20227"},{"taxonomy":"product_tag","embeddable":true,"href":"https:\/\/www.swedcham.com.br\/en\/wp-json\/wp\/v2\/product_tag?post=20227"}],"curies":[{"name":"wp","href":"https:\/\/api.w.org\/{rel}","templated":true}]}}