{"id":19703,"date":"2020-01-31T11:27:34","date_gmt":"2020-01-31T14:27:34","guid":{"rendered":"https:\/\/www.swedcham.com.br\/events\/coming-events\/almoco-de-networking-restaurante-maremonti\/"},"modified":"2020-02-13T15:28:31","modified_gmt":"2020-02-13T18:28:31","slug":"almoco-de-networking-restaurante-maremonti","status":"publish","type":"product","link":"https:\/\/www.swedcham.com.br\/en\/product\/our-events\/almoco-de-networking-restaurante-maremonti\/","title":{"rendered":"Almo\u00e7o de Networking &#8211; Restaurante Maremonti"},"content":{"rendered":"<div><img loading=\"lazy\" decoding=\"async\" class=\"alignleft wp-image-19699 size-full\" src=\"https:\/\/www.swedcham.com.br\/wp-content\/uploads\/2020\/01\/lunch2.jpg\" alt=\"\" width=\"800\" height=\"150\" srcset=\"https:\/\/www.swedcham.com.br\/wp-content\/uploads\/2020\/01\/lunch2.jpg 800w, https:\/\/www.swedcham.com.br\/wp-content\/uploads\/2020\/01\/lunch2-600x113.jpg 600w, https:\/\/www.swedcham.com.br\/wp-content\/uploads\/2020\/01\/lunch2-300x56.jpg 300w, https:\/\/www.swedcham.com.br\/wp-content\/uploads\/2020\/01\/lunch2-768x144.jpg 768w\" sizes=\"auto, (max-width: 800px) 100vw, 800px\" \/><\/div>\n<p>&nbsp;<\/p>\n<div>\n<p>&nbsp;<\/p>\n<p><img loading=\"lazy\" decoding=\"async\" class=\"size-medium wp-image-19851 aligncenter\" src=\"https:\/\/www.swedcham.com.br\/wp-content\/uploads\/2020\/01\/sold-out-300x149.jpg\" alt=\"\" width=\"300\" height=\"149\" srcset=\"https:\/\/www.swedcham.com.br\/wp-content\/uploads\/2020\/01\/sold-out-300x149.jpg 300w, https:\/\/www.swedcham.com.br\/wp-content\/uploads\/2020\/01\/sold-out-100x50.jpg 100w, https:\/\/www.swedcham.com.br\/wp-content\/uploads\/2020\/01\/sold-out.jpg 319w\" sizes=\"auto, (max-width: 300px) 100vw, 300px\" \/><\/p>\n<\/div>\n<div>\n<p><strong>Prezados,<\/strong><\/p>\n<p>Convidamos voc\u00eas para come\u00e7ar o ano dividindo suas id\u00e9ias e expectativas com outros membros da Swedcham.<\/p>\n<p>Planejamos um <strong>almo\u00e7o de networking,<\/strong> onde al\u00e9m de conhecerem outros associados e ampliarem sua rede de relacionamentos, poder\u00e3o deixar suas id\u00e9ias e sugest\u00f5es sobre temas e palestrantes para os eventos de 2020.<\/p>\n<p><strong>Contamos com sua presen\u00e7a!<\/strong><\/p>\n<\/div>\n<div><\/div>\n<h3 class=\"m_3176895204764632988m_-7456309968160772443m_-5953347527171562918m_-919258446742338626detail_h3\"><strong>Quando<\/strong><\/h3>\n<p>Sexta-feira, 14 de fevereiro \u00e0s 12:00h.<\/p>\n<h3 class=\"m_3176895204764632988m_-7456309968160772443m_-5953347527171562918m_-919258446742338626detail_h3\"><strong>Onde<\/strong><\/h3>\n<p><strong>Restaurante Maremonti<\/strong><br \/>\nRua Padre Jo\u00e3o Manuel, 1160<br \/>\nJardim Paulista, S\u00e3o Paulo<br \/>\n<a href=\"https:\/\/www.maremonti.com.br\/maremonti\/\" target=\"_blank\" rel=\"noopener\" data-cke-saved-href=\"https:\/\/www.maremonti.com.br\/maremonti\/\">Sobre o Restaurante\u00a0Maremonti<\/a><\/p>\n<h3><strong>Estacionamento<\/strong><\/h3>\n<p>Vallet no local &#8211; R$22,00<\/p>\n<h3><strong>Pre\u00e7o<\/strong><\/h3>\n<p>Associados: R$ 120,00<br \/>\nN\u00e3o associados: R$ 150,00<\/p>\n<p><strong>Incluso:<\/strong>\u00a0Entrada, prato principal, sobremesa, bebida n\u00e3o alco\u00f3lica e caf\u00e9). <a href=\"https:\/\/www.swedcham.com.br\/wp-content\/uploads\/2020\/01\/Menu-Maremonti.pdf\" target=\"_blank\" rel=\"noopener\" data-cke-saved-href=\"https:\/\/www.swedcham.com.br\/wp-content\/uploads\/2020\/01\/Menu-Maremonti.pdf\">Veja card\u00e1pio aqui<\/a><\/p>\n<div>\n<p><strong>RSVP by 12\/02\/2020<\/strong><\/p>\n<\/div>\n<div><\/div>\n<div><\/div>\n","protected":false},"excerpt":{"rendered":"<p>&nbsp; &nbsp; Prezados, Convidamos voc\u00eas para come\u00e7ar o ano dividindo suas id\u00e9ias e expectativas com outros membros da Swedcham. Planejamos<\/p>\n","protected":false},"featured_media":0,"template":"","meta":[],"product_brand":[],"product_cat":[228],"product_tag":[],"class_list":{"0":"post-19703","1":"product","2":"type-product","3":"status-publish","5":"product_cat-our-events","7":"first","8":"outofstock","9":"shipping-taxable","10":"purchasable","11":"product-type-variable"},"_links":{"self":[{"href":"https:\/\/www.swedcham.com.br\/en\/wp-json\/wp\/v2\/product\/19703","targetHints":{"allow":["GET"]}}],"collection":[{"href":"https:\/\/www.swedcham.com.br\/en\/wp-json\/wp\/v2\/product"}],"about":[{"href":"https:\/\/www.swedcham.com.br\/en\/wp-json\/wp\/v2\/types\/product"}],"wp:attachment":[{"href":"https:\/\/www.swedcham.com.br\/en\/wp-json\/wp\/v2\/media?parent=19703"}],"wp:term":[{"taxonomy":"product_brand","embeddable":true,"href":"https:\/\/www.swedcham.com.br\/en\/wp-json\/wp\/v2\/product_brand?post=19703"},{"taxonomy":"product_cat","embeddable":true,"href":"https:\/\/www.swedcham.com.br\/en\/wp-json\/wp\/v2\/product_cat?post=19703"},{"taxonomy":"product_tag","embeddable":true,"href":"https:\/\/www.swedcham.com.br\/en\/wp-json\/wp\/v2\/product_tag?post=19703"}],"curies":[{"name":"wp","href":"https:\/\/api.w.org\/{rel}","templated":true}]}}