{"id":19282,"date":"2019-11-06T16:37:12","date_gmt":"2019-11-06T18:37:12","guid":{"rendered":"https:\/\/www.swedcham.com.br\/events\/coming-events\/estude-na-suecia-na-university-west\/"},"modified":"2019-11-07T11:43:17","modified_gmt":"2019-11-07T13:43:17","slug":"estude-na-suecia-na-university-west","status":"publish","type":"product","link":"https:\/\/www.swedcham.com.br\/en\/product\/our-events\/estude-na-suecia-na-university-west\/","title":{"rendered":"ESTUDE NA SU\u00c9CIA \u00a0NA\u00a0UNIVERSITY WEST\u00a0"},"content":{"rendered":"<p><img loading=\"lazy\" decoding=\"async\" class=\"alignleft wp-image-19280 size-large\" src=\"https:\/\/www.swedcham.com.br\/wp-content\/uploads\/2019\/11\/uw-1024x222.png\" alt=\"\" width=\"604\" height=\"131\" srcset=\"https:\/\/www.swedcham.com.br\/wp-content\/uploads\/2019\/11\/uw-1024x222.png 1024w, https:\/\/www.swedcham.com.br\/wp-content\/uploads\/2019\/11\/uw-600x130.png 600w, https:\/\/www.swedcham.com.br\/wp-content\/uploads\/2019\/11\/uw-300x65.png 300w, https:\/\/www.swedcham.com.br\/wp-content\/uploads\/2019\/11\/uw-768x167.png 768w, https:\/\/www.swedcham.com.br\/wp-content\/uploads\/2019\/11\/uw.png 1250w\" sizes=\"auto, (max-width: 604px) 100vw, 604px\" \/><\/p>\n<p>\u00a0<\/p>\n<p>\u00a0<\/p>\n<p>\u00a0<\/p>\n<p>\u00a0<\/p>\n<p>A Su\u00e9cia \u00e9 mais que Spotify, vikings, Pr\u00eamios Nobel e o jogador Ibrahimovi\u0107: um dos mais receptivos e inovadores sistemas educacionais do mundo. Participe do\u00a0\u201c Fika\u201d da University West na Swedcham \u2013 Vamos mostrar como integrar estudos e carreira em um ambiente internacional focado em tecnologia de ponta na University West.<\/p>\n<p><strong>A UNIVERSITY WEST<\/strong><\/p>\n<p>A University West alinha forma\u00e7\u00e3o acad\u00eamica com vida profissional.\u00a0O campus da universidade fica na cidade de Trollh\u00e4ttan, perto de caf\u00e9s, cinemas, restaurantes e instala\u00e7\u00f5es esportivas, mas tamb\u00e9m perto de uma deslumbrante beleza natural.\u00a0O campus foi constru\u00eddo para atender as necessidades de cerca de 15 mil estudantes e 625 funcion\u00e1rios.<\/p>\n<p><strong>Forma\u00e7\u00e3o para o mercado de trabalho<\/strong><\/p>\n<p>Para a University West, conhecimento \u00e9 adquirido em todos os lugares, n\u00e3o apenas na sala de aula.\u00a0Por essa raz\u00e3o, os programas de estudo integram situa\u00e7\u00f5es que seus estudantes encontrar\u00e3o no mundo exterior \u2013 a chamada Aprendizagem Integrada ao Trabalho.<\/p>\n<p><strong>Ambiente informal<\/strong><\/p>\n<p>Na University West, os estudantes vivenciam um ambiente de estudo aberto e descontra\u00eddo.\u00a0O\u00a0di\u00e1logo e a colabora\u00e7\u00e3o entre alunos e professores \u00e9 estimulado, criando oportunidades de desenvolver novas ideias e projetos acad\u00eamicos inovadores.<\/p>\n<p><strong>A cidade de Trollh\u00e4ttan<\/strong><\/p>\n<p>Trollh\u00e4ttan est\u00e1 situada na costa oeste da Su\u00e9cia e localizada a 35 minutos de trem da segunda maior cidade da Su\u00e9cia, Gotemburgo. A cidade \u00e9 dividida pelo rio G\u00f6ta, que proporciona uma atra\u00e7\u00e3o \u00e0 parte, por meio de suas espetaculares cachoeiras e exuberantes belezas naturais. Al\u00e9m disso, a\u00a0cidade de\u00a0Trollh\u00e4ttan \u00e9 sede de v\u00e1rias empresas de alta tecnologia, como a GKN Aerospace e a NEVS (National Electric Vehicle Sweden).<\/p>\n<h3 class=\"m_3176895204764632988m_-7456309968160772443m_-5953347527171562918m_-919258446742338626detail_h3\"><strong>Quando<\/strong><\/h3>\n<p>Quinta-feira, 28 de Novembro de 2019, \u00e0s\u00a017:30h<\/p>\n<h3 class=\"m_3176895204764632988m_-7456309968160772443m_-5953347527171562918m_-919258446742338626detail_h3\"><strong>Onde<\/strong><\/h3>\n<p><strong>Swedcham<\/strong><br \/>\nRua Oscar Freire, 379, 12\u00ba andar, Cj 121<br \/>\nCerqueira C\u00e9sar<\/p>\n<p><strong>900 metros da esta\u00e7\u00e3o Oscar Freire de metr\u00f4<\/strong><\/p>\n<h3><strong>Estacionamento<\/strong><\/h3>\n<p><span class=\"m_8215363500706865736m_-1492442068443120964mc-toc-title\">Indicamos o estacionamento do Hotel Regent Park. Rua Oscar Freire, 533.<\/span><\/p>\n<h3 class=\"m_3176895204764632988m_-7456309968160772443m_-5953347527171562918m_-919258446742338626detail_h3\"><strong>Agenda<\/strong><\/h3>\n<p>17:30 \u2013 Welcome Coffee<\/p>\n<p>18:00 \u2013 Boas vindas \u2013\u00a0<strong>Jonas Lindstr\u00f6m \u2013\u00a0Diretor Executivo da Swedcham<\/strong><\/p>\n<p>18:45 \u2013 Apresenta\u00e7\u00e3o \u2013 <strong>Prof. Dr. Jovane Medina Azevedo \u2013\u00a0Representante da University West <\/strong><\/p>\n<p>\u2013 Por que estudar na Su\u00e9cia?<br \/>\n\u2013 A University\u00a0West e a cidade de Trollh\u00e4ttan<br \/>\n\u2013 Programas oferecidos em ingl\u00eas<br \/>\n\u2013 Tutions e bolsas de estudos<br \/>\n\u2013 Vida acad\u00eamica na Su\u00e9cia e custo de vida<br \/>\n\u2013 Perguntas e respostas<\/p>\n<p>18:45 \u2013 19:20 \u2013 Fika\/Networking.<\/p>\n<h3><strong>Idioma<\/strong><\/h3>\n<p>Portugu\u00eas<\/p>\n<h3><strong>Mais sobre a UW:<\/strong><\/h3>\n<p><a href=\"https:\/\/www.youtube.com\/watch?v=piiRrApfPXo\" target=\"_blank\" rel=\"noopener\" data-cke-saved-href=\"https:\/\/www.youtube.com\/watch?v=piiRrApfPXo\">V\u00eddeo sobre a University West<\/a><\/p>\n<p><a href=\"https:\/\/www.swedcham.com.br\/wp-content\/uploads\/2019\/11\/Flyer_internationell_brasilien.pdf\" target=\"_blank\" rel=\"noopener\" data-cke-saved-href=\"https:\/\/www.swedcham.com.br\/wp-content\/uploads\/2019\/11\/Flyer_internationell_brasilien.pdf\">Flyer em portugu\u00eas\u00a0<\/a><\/p>\n<p><a href=\"https:\/\/www.swedcham.com.br\/wp-content\/uploads\/2019\/11\/brochure_UW_2020.pdf\" target=\"_blank\" rel=\"noopener\" data-cke-saved-href=\"https:\/\/www.swedcham.com.br\/wp-content\/uploads\/2019\/11\/brochure_UW_2020.pdf\">Brochure UW 2020<\/a><\/p>\n<div><span class=\"m_8215363500706865736m_-1492442068443120964mc-toc-title\">Reservas:\u00a0<\/span>RSVP by <strong>26\/11\/2019<\/strong><\/div>\n<div><\/div>\n<div><\/div>\n<div><a href=\"mailto:eventos@swedcham.com.br\">eventos@swedcham.com.br<\/a><\/div>\n","protected":false},"excerpt":{"rendered":"<p>\u00a0 \u00a0 \u00a0 \u00a0 A Su\u00e9cia \u00e9 mais que Spotify, vikings, Pr\u00eamios Nobel e o jogador Ibrahimovi\u0107: um dos mais<\/p>\n","protected":false},"featured_media":0,"template":"","meta":[],"product_brand":[],"product_cat":[228],"product_tag":[],"class_list":{"0":"post-19282","1":"product","2":"type-product","3":"status-publish","5":"product_cat-our-events","7":"first","8":"instock","9":"shipping-taxable","10":"product-type-simple"},"_links":{"self":[{"href":"https:\/\/www.swedcham.com.br\/en\/wp-json\/wp\/v2\/product\/19282","targetHints":{"allow":["GET"]}}],"collection":[{"href":"https:\/\/www.swedcham.com.br\/en\/wp-json\/wp\/v2\/product"}],"about":[{"href":"https:\/\/www.swedcham.com.br\/en\/wp-json\/wp\/v2\/types\/product"}],"wp:attachment":[{"href":"https:\/\/www.swedcham.com.br\/en\/wp-json\/wp\/v2\/media?parent=19282"}],"wp:term":[{"taxonomy":"product_brand","embeddable":true,"href":"https:\/\/www.swedcham.com.br\/en\/wp-json\/wp\/v2\/product_brand?post=19282"},{"taxonomy":"product_cat","embeddable":true,"href":"https:\/\/www.swedcham.com.br\/en\/wp-json\/wp\/v2\/product_cat?post=19282"},{"taxonomy":"product_tag","embeddable":true,"href":"https:\/\/www.swedcham.com.br\/en\/wp-json\/wp\/v2\/product_tag?post=19282"}],"curies":[{"name":"wp","href":"https:\/\/api.w.org\/{rel}","templated":true}]}}