{"id":19192,"date":"2019-10-22T15:08:10","date_gmt":"2019-10-22T17:08:10","guid":{"rendered":"https:\/\/www.swedcham.com.br\/?post_type=product&#038;p=19192"},"modified":"2019-10-22T15:08:11","modified_gmt":"2019-10-22T17:08:11","slug":"jantar-sueco-de-fim-de-ano","status":"publish","type":"product","link":"https:\/\/www.swedcham.com.br\/en\/product\/our-events\/jantar-sueco-de-fim-de-ano\/","title":{"rendered":"Jantar sueco de fim de ano!"},"content":{"rendered":"<div dir=\"ltr\">\n<p><img loading=\"lazy\" decoding=\"async\" class=\"alignleft wp-image-19193 size-full\" src=\"https:\/\/www.swedcham.com.br\/wp-content\/uploads\/2019\/10\/banner4.jpg\" alt=\"\" width=\"737\" height=\"147\" srcset=\"https:\/\/www.swedcham.com.br\/wp-content\/uploads\/2019\/10\/banner4.jpg 737w, https:\/\/www.swedcham.com.br\/wp-content\/uploads\/2019\/10\/banner4-600x120.jpg 600w, https:\/\/www.swedcham.com.br\/wp-content\/uploads\/2019\/10\/banner4-300x60.jpg 300w\" sizes=\"auto, (max-width: 737px) 100vw, 737px\" \/><\/p>\n<p>&nbsp;<\/p>\n<p>&nbsp;<\/p>\n<p><span style=\"color: #ff0000;\"><strong>O Natal da Swedcham est\u00e1 Chegando!<\/strong><\/span><\/p>\n<p>A C\u00e2mara de Com\u00e9rcio Sueco Brasileira tem o prazer de convid\u00e1-lo(la) para o tradicional\u00a0<strong>Julbord<\/strong>\u00a0sueco.<\/p>\n<p><strong>Julbord<\/strong>:\u00a0<strong>gravad lax<\/strong>&#8211;\u00a0salm\u00e3o marinado cl\u00e1ssico com dill,\u00a0<strong>r\u00f6kt lax<\/strong>\u00a0&#8211;\u00a0salm\u00e3o defumado,\u00a0<strong>sill\u00a0<\/strong>&#8211; arenque marinado,\u00a0<strong>prinskorv\u00a0<\/strong>&#8211;\u00a0mini salsicha,\u00a0<strong>k\u00f6ttbullar<\/strong>\u00a0&#8211; alm\u00f4ndegas,\u00a0<strong>julskinka\u00a0<\/strong>&#8211;\u00a0tender,\u00a0<strong>Janssons\u00a0frestelse<\/strong>\u00a0&#8211; gratinado de batata com anchovas,\u00a0<strong>r\u00f6dbetssallad\u00a0<\/strong>&#8211; salada de beterraba,\u00a0queijos, p\u00e3es suecos entre outros.<\/p>\n<p>Sobremesas: Salada de Frutas da Esta\u00e7\u00e3o e Sorvete de\u00a0Creme<\/p>\n<p>Open Bar: Caipirinhas,\u00a0<strong>Snaps &#8211; Aquavit<\/strong>\u00a0e\u00a0Cerveja<\/p>\n<p>Durante a festa, a\u00a0ONG escandinava, Children at Risk Foundation <a href=\"https:\/\/www.kolibricarf.no\/en\/\" target=\"_blank\" rel=\"noopener\" data-cke-saved-href=\"https:\/\/www.kolibricarf.no\/en\/\">(CARF)\u00a0<\/a>e sua organiza\u00e7\u00e3o no Brasil, Rede Cultural Beija-Flor\u00a0<a href=\"https:\/\/redeculturalbeijaflor.org.br\/\" target=\"_blank\" rel=\"noopener\" data-cke-saved-href=\"https:\/\/redeculturalbeijaflor.org.br\/\">(RCBF),<\/a>\u00a0far\u00e1 um breve espet\u00e1culo\u00a0de Dan\u00e7as Tribais apresentado por jovens que participam em seus projetos sociais!<\/p>\n<p>Haver\u00e3o sorteios de pr\u00eamios doados por nossos associados!<\/p>\n<p>A nova embaixadora sueca no Brasil a Sra. Johanna Brismar-Skoog\u00a0 confirmou sua presen\u00e7a.<\/p>\n<p><strong>Traga seus amigos e venha comemorar o Natal mais\u00a0Sueco de S\u00e3o Paulo!<\/strong><\/p>\n<p>&nbsp;<\/p>\n<h3>Quando<\/h3>\n<\/div>\n<p class=\"m_3176895204764632988m_-7456309968160772443m_-5953347527171562918m_-919258446742338626detail_h3\">Sexta-feira, 6 de dezembro \u00e0s 18:00h..<\/p>\n<h3 class=\"m_3176895204764632988m_-7456309968160772443m_-5953347527171562918m_-919258446742338626detail_h3\"><strong>Onde<\/strong><\/h3>\n<p>Scandinavium<br \/>\nRua Job Lane, 1030<br \/>\nJardim Petr\u00f3polis, S\u00e3o Paulo, 04639-001<\/p>\n<p>A Igreja \u00e9 localizada perto das esta\u00e7\u00f5es Borba Gato e Brooklin da linha 5 de metr\u00f4.<\/p>\n<h3><strong>Investimento<\/strong><\/h3>\n<p>Associados: R$250,00<br \/>\nCasal associados: R$480,00<br \/>\nN\u00e3o associados: R$280,00<br \/>\nCasal n\u00e3o associados: R$540,00<\/p>\n<p><strong>Entre em contato para saber sobre descontos para grupos de 8 ou 10 pessoas.<\/strong><\/p>\n<p>Reservas<\/p>\n<p>At\u00e9 3\/12!<\/p>\n<p>[extra_wrap]<\/p>\n","protected":false},"excerpt":{"rendered":"<p>&nbsp; &nbsp; O Natal da Swedcham est\u00e1 Chegando! A C\u00e2mara de Com\u00e9rcio Sueco Brasileira tem o prazer de convid\u00e1-lo(la) para<\/p>\n","protected":false},"featured_media":0,"template":"","meta":[],"product_brand":[],"product_cat":[228],"product_tag":[],"class_list":{"0":"post-19192","1":"product","2":"type-product","3":"status-publish","5":"product_cat-our-events","7":"first","8":"instock","9":"shipping-taxable","10":"purchasable","11":"product-type-variable"},"_links":{"self":[{"href":"https:\/\/www.swedcham.com.br\/en\/wp-json\/wp\/v2\/product\/19192","targetHints":{"allow":["GET"]}}],"collection":[{"href":"https:\/\/www.swedcham.com.br\/en\/wp-json\/wp\/v2\/product"}],"about":[{"href":"https:\/\/www.swedcham.com.br\/en\/wp-json\/wp\/v2\/types\/product"}],"wp:attachment":[{"href":"https:\/\/www.swedcham.com.br\/en\/wp-json\/wp\/v2\/media?parent=19192"}],"wp:term":[{"taxonomy":"product_brand","embeddable":true,"href":"https:\/\/www.swedcham.com.br\/en\/wp-json\/wp\/v2\/product_brand?post=19192"},{"taxonomy":"product_cat","embeddable":true,"href":"https:\/\/www.swedcham.com.br\/en\/wp-json\/wp\/v2\/product_cat?post=19192"},{"taxonomy":"product_tag","embeddable":true,"href":"https:\/\/www.swedcham.com.br\/en\/wp-json\/wp\/v2\/product_tag?post=19192"}],"curies":[{"name":"wp","href":"https:\/\/api.w.org\/{rel}","templated":true}]}}