{"id":19023,"date":"2019-10-08T13:42:10","date_gmt":"2019-10-08T16:42:10","guid":{"rendered":"https:\/\/www.swedcham.com.br\/events\/coming-events\/reducao-de-custo-e-gestao-em-telecom-ti\/"},"modified":"2019-10-08T14:24:19","modified_gmt":"2019-10-08T17:24:19","slug":"reducao-de-custo-e-gestao-em-telecom-ti","status":"publish","type":"product","link":"https:\/\/www.swedcham.com.br\/en\/product\/our-events\/reducao-de-custo-e-gestao-em-telecom-ti\/","title":{"rendered":"Redu\u00e7\u00e3o de Custo e Gest\u00e3o em Telecom\/TI"},"content":{"rendered":"<p><img loading=\"lazy\" decoding=\"async\" class=\"alignleft wp-image-19017 size-large\" src=\"https:\/\/www.swedcham.com.br\/wp-content\/uploads\/2019\/10\/ATKIS-1024x195.png\" alt=\"\" width=\"604\" height=\"115\" srcset=\"https:\/\/www.swedcham.com.br\/wp-content\/uploads\/2019\/10\/ATKIS-1024x195.png 1024w, https:\/\/www.swedcham.com.br\/wp-content\/uploads\/2019\/10\/ATKIS-600x114.png 600w, https:\/\/www.swedcham.com.br\/wp-content\/uploads\/2019\/10\/ATKIS-300x57.png 300w, https:\/\/www.swedcham.com.br\/wp-content\/uploads\/2019\/10\/ATKIS-768x146.png 768w, https:\/\/www.swedcham.com.br\/wp-content\/uploads\/2019\/10\/ATKIS.png 1052w\" sizes=\"auto, (max-width: 604px) 100vw, 604px\" \/><\/p>\n<p>\u00a0<\/p>\n<p>\u00a0<\/p>\n<p>\u00a0<\/p>\n<p>\u00a0<\/p>\n<p><strong>A C\u00e2mara de Com\u00e9rcio\u00a0Sueco- Brasileira em parceria com a empresa associada\u00a0ATIKS convidam para a\u00a0apresenta\u00e7\u00e3o\u00a0sobre:<\/strong><\/p>\n<p><strong>Redu\u00e7\u00e3o de Custo e Gest\u00e3o em Telecom\/TI<\/strong><\/p>\n<p>Telecom pode representar entre 15 % a 20%\u00a0 dos gastos de uma empresa.<br \/>\nVenha saber como gastar\u00a0em m\u00e9dia\u00a020% a menos na sua empresa com telecomunica\u00e7\u00f5es!<\/p>\n<div><\/div>\n<div>\n<p>A\u00a0<strong>ATIKS\u00a0<\/strong>\u00e9 uma empresa\u00a0focada na Redu\u00e7\u00e3o de Custo\/Gest\u00e3o de Telecom\/TI , que atrav\u00e9s da implanta\u00e7\u00e3o do Software ATIKS juntamente com uma equipe especializada, atua na\u00a0melhoraria\u00a0nos processos de gest\u00e3o e controle\u00a0, resultando em\u00a0grandes\u00a0redu\u00e7\u00f5es de custos\u00a0cont\u00ednuos\u00a0nas plantas de telecomunica\u00e7\u00f5es (Fixo, M\u00f3vel e Dados) entre outros processos de TI.<\/p>\n<p><strong>Alguns de seus clientes:<\/strong><\/p>\n<p>Ford Motors \u2013 Panasonic\u00a0\u2013 Cocamar\u00a0\u2013\u00a0Avis\u00a0\u2013 Hospital S\u00edrio Liban\u00eas \u2013 Lefosse Advocacia \u2013 Merieux \u2013 Polishop \u2013 Produquimica \u2013 Saphyr Shopping Centers \u2013 Schaeffler \u2013\u00a0Supermercado Pague Menos \u2013 Central Nacional Unimed \u2013 Rede \u00edmpar \u2013 Hospital S\u00e3o Crist\u00f3v\u00e3o \u2013 Grupo\u00a0Vigorito\u00a0\u2013 Grupo Dahruj entre outros<\/p>\n<h3><\/h3>\n<p><strong>Palestrante:<\/strong><\/p>\n<p class=\"m_3630756642185695850normal\" style=\"text-align: left;\"><img loading=\"lazy\" decoding=\"async\" class=\"alignleft wp-image-19019 size-medium\" src=\"https:\/\/www.swedcham.com.br\/wp-content\/uploads\/2019\/10\/teste-2-300x280.png\" alt=\"\" width=\"300\" height=\"280\" \/><\/p>\n<p style=\"font-weight: 400;\"><strong>Alessandro V. C. Vasques<\/strong>\u00a0\u2013\u00a0Profissional formado em Engenharia El\u00e9trica pela Universidade Mackenzie, com Programa de P\u00f3s-Gradua\u00e7\u00e3o em Administra\u00e7\u00e3o de Empresas pela FAAP e MBA Executivo pelo IBMEC (atualmente Insper).\u00a0Gerenciamento de equipes multidisciplinares e experi\u00eancia internacional (EUA \/ \u00cdndia) na implementa\u00e7\u00e3o de projetos; \u00a0Experi\u00eancia em multinacionais de Tecnologia da Informa\u00e7\u00e3o e Telecom, empresas locais e startups nas \u00e1reas de Opera\u00e7\u00f5es (envolvendo todas as \u00e1reas como Call Center, Suporte T\u00e9cnico, Qualidade, Projetos e TI), Vendas e Design de Sistemas (Implanta\u00e7\u00e3o de Software e Manuten\u00e7\u00e3o de Sistema). \u00c9 S\u00f3cio\/Presidente da ATIKS.<\/p>\n<h3><\/h3>\n<p>\u00a0<\/p>\n<h3 class=\"m_3176895204764632988m_-7456309968160772443m_-5953347527171562918m_-919258446742338626detail_h3\"><strong>Quando<\/strong><\/h3>\n<p>Ter\u00e7a-feira, 05\u00a0de novembro\u00a0de 2019 \u00e0s 18:30h.<\/p>\n<h3 class=\"m_3176895204764632988m_-7456309968160772443m_-5953347527171562918m_-919258446742338626detail_h3\"><strong>Onde<\/strong><\/h3>\n<p><strong>Swedcham<\/strong><br \/>\nRua Oscar Freire, 379, 12\u00ba andar, Cj 121<br \/>\nCerqueira C\u00e9sar<\/p>\n<p><strong>900 metros da esta\u00e7\u00e3o Oscar Freire de metr\u00f4<\/strong><\/p>\n<h3><strong>Estacionamento<\/strong><\/h3>\n<p><span class=\"m_8215363500706865736m_-1492442068443120964mc-toc-title\">Indicamos o estacionamento do Hotel Regent Park. Rua Oscar Freire, 533.<\/span><\/p>\n<h3 class=\"m_3176895204764632988m_-7456309968160772443m_-5953347527171562918m_-919258446742338626detail_h3\"><strong>Agenda<\/strong><\/h3>\n<p>18:30 Welcome coffee<\/p>\n<p>18:55\u00a0Boas vindas: Jonas Lindstr\u00f6m \u2013 Swedcham<\/p>\n<p>19:00\u00a0Apresenta\u00e7\u00e3o:\u00a0Alessandro V. C. Vasques<\/p>\n<p>19:35 Case \u2013\u00a0Rede\u00a0\u00cdmpar \u2013 Alan\u00a0Luiz Balbino de Oliveira \u2013 Gerente de TI\/Infra Estrutura<\/p>\n<p>19:50\u00a0Happy Hour<\/p>\n<h3><strong>Idioma<\/strong><\/h3>\n<p>Portugu\u00eas<\/p>\n<h3><strong>Investimento<\/strong><\/h3>\n<p>Associados da Swedcham : Gratuito<\/p>\n<p>N\u00e3o associados: R$50,00<\/p>\n<div><span class=\"m_8215363500706865736m_-1492442068443120964mc-toc-title\">Reservas:\u00a0<\/span>RSVP by 04\/11\/2019<\/div>\n<div><\/div>\n<div><\/div>\n<div><strong>Members: <\/strong><a href=\"mailto:eventos@swedcham.com.br\">eventos@swedcham.com.br<\/a><\/div>\n<\/div>\n","protected":false},"excerpt":{"rendered":"<p>\u00a0 \u00a0 \u00a0 \u00a0 A C\u00e2mara de Com\u00e9rcio\u00a0Sueco- Brasileira em parceria com a empresa associada\u00a0ATIKS convidam para a\u00a0apresenta\u00e7\u00e3o\u00a0sobre: Redu\u00e7\u00e3o de<\/p>\n","protected":false},"featured_media":0,"template":"","meta":[],"product_brand":[],"product_cat":[228],"product_tag":[],"class_list":{"0":"post-19023","1":"product","2":"type-product","3":"status-publish","5":"product_cat-our-events","7":"first","8":"instock","9":"shipping-taxable","10":"purchasable","11":"product-type-variable"},"_links":{"self":[{"href":"https:\/\/www.swedcham.com.br\/en\/wp-json\/wp\/v2\/product\/19023","targetHints":{"allow":["GET"]}}],"collection":[{"href":"https:\/\/www.swedcham.com.br\/en\/wp-json\/wp\/v2\/product"}],"about":[{"href":"https:\/\/www.swedcham.com.br\/en\/wp-json\/wp\/v2\/types\/product"}],"wp:attachment":[{"href":"https:\/\/www.swedcham.com.br\/en\/wp-json\/wp\/v2\/media?parent=19023"}],"wp:term":[{"taxonomy":"product_brand","embeddable":true,"href":"https:\/\/www.swedcham.com.br\/en\/wp-json\/wp\/v2\/product_brand?post=19023"},{"taxonomy":"product_cat","embeddable":true,"href":"https:\/\/www.swedcham.com.br\/en\/wp-json\/wp\/v2\/product_cat?post=19023"},{"taxonomy":"product_tag","embeddable":true,"href":"https:\/\/www.swedcham.com.br\/en\/wp-json\/wp\/v2\/product_tag?post=19023"}],"curies":[{"name":"wp","href":"https:\/\/api.w.org\/{rel}","templated":true}]}}