{"id":18522,"date":"2019-08-06T10:46:59","date_gmt":"2019-08-06T13:46:59","guid":{"rendered":"https:\/\/www.swedcham.com.br\/events\/coming-events\/os-desafios-de-comunicacao-corporativa-das-companhias-multinacionais-na-america-latina-em-um-mundo-vuca\/"},"modified":"2019-08-06T10:46:59","modified_gmt":"2019-08-06T13:46:59","slug":"os-desafios-de-comunicacao-corporativa-das-companhias-multinacionais-na-america-latina-em-um-mundo-vuca","status":"publish","type":"product","link":"https:\/\/www.swedcham.com.br\/en\/product\/our-events\/os-desafios-de-comunicacao-corporativa-das-companhias-multinacionais-na-america-latina-em-um-mundo-vuca\/","title":{"rendered":"Os desafios de comunica\u00e7\u00e3o corporativa das companhias multinacionais na Am\u00e9rica Latina em um mundo VUCA"},"content":{"rendered":"<div dir=\"ltr\">\n<p>&nbsp;<\/p>\n<p>O comit\u00ea de Comunica\u00e7\u00e3o\u00a0e Marketing tem\u00a0o prazer de convid\u00e1-los a participar de caf\u00e9 da manh\u00e3 e debate com <strong>Jos\u00e9 Antonio Llorente<\/strong>, s\u00f3cio fundador e presidente da LLYC (Llorente y Cuenca), uma das principais consultorias de gest\u00e3o de reputa\u00e7\u00e3o do mundo.<\/p>\n<p>Na conversa com executivos da \u00e1rea de comunica\u00e7\u00e3o das empresas associadas \u00e0 Swedcham, Llorente vai abordar <strong>os desafios de comunica\u00e7\u00e3o corporativa das companhias multinacionais na Am\u00e9rica Latina em um mundo VUCA (vol\u00e1til, incerto, complexo e amb\u00edguo)<\/strong>, compartilhando experi\u00eancias de 25 anos \u00e0 frente da consultoria l\u00edder nos mercados da Ib\u00e9ria e Am\u00e9rica Latina, \u00a0presente em 13 pa\u00edses com mais de 500 consultores.<\/p>\n<p>Jos\u00e9 Antonio Llorente \u00e9 um dos maiores especialistas do mundo em comunica\u00e7\u00e3o corporativa. Foi o primeiro profissional espanhol a receber o pr\u00eamio SABRE Awards por Outstanding Individual Achievement, concedido pela The Holmes Report.<\/p>\n<\/div>\n<h3 class=\"m_3176895204764632988m_-7456309968160772443m_-5953347527171562918m_-919258446742338626detail_h3\"><strong>Quando<\/strong><\/h3>\n<p><span class=\"m_8215363500706865736m_-1492442068443120964mc-toc-title\">Quarta-feira, 28\u00a0de agosto\u00a0de 2019 \u00e0s 08:30h.<\/span><\/p>\n<h3 class=\"m_3176895204764632988m_-7456309968160772443m_-5953347527171562918m_-919258446742338626detail_h3\"><strong>Onde<\/strong><\/h3>\n<p><strong>Swedcham<\/strong><br \/>\nRua Oscar Freire, 379, 12\u00ba andar, Cj 121<br \/>\nCerqueira C\u00e9sar<\/p>\n<p><strong>900 metros da nova esta\u00e7\u00e3o Oscar Freire de metr\u00f4<\/strong><\/p>\n<h3><strong>Estacionamento<\/strong><\/h3>\n<p><span class=\"m_8215363500706865736m_-1492442068443120964mc-toc-title\">Indicamos o estacionamento do Hotel Regent Park. Rua Oscar Freire, 533.<\/span><\/p>\n<h3 class=\"m_3176895204764632988m_-7456309968160772443m_-5953347527171562918m_-919258446742338626detail_h3\"><strong>Agenda<\/strong><\/h3>\n<p><span class=\"m_8215363500706865736m_-1492442068443120964mc-toc-title\">09:00 Welcome coffee<\/span><\/p>\n<p>09:25 Boas vindas: Sergio Quiroga- Swedcham<\/p>\n<p>09:30 Apresenta\u00e7\u00e3o: <strong>Jos\u00e9 Antonio Llorente<\/strong><\/p>\n<p>10:20\u00a0 Q&amp;A<\/p>\n<p><span class=\"m_8215363500706865736m_-1492442068443120964mc-toc-title\">10:30\u00a0Caf\u00e9 e\u00a0networking<\/span><\/p>\n<h3><strong>Idioma<\/strong><\/h3>\n<p>Portugu\u00eas<\/p>\n<h3><strong>Investimento<\/strong><\/h3>\n<p>Associados: Gratuito<\/p>\n<p>N\u00e3o associados: R$50,00<\/p>\n<div>RSVP by 26\/08\/2019<\/div>\n<div><\/div>\n<div><\/div>\n<div><strong>Members: <\/strong><a href=\"mailto:eventos@swedcham.com.br\">eventos@swedcham.com.br<\/a><\/div>\n<p>[extra_wrap]<\/p>\n","protected":false},"excerpt":{"rendered":"<p>&nbsp; O comit\u00ea de Comunica\u00e7\u00e3o\u00a0e Marketing tem\u00a0o prazer de convid\u00e1-los a participar de caf\u00e9 da manh\u00e3 e debate com Jos\u00e9<\/p>\n","protected":false},"featured_media":0,"template":"","meta":[],"product_brand":[],"product_cat":[228],"product_tag":[],"class_list":{"0":"post-18522","1":"product","2":"type-product","3":"status-publish","5":"product_cat-our-events","7":"first","8":"instock","9":"shipping-taxable","10":"purchasable","11":"product-type-variable"},"_links":{"self":[{"href":"https:\/\/www.swedcham.com.br\/en\/wp-json\/wp\/v2\/product\/18522","targetHints":{"allow":["GET"]}}],"collection":[{"href":"https:\/\/www.swedcham.com.br\/en\/wp-json\/wp\/v2\/product"}],"about":[{"href":"https:\/\/www.swedcham.com.br\/en\/wp-json\/wp\/v2\/types\/product"}],"wp:attachment":[{"href":"https:\/\/www.swedcham.com.br\/en\/wp-json\/wp\/v2\/media?parent=18522"}],"wp:term":[{"taxonomy":"product_brand","embeddable":true,"href":"https:\/\/www.swedcham.com.br\/en\/wp-json\/wp\/v2\/product_brand?post=18522"},{"taxonomy":"product_cat","embeddable":true,"href":"https:\/\/www.swedcham.com.br\/en\/wp-json\/wp\/v2\/product_cat?post=18522"},{"taxonomy":"product_tag","embeddable":true,"href":"https:\/\/www.swedcham.com.br\/en\/wp-json\/wp\/v2\/product_tag?post=18522"}],"curies":[{"name":"wp","href":"https:\/\/api.w.org\/{rel}","templated":true}]}}