{"id":18483,"date":"2019-08-02T11:28:42","date_gmt":"2019-08-02T14:28:42","guid":{"rendered":"https:\/\/www.swedcham.com.br\/events\/coming-events\/after-work-com-artsoppa-och-punsch-6\/"},"modified":"2019-08-02T11:28:42","modified_gmt":"2019-08-02T14:28:42","slug":"after-work-com-artsoppa-och-punsch-6","status":"publish","type":"product","link":"https:\/\/www.swedcham.com.br\/en\/product\/our-events\/after-work-com-artsoppa-och-punsch-6\/","title":{"rendered":"After Work com \u00c4rtsoppa och Punsch"},"content":{"rendered":"<p>Bem-vindo \u00e0 nossa popular &#8220;Sopa de Ervilhas e Ponche&#8221;<\/p>\n<p style=\"text-align: justify;\"><a href=\"https:\/\/www.swedcham.com.br\/wp-content\/uploads\/2015\/03\/Artsoppa-och-Punsch.jpg\"><img loading=\"lazy\" decoding=\"async\" class=\"wp-image-4743 size-full alignleft\" src=\"https:\/\/www.swedcham.com.br\/wp-content\/uploads\/2015\/03\/Artsoppa-och-Punsch.jpg\" alt=\"\" width=\"200\" height=\"150\" \/><\/a>Baseada numa tradi\u00e7\u00e3o dos tempos dos Vikings, a sopa de ervilhas \u00e9 uma receita muito apreciada na Su\u00e9cia. Os restaurantes suecos e as escolas servem este prato t\u00edpico no almo\u00e7o \u00e0s quintas-feiras, seguido de uma saborosa panqueca doce. Nas festas e jantares universit\u00e1rios a sopa tamb\u00e9m \u00e9 consumida, mas sempre acompanhada de um delicioso punsch servido quente ou frio. O punsch \u00e9 um licor t\u00edpico da Su\u00e9cia, envelhecido em barris de madeira, e produzido a partir de gr\u00e3os e ervas n\u00f3rdicas.<\/p>\n<p style=\"text-align: justify;\">A <span class=\"m_-1285450002870965257m_4176500078504465240il\">pastora<\/span> <span class=\"m_-1285450002870965257m_4176500078504465240il\">\u00c5sa<\/span> Str\u00f6m Broman estar\u00e1 presente!<\/p>\n<p style=\"text-align: justify;\"><strong>Venha e fa\u00e7a desse Happy Hour uma noite agrad\u00e1vel e divertida! <\/strong><\/p>\n\n<h3>Quando<\/h3>\n<p><strong>Quinta-feira, 26 de setembro, 2019 \u00e0s 19h30min<\/strong><\/p>\n<h3>Onde<\/h3>\n<p>Igreja Escandinava &#8211; Rua Job Lane, 1030 &#8211; Santo Amaro<br \/>\nTelefone: (11) 5687-8829<\/p>\n<h3>O que<\/h3>\n<p>Os pratos a seguir est\u00e3o inclusos no pre\u00e7o do convite:<\/p>\n<p><strong>Prato Principal<\/strong>: \u00c4rtsoppa (Sopa de ervilhas)<br \/>\n<strong>Sobremesa<\/strong>: Panqueca<br \/>\n<strong>Bebidas<\/strong>: Um copo de ponche e 2 cervejas<\/p>\n<p>(qualquer bebida adicional ser\u00e1 cobrada separadamente).<br \/>\n[extra_wrap]<\/p>\n<h3>Pre\u00e7o<\/h3>\n<p>R$ 40,00 (Pagamento para a Igreja na hora da chegada)<\/p>\n<h3>Reservas<\/h3>\n<p>Por favor, envie um e-mail para a Swedcham confirmando sua presen\u00e7a para: <a href=\"mailto:reservas@swedcham.com.br\">reservas@swedcham.com.br<\/a><\/p>\n<p>Em caso de d\u00favidas, por favor entre em contato com a Swedcham: (11) 3066-2550, ou a igreja: (11) 5687-8829<\/p>\n<p>[\/extra_wrap]<\/p>\n","protected":false},"excerpt":{"rendered":"<p>Bem-vindo \u00e0 nossa popular &#8220;Sopa de Ervilhas e Ponche&#8221; Baseada numa tradi\u00e7\u00e3o dos tempos dos Vikings, a sopa de ervilhas<\/p>\n","protected":false},"featured_media":0,"template":"","meta":[],"product_brand":[],"product_cat":[228],"product_tag":[],"class_list":{"0":"post-18483","1":"product","2":"type-product","3":"status-publish","5":"product_cat-our-events","7":"first","8":"instock","9":"shipping-taxable","10":"product-type-simple"},"_links":{"self":[{"href":"https:\/\/www.swedcham.com.br\/en\/wp-json\/wp\/v2\/product\/18483","targetHints":{"allow":["GET"]}}],"collection":[{"href":"https:\/\/www.swedcham.com.br\/en\/wp-json\/wp\/v2\/product"}],"about":[{"href":"https:\/\/www.swedcham.com.br\/en\/wp-json\/wp\/v2\/types\/product"}],"wp:attachment":[{"href":"https:\/\/www.swedcham.com.br\/en\/wp-json\/wp\/v2\/media?parent=18483"}],"wp:term":[{"taxonomy":"product_brand","embeddable":true,"href":"https:\/\/www.swedcham.com.br\/en\/wp-json\/wp\/v2\/product_brand?post=18483"},{"taxonomy":"product_cat","embeddable":true,"href":"https:\/\/www.swedcham.com.br\/en\/wp-json\/wp\/v2\/product_cat?post=18483"},{"taxonomy":"product_tag","embeddable":true,"href":"https:\/\/www.swedcham.com.br\/en\/wp-json\/wp\/v2\/product_tag?post=18483"}],"curies":[{"name":"wp","href":"https:\/\/api.w.org\/{rel}","templated":true}]}}