{"id":17908,"date":"2019-04-03T14:43:24","date_gmt":"2019-04-03T17:43:24","guid":{"rendered":"https:\/\/www.swedcham.com.br\/events\/coming-events\/conheca-as-tendencias-do-sxsw-2019\/"},"modified":"2019-04-03T14:46:44","modified_gmt":"2019-04-03T17:46:44","slug":"conheca-as-tendencias-do-sxsw-2019","status":"publish","type":"product","link":"https:\/\/www.swedcham.com.br\/en\/product\/our-events\/conheca-as-tendencias-do-sxsw-2019\/","title":{"rendered":"Conhe\u00e7a as tend\u00eancias do SXSW 2019"},"content":{"rendered":"<div dir=\"ltr\">\n<p><strong>A C\u00e2mara Sueca\u00a0tem\u00a0a honra de convidar para\u00a0apresenta\u00e7\u00e3o:<\/strong><\/p>\n<p><strong>Conhe\u00e7a as tend\u00eancias do SXSW 2019<\/strong><\/p>\n<p>O maior evento de inova\u00e7\u00e3o do mundo, o SXSW, aconteceu mais uma vez no Texas e a MSL esteve presente com sua diretora de Inova\u00e7\u00e3o e Novos Neg\u00f3cios, Carolina Fullen, para compartilhar os principais\u00a0insights\u00a0que v\u00e3o transformar os processos de comunica\u00e7\u00e3o. Rela\u00e7\u00e3o entre criatividade e tecnologia, captura de momentos e at\u00e9 os segredos da CIA para a solu\u00e7\u00e3o criativa de problemas s\u00e3o alguns destaques desse encontro!<\/p>\n<\/div>\n<div dir=\"ltr\"><\/div>\n<div dir=\"ltr\"><strong>Palestrante:<\/strong><\/div>\n<p class=\"m_3630756642185695850normal\"><img loading=\"lazy\" decoding=\"async\" class=\"wp-image-17904 size-medium alignleft\" src=\"https:\/\/www.swedcham.com.br\/wp-content\/uploads\/2019\/04\/Carolina_Fullen-200x300.jpg\" alt=\"\" width=\"200\" height=\"300\" srcset=\"https:\/\/www.swedcham.com.br\/wp-content\/uploads\/2019\/04\/Carolina_Fullen-200x300.jpg 200w, https:\/\/www.swedcham.com.br\/wp-content\/uploads\/2019\/04\/Carolina_Fullen-600x900.jpg 600w, https:\/\/www.swedcham.com.br\/wp-content\/uploads\/2019\/04\/Carolina_Fullen-768x1151.jpg 768w, https:\/\/www.swedcham.com.br\/wp-content\/uploads\/2019\/04\/Carolina_Fullen-683x1024.jpg 683w, https:\/\/www.swedcham.com.br\/wp-content\/uploads\/2019\/04\/Carolina_Fullen.jpg 1334w\" sizes=\"auto, (max-width: 200px) 100vw, 200px\" \/><\/p>\n<p>&nbsp;<\/p>\n<p class=\"m_3630756642185695850normal\"><strong>Carolina Fullen, <\/strong>diretora de Inova\u00e7\u00e3o e Novos Neg\u00f3cios na MSL, \u00e9 jornalista p\u00f3s-graduada em Marketing e Comunica\u00e7\u00e3o. Possui mais de 15 anos de experi\u00eancia no mercado de Comunica\u00e7\u00e3o Corporativa, atuando no planejamento estrat\u00e9gico e cria\u00e7\u00e3o de solu\u00e7\u00f5es criativas.<\/p>\n\n<p>&nbsp;<\/p>\n<h3 class=\"m_3176895204764632988m_-7456309968160772443m_-5953347527171562918m_-919258446742338626detail_h3\"><strong>Quando<\/strong><\/h3>\n<p>Quinta-feira, 18 de abril de 2019 \u00e0s 08h30.<\/p>\n<h3 class=\"m_3176895204764632988m_-7456309968160772443m_-5953347527171562918m_-919258446742338626detail_h3\"><strong>Onde<\/strong><\/h3>\n<p><strong>Swedcham<\/strong><br \/>\nRua Oscar Freire, 379, 12\u00ba andar, Cj 121<br \/>\nCerqueira C\u00e9sar<\/p>\n<p><strong>900 metros da nova esta\u00e7\u00e3o Oscar Freire de metr\u00f4<\/strong><\/p>\n<h3><strong>Estacionamento<\/strong><\/h3>\n<p><span class=\"m_8215363500706865736m_-1492442068443120964mc-toc-title\">Indicamos o estacionamento do Hotel Regent Park. Rua Oscar Freire, 533.<\/span><\/p>\n<h3 class=\"m_3176895204764632988m_-7456309968160772443m_-5953347527171562918m_-919258446742338626detail_h3\"><strong>Agenda<\/strong><\/h3>\n<p><span class=\"m_8215363500706865736m_-1492442068443120964mc-toc-title\">08h30 &#8211; Welcome coffee<\/span><\/p>\n<p>09h\u00a0&#8211;\u00a0Introdu\u00e7\u00e3o: Jonas Lindstr\u00f6m<\/p>\n<p>09h05 &#8211; Apresenta\u00e7\u00e3o de\u00a0Carolina Fullen<\/p>\n<p>09h50\u00a0Discuss\u00e3o \/ Q &amp; A<\/p>\n<p><span class=\"m_8215363500706865736m_-1492442068443120964mc-toc-title\">10h30\u00a0Caf\u00e9 e\u00a0networking<\/span><\/p>\n<h3><strong>Idioma<\/strong><\/h3>\n<p>[extra_wrap]<br \/>\nPortugu\u00eas<\/p>\n<h3><strong>Investimento<\/strong><\/h3>\n<p>Associados: Gratuito<\/p>\n<p>N\u00e3o associados: R$50,00<\/p>\n<div>RSVP by <span class=\"m_8215363500706865736m_-1492442068443120964mc-toc-title\">RSVP by 16\/04\/2019<\/span><\/div>\n<div><\/div>\n<div><\/div>\n<div><strong>Members: <\/strong><a href=\"mailto:eventos@swedcham.com.br\">eventos@swedcham.com.br<\/a><\/div>\n<p>[extra_wrap]<\/p>\n","protected":false},"excerpt":{"rendered":"<p>A C\u00e2mara Sueca\u00a0tem\u00a0a honra de convidar para\u00a0apresenta\u00e7\u00e3o: Conhe\u00e7a as tend\u00eancias do SXSW 2019 O maior evento de inova\u00e7\u00e3o do mundo,<\/p>\n","protected":false},"featured_media":0,"template":"","meta":[],"product_brand":[],"product_cat":[228],"product_tag":[],"class_list":{"0":"post-17908","1":"product","2":"type-product","3":"status-publish","5":"product_cat-our-events","7":"first","8":"instock","9":"shipping-taxable","10":"purchasable","11":"product-type-variable"},"_links":{"self":[{"href":"https:\/\/www.swedcham.com.br\/en\/wp-json\/wp\/v2\/product\/17908","targetHints":{"allow":["GET"]}}],"collection":[{"href":"https:\/\/www.swedcham.com.br\/en\/wp-json\/wp\/v2\/product"}],"about":[{"href":"https:\/\/www.swedcham.com.br\/en\/wp-json\/wp\/v2\/types\/product"}],"wp:attachment":[{"href":"https:\/\/www.swedcham.com.br\/en\/wp-json\/wp\/v2\/media?parent=17908"}],"wp:term":[{"taxonomy":"product_brand","embeddable":true,"href":"https:\/\/www.swedcham.com.br\/en\/wp-json\/wp\/v2\/product_brand?post=17908"},{"taxonomy":"product_cat","embeddable":true,"href":"https:\/\/www.swedcham.com.br\/en\/wp-json\/wp\/v2\/product_cat?post=17908"},{"taxonomy":"product_tag","embeddable":true,"href":"https:\/\/www.swedcham.com.br\/en\/wp-json\/wp\/v2\/product_tag?post=17908"}],"curies":[{"name":"wp","href":"https:\/\/api.w.org\/{rel}","templated":true}]}}