{"id":17865,"date":"2019-03-28T11:18:35","date_gmt":"2019-03-28T14:18:35","guid":{"rendered":"https:\/\/www.swedcham.com.br\/events\/coming-events\/networking-luncheon-artsoppa-och-punsch\/"},"modified":"2019-03-28T11:19:16","modified_gmt":"2019-03-28T14:19:16","slug":"networking-luncheon-artsoppa-och-punsch","status":"publish","type":"product","link":"https:\/\/www.swedcham.com.br\/en\/product\/our-events\/networking-luncheon-artsoppa-och-punsch\/","title":{"rendered":"Networking Luncheon  &#8211; \u00c4rtsoppa och Punsch"},"content":{"rendered":"<p><strong>\u00a0<\/strong><\/p>\n<p style=\"text-align: justify;\"><a href=\"https:\/\/www.swedcham.com.br\/wp-content\/uploads\/2015\/03\/Artsoppa-och-Punsch.jpg\"><img loading=\"lazy\" decoding=\"async\" class=\"wp-image-4743 size-full alignleft\" src=\"https:\/\/www.swedcham.com.br\/wp-content\/uploads\/2015\/03\/Artsoppa-och-Punsch.jpg\" alt=\"\" width=\"200\" height=\"150\" \/><\/a><\/p>\n<h3 align=\"center\">Networking Luncheon<br \/>\n<em>\u00c4rtsoppa och Punsch<\/em><\/h3>\n<h3><strong><em>\u00a0 \u00a0 \u00a0 \u00a0 \u00a0 \u00a0 \u00a0 \u00a0 \u00a0 \u00a0 \u00a0 \u00a0 (Sopa de ervilhas e ponche)<\/em><\/strong><\/h3>\n<p>&nbsp;<\/p>\n<p><span style=\"font-family: verdana, sans-serif;\">Em nosso pr\u00f3ximo\u00a0almo\u00e7o\u00a0gostar\u00edamos de convid\u00e1-los para conhecer uma tradi\u00e7\u00e3o dos tempos dos Vikings, a sopa de ervilhas, que \u00e9 uma receita muito apreciada na Su\u00e9cia.<\/span><\/p>\n<p><span style=\"font-family: verdana, sans-serif;\">Os restaurantes suecos e as escolas servem este prato t\u00edpico no\u00a0<\/span><strong>almo\u00e7o<\/strong><span style=\"font-family: verdana, sans-serif;\">\u00a0\u00e0s quintas-feiras, seguido de uma saborosa panqueca doce.\u00a0<\/span><\/p>\n<p><span style=\"font-family: verdana, sans-serif;\">Venha conhecer\u00a0outros associados\u00a0e ampliar\u00a0sua rede de relacionamentos, al\u00e9m de ter uma experi\u00eancia gastron\u00f4mica diferenciada.<\/span><\/p>\n<p>A\u00a0<span class=\"m_159260064572025389il\">pastora<\/span>\u00a0<span class=\"m_159260064572025389il\">\u00c5sa<\/span>\u00a0Str\u00f6m Broman estar\u00e1 presente!<\/p>\n<p>Vagas limitadas!<\/p>\n\n<h3>Quando (EXCEPCIONALMENTE QUARTA-FEIRA)<\/h3>\n<p><strong>Quarta-feira<\/strong>, 17 de abril, 2018 \u00e0s 12:00<\/p>\n<h3>Onde<\/h3>\n<p>Igreja Escandinava &#8211; Rua Job Lane, 1030 &#8211; Santo Amaro<br \/>\nTelefone: (11) 5687-8829<\/p>\n<h3>O que<\/h3>\n<p>Os pratos a seguir est\u00e3o inclusos no pre\u00e7o do convite:<\/p>\n<ul>\n<li><strong>Prato Principal:<\/strong>\u00a0<span class=\"m_159260064572025389il\">\u00c4rtsoppa<\/span>\u00a0(Sopa de ervilhas)<\/li>\n<li><strong>Sobremesa:<\/strong>\u00a0Panqueca de frutas vermelhas com creme de leite<\/li>\n<li><strong>Bebidas:<\/strong>\u00a0punch, cerveja, vinho, refrigerante e \u00e1gua.<\/li>\n<\/ul>\n<p>[extra_wrap]<\/p>\n<h3>Pre\u00e7o<\/h3>\n<p>R$ 50,00 (Pagamento em dinheiro ou cheque para a Igreja na hora da chegada)<\/p>\n<h3>Reservas<\/h3>\n<p>RSVP by 15\/04\/2019<\/p>\n<p>Por favor, envie um e-mail para a Swedcham confirmando sua presen\u00e7a para: <a href=\"mailto:eventos@swedcham.com.br?subject=Swedcham%20After%20Work%20-%20Artsoppa%20och%20Punsch%20\" target=\"_blank\" rel=\"noopener\">eventos@swedcham.com.br<\/a><\/p>\n<p>Em caso de d\u00favidas, por favor entre em contato com a Swedcham: (11) 3066-2550, ou a igreja: (11) 5687-8829<\/p>\n<p>[\/extra_wrap]<\/p>\n","protected":false},"excerpt":{"rendered":"<p>\u00a0 Networking Luncheon \u00c4rtsoppa och Punsch \u00a0 \u00a0 \u00a0 \u00a0 \u00a0 \u00a0 \u00a0 \u00a0 \u00a0 \u00a0 \u00a0 \u00a0 (Sopa de<\/p>\n","protected":false},"featured_media":0,"template":"","meta":[],"product_brand":[],"product_cat":[228],"product_tag":[],"class_list":{"0":"post-17865","1":"product","2":"type-product","3":"status-publish","5":"product_cat-our-events","7":"first","8":"instock","9":"shipping-taxable","10":"product-type-simple"},"_links":{"self":[{"href":"https:\/\/www.swedcham.com.br\/en\/wp-json\/wp\/v2\/product\/17865","targetHints":{"allow":["GET"]}}],"collection":[{"href":"https:\/\/www.swedcham.com.br\/en\/wp-json\/wp\/v2\/product"}],"about":[{"href":"https:\/\/www.swedcham.com.br\/en\/wp-json\/wp\/v2\/types\/product"}],"wp:attachment":[{"href":"https:\/\/www.swedcham.com.br\/en\/wp-json\/wp\/v2\/media?parent=17865"}],"wp:term":[{"taxonomy":"product_brand","embeddable":true,"href":"https:\/\/www.swedcham.com.br\/en\/wp-json\/wp\/v2\/product_brand?post=17865"},{"taxonomy":"product_cat","embeddable":true,"href":"https:\/\/www.swedcham.com.br\/en\/wp-json\/wp\/v2\/product_cat?post=17865"},{"taxonomy":"product_tag","embeddable":true,"href":"https:\/\/www.swedcham.com.br\/en\/wp-json\/wp\/v2\/product_tag?post=17865"}],"curies":[{"name":"wp","href":"https:\/\/api.w.org\/{rel}","templated":true}]}}