{"id":17856,"date":"2019-03-25T16:31:27","date_gmt":"2019-03-25T19:31:27","guid":{"rendered":"https:\/\/www.swedcham.com.br\/events\/coming-events\/responsabilidade-civil-como-proteger-sua-empresa-e-dirigentes\/"},"modified":"2019-04-12T16:16:16","modified_gmt":"2019-04-12T19:16:16","slug":"responsabilidade-civil-como-proteger-sua-empresa-e-dirigentes","status":"publish","type":"product","link":"https:\/\/www.swedcham.com.br\/en\/product\/our-events\/responsabilidade-civil-como-proteger-sua-empresa-e-dirigentes\/","title":{"rendered":"Responsabilidade Civil \u00a0\u2013 Como proteger\u00a0sua empresa e dirigentes"},"content":{"rendered":"<div dir=\"ltr\">\n<p><strong>O Comit\u00ea Jur\u00eddico e de Neg\u00f3cios da Swedcham convida para palestra:<\/strong><strong>\u00a0<\/strong><\/p>\n<p><strong>Responsabilidade Civil \u00a0\u2013 Como proteger\u00a0sua empresa e dirigentes<\/strong><\/p>\n<p>A responsabilidade civil pode ter um grande impacto tanto nas empresas como nos seus dirigentes, impacto este muitas vezes subestimado pelos CEOs, como \u00e9 o caso, por exemplo, da responsabilidade ambiental. O correto dimensionamento de riscos em geral e suas consequ\u00eancias, bem como as peculiaridades de a\u00e7\u00f5es preventivas no Brasil, s\u00e3o assuntos que merecem uma aten\u00e7\u00e3o especial das empresas brasileiras.<\/p>\n<\/div>\n<p><strong>Palestrantes:<\/strong><\/p>\n<p class=\"m_3630756642185695850normal\" style=\"text-align: left;\"><img loading=\"lazy\" decoding=\"async\" class=\"alignleft wp-image-17846\" src=\"https:\/\/www.swedcham.com.br\/wp-content\/uploads\/2019\/03\/Marilene-Novelli-Siragna-225x300.jpg\" alt=\"\" width=\"220\" height=\"293\" srcset=\"https:\/\/www.swedcham.com.br\/wp-content\/uploads\/2019\/03\/Marilene-Novelli-Siragna-225x300.jpg 225w, https:\/\/www.swedcham.com.br\/wp-content\/uploads\/2019\/03\/Marilene-Novelli-Siragna.jpg 420w\" sizes=\"auto, (max-width: 220px) 100vw, 220px\" \/><\/p>\n<p>&nbsp;<\/p>\n<p>&nbsp;<\/p>\n<p style=\"font-weight: 400;\"><strong>Dra. Marilene Novelli Siragna<\/strong><\/p>\n<div>Mestre em Direito Internacional, pela USP;<br \/>\nAdvogada atuante nas \u00e1reas Ambiental, Arbitragem e Contencioso Estrat\u00e9gico;\u00a0atua\u00e7\u00e3o na C\u00e2mara de Arbitragem das Euroc\u00e2maras \u2013 CAE.<\/div>\n<p>&nbsp;<\/p>\n<p>&nbsp;<\/p>\n<p>&nbsp;<\/p>\n<p>&nbsp;<\/p>\n<p class=\"m_3630756642185695850normal\" style=\"text-align: left;\"><img loading=\"lazy\" decoding=\"async\" class=\"alignleft wp-image-17848\" src=\"https:\/\/www.swedcham.com.br\/wp-content\/uploads\/2019\/03\/Foto-Branco.jpg\" alt=\"\" width=\"220\" height=\"165\" srcset=\"https:\/\/www.swedcham.com.br\/wp-content\/uploads\/2019\/03\/Foto-Branco.jpg 1280w, https:\/\/www.swedcham.com.br\/wp-content\/uploads\/2019\/03\/Foto-Branco-600x450.jpg 600w, https:\/\/www.swedcham.com.br\/wp-content\/uploads\/2019\/03\/Foto-Branco-300x225.jpg 300w, https:\/\/www.swedcham.com.br\/wp-content\/uploads\/2019\/03\/Foto-Branco-768x576.jpg 768w, https:\/\/www.swedcham.com.br\/wp-content\/uploads\/2019\/03\/Foto-Branco-1024x768.jpg 1024w\" sizes=\"auto, (max-width: 220px) 100vw, 220px\" \/><\/p>\n<div><strong>Carlos Branco\u00a0<\/strong><\/div>\n<div>Carlos Branco \u00e9 formado em Ci\u00eancias Sociais pela USP, com p\u00f3s gradua\u00e7\u00e3o em Gest\u00e3o de Seguros e Previd\u00eancia e MBA pela FIA (Funda\u00e7\u00e3o Instituto de Administra\u00e7\u00e3o),<br \/>\nPossui mais de 25 anos de experiencia na \u00e1rea de seguro. Desde 2016 exerce a fun\u00e7\u00e3o de Gerente Regional de Seguros para Am\u00e9rica Latina para a empresa CARGILL, multinacional Americana da \u00e1rea de agro neg\u00f3cio.\u00c9 membro da Associa\u00e7\u00e3o Brasileira de Gerentes de Risco (ABGR), onde atua como diretor da divis\u00e3o de Agro Business.<\/div>\n<div><\/div>\n<div><\/div>\n<p><img loading=\"lazy\" decoding=\"async\" class=\"alignleft wp-image-17852\" src=\"https:\/\/www.swedcham.com.br\/wp-content\/uploads\/2019\/03\/klaus.jpg\" alt=\"\" width=\"220\" height=\"220\" srcset=\"https:\/\/www.swedcham.com.br\/wp-content\/uploads\/2019\/03\/klaus.jpg 640w, https:\/\/www.swedcham.com.br\/wp-content\/uploads\/2019\/03\/klaus-300x300.jpg 300w, https:\/\/www.swedcham.com.br\/wp-content\/uploads\/2019\/03\/klaus-100x100.jpg 100w, https:\/\/www.swedcham.com.br\/wp-content\/uploads\/2019\/03\/klaus-600x600.jpg 600w, https:\/\/www.swedcham.com.br\/wp-content\/uploads\/2019\/03\/klaus-150x150.jpg 150w\" sizes=\"auto, (max-width: 220px) 100vw, 220px\" \/><\/p>\n<div><\/div>\n<div>\n<p>&nbsp;<\/p>\n<p><strong>Klaus Drewes<\/strong><\/p>\n<\/div>\n<div>Managing Partner da Drewes &amp; Partners Corretora de Seguros; trabalha em seguros h\u00e1 mais de 35 anos com experi\u00eancia no Brasil e no Exterior.<\/div>\n<p><br \/>\n<\/p>\n<h3 class=\"m_3176895204764632988m_-7456309968160772443m_-5953347527171562918m_-919258446742338626detail_h3\"><strong>Quando<\/strong><\/h3>\n<p><span class=\"m_8215363500706865736m_-1492442068443120964mc-toc-title\">Ter<\/span>\u00e7<span class=\"m_8215363500706865736m_-1492442068443120964mc-toc-title\">a-feira, 16\u00a0de abril\u00a0de 2019, das 8h30 \u00e0s 10h30<\/span><\/p>\n<h3 class=\"m_3176895204764632988m_-7456309968160772443m_-5953347527171562918m_-919258446742338626detail_h3\"><strong>Onde<\/strong><\/h3>\n<p><strong>Swedcham<\/strong><br \/>\nRua Oscar Freire, 379, 12\u00ba andar, Cj 121<br \/>\nCerqueira C\u00e9sar<\/p>\n<p><strong>900 metros da nova esta\u00e7\u00e3o Oscar Freire de metr\u00f4<\/strong><\/p>\n<h3><strong>Estacionamento<\/strong><\/h3>\n<p><span class=\"m_8215363500706865736m_-1492442068443120964mc-toc-title\">Indicamos o estacionamento do Hotel Regent Park. Rua Oscar Freire, 533.<\/span><\/p>\n<h3 class=\"m_3176895204764632988m_-7456309968160772443m_-5953347527171562918m_-919258446742338626detail_h3\"><strong>Agenda<\/strong><\/h3>\n<p>08:30 &#8211; Welcome coffee<\/p>\n<p>09:00\u00a0&#8211; Boas vindas &#8211; Dr. Renato Pacheco Neto- Coordenador do Comit\u00ea Jur\u00eddico da Swedcham<\/p>\n<p>09:10 \u2013 Responsabilidade Civil Ambiental: Quest\u00f5es Legais e Riscos que afetam Grandes, M\u00e9dias e Pequenas Empresas &#8211; <strong>Dra. Marilene Novelli Siragna<\/strong><\/p>\n<p>09:30 \u2013 Responsabilidade Civil dos Conselheiros, Diretores e Administradores de Pessoas Jur\u00eddicas: o seguro D &amp; O e como \u00a0\u201cblindar\u201d os estes executivos? &#8211;<strong> Sr. Carlos Branco<\/strong><\/p>\n<p>09:50 \u2013 Seguro de Responsabilidade Civil: uma vis\u00e3o pr\u00e1tica e situa\u00e7\u00f5es subestimadas &#8211;\u00a0<strong>Sr. Klaus Drewes<\/strong><\/p>\n<p>10:10 \u2013 Debates<\/p>\n<p>10:20 &#8211; Caf\u00e9 e networking<\/p>\n<h3><strong>Idioma<\/strong><\/h3>\n<p>Portugu\u00eas<\/p>\n<h3><strong>Investimento<\/strong><\/h3>\n<p>Associados: Gratuito<\/p>\n<p>N\u00e3o associados: R$50,00<\/p>\n<div>RSVP by <strong>15<span class=\"m_8215363500706865736m_-1492442068443120964mc-toc-title\">\/04\/2019<\/span><\/strong><\/div>\n<div><\/div>\n<div><\/div>\n<div><strong>Members: <\/strong><a href=\"mailto:eventos@swedcham.com.br\">eventos@swedcham.com.br<\/a><\/div>\n<p>[extra_wrap]<\/p>\n","protected":false},"excerpt":{"rendered":"<p>O Comit\u00ea Jur\u00eddico e de Neg\u00f3cios da Swedcham convida para palestra:\u00a0 Responsabilidade Civil \u00a0\u2013 Como proteger\u00a0sua empresa e dirigentes A<\/p>\n","protected":false},"featured_media":0,"template":"","meta":[],"product_brand":[],"product_cat":[228],"product_tag":[],"class_list":{"0":"post-17856","1":"product","2":"type-product","3":"status-publish","5":"product_cat-our-events","7":"first","8":"instock","9":"shipping-taxable","10":"purchasable","11":"product-type-variable"},"_links":{"self":[{"href":"https:\/\/www.swedcham.com.br\/en\/wp-json\/wp\/v2\/product\/17856","targetHints":{"allow":["GET"]}}],"collection":[{"href":"https:\/\/www.swedcham.com.br\/en\/wp-json\/wp\/v2\/product"}],"about":[{"href":"https:\/\/www.swedcham.com.br\/en\/wp-json\/wp\/v2\/types\/product"}],"wp:attachment":[{"href":"https:\/\/www.swedcham.com.br\/en\/wp-json\/wp\/v2\/media?parent=17856"}],"wp:term":[{"taxonomy":"product_brand","embeddable":true,"href":"https:\/\/www.swedcham.com.br\/en\/wp-json\/wp\/v2\/product_brand?post=17856"},{"taxonomy":"product_cat","embeddable":true,"href":"https:\/\/www.swedcham.com.br\/en\/wp-json\/wp\/v2\/product_cat?post=17856"},{"taxonomy":"product_tag","embeddable":true,"href":"https:\/\/www.swedcham.com.br\/en\/wp-json\/wp\/v2\/product_tag?post=17856"}],"curies":[{"name":"wp","href":"https:\/\/api.w.org\/{rel}","templated":true}]}}