{"id":17651,"date":"2019-02-06T11:55:59","date_gmt":"2019-02-06T13:55:59","guid":{"rendered":"https:\/\/www.swedcham.com.br\/events\/coming-events\/almoco-de-networking-22-de-fevereiro\/"},"modified":"2020-02-09T20:50:49","modified_gmt":"2020-02-09T23:50:49","slug":"almoco-de-networking-22-de-fevereiro","status":"publish","type":"product","link":"https:\/\/www.swedcham.com.br\/en\/product\/our-events\/almoco-de-networking-22-de-fevereiro\/","title":{"rendered":"Almo\u00e7o de Networking"},"content":{"rendered":"<div dir=\"ltr\">\n<p><img loading=\"lazy\" decoding=\"async\" class=\"alignnone size-full wp-image-17739\" src=\"https:\/\/www.swedcham.com.br\/wp-content\/uploads\/2019\/02\/1a.jpg\" alt=\"\" width=\"450\" height=\"216\" srcset=\"https:\/\/www.swedcham.com.br\/wp-content\/uploads\/2019\/02\/1a.jpg 450w, https:\/\/www.swedcham.com.br\/wp-content\/uploads\/2019\/02\/1a-300x144.jpg 300w\" sizes=\"auto, (max-width: 450px) 100vw, 450px\" \/><\/p>\n<div>\n<p><strong>Prezados,<\/strong><\/p>\n<p>Convidamos voc\u00eas para come\u00e7ar o ano dividindo suas id\u00e9ias e expectativas com outros membros da Swedcham.<\/p>\n<p>Planejamos um <strong>almo\u00e7o de networking,<\/strong> onde al\u00e9m de conhecerem outros associados e ampliarem sua rede de relacionamentos, poder\u00e3o deixar suas id\u00e9ias e sugest\u00f5es sobre temas e palestrantes para os eventos de 2019.<\/p>\n<p><strong>Contamos com sua presen\u00e7a!<\/strong><\/p>\n<\/div>\n<p><strong>Vagas limitadas!<\/strong><\/p>\n<h3>Quando<\/h3>\n<\/div>\n<p class=\"m_3176895204764632988m_-7456309968160772443m_-5953347527171562918m_-919258446742338626detail_h3\">Sexta-feira, 22 de fevereiro \u00e0s 12:00h.<\/p>\n<h3 class=\"m_3176895204764632988m_-7456309968160772443m_-5953347527171562918m_-919258446742338626detail_h3\"><strong>Onde<\/strong><\/h3>\n<p><strong>Restaurante Jorge<\/strong><br \/>\nRua\u00a0Jos\u00e9 Maria Lisboa, 1000<br \/>\nJardim Paulista, S\u00e3o Paulo<br \/>\n<a href=\"http:\/\/www.etoilehotels.com.br\/jorgerestaurante\/jardim.html\" target=\"_blank\" rel=\"noopener\" data-cke-saved-href=\"http:\/\/www.etoilehotels.com.br\/jorgerestaurante\/jardim.html\">Sobre o Restaurante Jorge<\/a><\/p>\n<p><strong>Incluso:<\/strong><\/p>\n<p>Entrada, prato principal, sobremesa, bebida n\u00e3o alco\u00f3lica e caf\u00e9)<\/p>\n<p><a href=\"https:\/\/www.swedcham.com.br\/wp-content\/uploads\/2019\/02\/cardapio-1.pdf\" target=\"_blank\" rel=\"noopener\" data-cke-saved-href=\"https:\/\/www.swedcham.com.br\/wp-content\/uploads\/2019\/02\/cardapio-1.pdf\">Veja card\u00e1pio aqui<\/a><\/p>\n<h3><strong>Estacionamento<\/strong><\/h3>\n<p>Vallet no local &#8211; incluso<\/p>\n<h3><strong>Investimento<\/strong><\/h3>\n<p>Associados: R$ 90,00<br \/>\nN\u00e3o associados: R$ 120,00<\/p>\n<div>RSVP at\u00e9 19\/02<\/div>\n<p>[extra_wrap]<\/p>\n","protected":false},"excerpt":{"rendered":"<p>Prezados, Convidamos voc\u00eas para come\u00e7ar o ano dividindo suas id\u00e9ias e expectativas com outros membros da Swedcham. Planejamos um almo\u00e7o<\/p>\n","protected":false},"featured_media":0,"template":"","meta":[],"product_brand":[],"product_cat":[228],"product_tag":[],"class_list":{"0":"post-17651","1":"product","2":"type-product","3":"status-publish","5":"product_cat-our-events","7":"first","8":"instock","9":"shipping-taxable","10":"product-type-simple"},"_links":{"self":[{"href":"https:\/\/www.swedcham.com.br\/en\/wp-json\/wp\/v2\/product\/17651","targetHints":{"allow":["GET"]}}],"collection":[{"href":"https:\/\/www.swedcham.com.br\/en\/wp-json\/wp\/v2\/product"}],"about":[{"href":"https:\/\/www.swedcham.com.br\/en\/wp-json\/wp\/v2\/types\/product"}],"wp:attachment":[{"href":"https:\/\/www.swedcham.com.br\/en\/wp-json\/wp\/v2\/media?parent=17651"}],"wp:term":[{"taxonomy":"product_brand","embeddable":true,"href":"https:\/\/www.swedcham.com.br\/en\/wp-json\/wp\/v2\/product_brand?post=17651"},{"taxonomy":"product_cat","embeddable":true,"href":"https:\/\/www.swedcham.com.br\/en\/wp-json\/wp\/v2\/product_cat?post=17651"},{"taxonomy":"product_tag","embeddable":true,"href":"https:\/\/www.swedcham.com.br\/en\/wp-json\/wp\/v2\/product_tag?post=17651"}],"curies":[{"name":"wp","href":"https:\/\/api.w.org\/{rel}","templated":true}]}}