{"id":17376,"date":"2018-11-06T15:37:03","date_gmt":"2018-11-06T17:37:03","guid":{"rendered":"https:\/\/www.swedcham.com.br\/events\/coming-events\/venha-comemorar-o-natal-na-swedcham\/"},"modified":"2022-02-15T15:43:32","modified_gmt":"2022-02-15T18:43:32","slug":"venha-comemorar-o-natal-na-swedcham","status":"publish","type":"product","link":"https:\/\/www.swedcham.com.br\/en\/product\/our-events\/venha-comemorar-o-natal-na-swedcham\/","title":{"rendered":"Venha comemorar o Natal na Swedcham!"},"content":{"rendered":"<div dir=\"ltr\">\n<p><img loading=\"lazy\" decoding=\"async\" class=\"alignnone size-full wp-image-17370\" src=\"https:\/\/www.swedcham.com.br\/wp-content\/uploads\/2018\/11\/jul-2018.jpg\" alt=\"\" width=\"800\" height=\"200\" srcset=\"https:\/\/www.swedcham.com.br\/wp-content\/uploads\/2018\/11\/jul-2018.jpg 800w, https:\/\/www.swedcham.com.br\/wp-content\/uploads\/2018\/11\/jul-2018-600x150.jpg 600w, https:\/\/www.swedcham.com.br\/wp-content\/uploads\/2018\/11\/jul-2018-300x75.jpg 300w, https:\/\/www.swedcham.com.br\/wp-content\/uploads\/2018\/11\/jul-2018-768x192.jpg 768w\" sizes=\"auto, (max-width: 800px) 100vw, 800px\" \/><\/p>\n<div>\n<p><strong>Venha comemorar o Natal na Swedcham!<\/strong><\/p>\n<\/div>\n<p>Entramos em contagem regressiva, e queremos celebrar 2018 com muita m\u00fasica e v\u00e1rios comes e bebes t\u00edpicos do \u201csm\u00f6rg\u00e5sbord\u201d sueco!<\/p>\n<p>Convide seus amigos\/colegas e confirmem j\u00e1 sua presen\u00e7a!<\/p>\n<p>Durante a festa, sortearemos pr\u00eamios disponibilizados pelos nossos associados e parceiros!<\/p>\n<p><strong>Vagas limitadas!<\/strong><\/p>\n<h3>Quando<\/h3>\n<\/div>\n<p class=\"m_3176895204764632988m_-7456309968160772443m_-5953347527171562918m_-919258446742338626detail_h3\">Sexta-feira, 07 de dezembro \u00e0s 18:30h.<\/p>\n<h3 class=\"m_3176895204764632988m_-7456309968160772443m_-5953347527171562918m_-919258446742338626detail_h3\"><strong>Onde<\/strong><\/h3>\n<p><strong>Swedcham<\/strong><br \/>\nRua Oscar Freire, 379, 12\u00ba andar, Cj 121<br \/>\nCerqueira C\u00e9sar<\/p>\n<p><strong>900 metros da nova esta\u00e7\u00e3o Oscar Freire de metr\u00f4<\/strong><\/p>\n<h3><strong>Estacionamento<\/strong><\/h3>\n<p><span class=\"m_8215363500706865736m_-1492442068443120964mc-toc-title\">Indicamos o estacionamento do Hotel Regent Park. Rua Oscar Freire, 533.<\/span><\/p>\n<h3><strong>Investimento<\/strong><\/h3>\n<p>Associados: R$200,00<br \/>\nCasal associados: R$380,00<br \/>\nN\u00e3o associados: R$230,00<br \/>\nCasal n\u00e3o associados: R$420,00<\/p>\n<div>RSVP at\u00e9 03\/12<\/div>\n<p>[extra_wrap]<\/p>\n","protected":false},"excerpt":{"rendered":"<p>Venha comemorar o Natal na Swedcham! Entramos em contagem regressiva, e queremos celebrar 2018 com muita m\u00fasica e v\u00e1rios comes<\/p>\n","protected":false},"featured_media":0,"template":"","meta":[],"product_brand":[],"product_cat":[228],"product_tag":[],"class_list":{"0":"post-17376","1":"product","2":"type-product","3":"status-publish","5":"product_cat-our-events","7":"first","8":"instock","9":"shipping-taxable","10":"purchasable","11":"product-type-variable"},"_links":{"self":[{"href":"https:\/\/www.swedcham.com.br\/en\/wp-json\/wp\/v2\/product\/17376","targetHints":{"allow":["GET"]}}],"collection":[{"href":"https:\/\/www.swedcham.com.br\/en\/wp-json\/wp\/v2\/product"}],"about":[{"href":"https:\/\/www.swedcham.com.br\/en\/wp-json\/wp\/v2\/types\/product"}],"wp:attachment":[{"href":"https:\/\/www.swedcham.com.br\/en\/wp-json\/wp\/v2\/media?parent=17376"}],"wp:term":[{"taxonomy":"product_brand","embeddable":true,"href":"https:\/\/www.swedcham.com.br\/en\/wp-json\/wp\/v2\/product_brand?post=17376"},{"taxonomy":"product_cat","embeddable":true,"href":"https:\/\/www.swedcham.com.br\/en\/wp-json\/wp\/v2\/product_cat?post=17376"},{"taxonomy":"product_tag","embeddable":true,"href":"https:\/\/www.swedcham.com.br\/en\/wp-json\/wp\/v2\/product_tag?post=17376"}],"curies":[{"name":"wp","href":"https:\/\/api.w.org\/{rel}","templated":true}]}}