{"id":17284,"date":"2018-10-09T10:56:31","date_gmt":"2018-10-09T13:56:31","guid":{"rendered":"https:\/\/www.swedcham.com.br\/events\/coming-events\/sweden-brazil-career-fair-2\/"},"modified":"2022-02-15T15:43:47","modified_gmt":"2022-02-15T18:43:47","slug":"sweden-brazil-career-fair-2","status":"publish","type":"product","link":"https:\/\/www.swedcham.com.br\/en\/product\/our-events\/sweden-brazil-career-fair-2\/","title":{"rendered":"Sweden Brazil Career Fair"},"content":{"rendered":"<h1 style=\"text-align: center;\">Sweden Brazil Career Fair &#8211; 23 de Novembro<\/h1>\n<p>Se voc\u00ea sonha em estudar na Su\u00e9cia ou conhecer mais sobre as empresas suecas no Brasil, a Career Fair \u00e9 a oportunidade ideal para conversar com representantes que entendem a sua necessidade de investir na carreira.<\/p>\n<p><a href=\"https:\/\/www.swedcham.com.br\/wp-content\/uploads\/2017\/07\/Career-fair-2015.png\"><img loading=\"lazy\" decoding=\"async\" class=\"alignleft wp-image-14406 size-medium\" src=\"https:\/\/www.swedcham.com.br\/wp-content\/uploads\/2017\/07\/Career-fair-2015-247x300.png\" alt=\"\" width=\"247\" height=\"300\" srcset=\"https:\/\/www.swedcham.com.br\/wp-content\/uploads\/2017\/07\/Career-fair-2015-247x300.png 247w, https:\/\/www.swedcham.com.br\/wp-content\/uploads\/2017\/07\/Career-fair-2015.png 517w\" sizes=\"auto, (max-width: 247px) 100vw, 247px\" \/><\/a><\/p>\n<p>Os participantes poder\u00e3o tirar d\u00favidas sobre universidades, cursos oferecidos, assistir a palestras de especialistas, conversar com jovens que j\u00e1 estudaram na Su\u00e9cia, al\u00e9m de conhecer importantes <strong>empresas suecas estabelecidas no Brasil.<\/strong><\/p>\n<p><strong>As universidades suecas s\u00e3o conhecidas por sua qualidade acad\u00eamica, modernidade, m\u00e9todos pr\u00e1ticos e atendimento \u00e0s demandas atuais do mercado.<\/strong><\/p>\n<p><strong>N\u00e3o fique de fora desse evento com algumas das mais respeitadas universidades suecas\u00a0<\/strong>(Chalmers, Handels, J\u00f6nk\u00f6ping, KTH, Link\u00f6ping, Linnaeus e Lund) e grandes empresas suecas no Brasil.<\/p>\n<p><strong>Bem-vindo! &#8211; Welcome! &#8211; V\u00e4lkomna!<\/strong><\/p>\n\n<h3>Quando<\/h3>\n<p>Sexta-feira, <strong>23 de Novembro<\/strong><\/p>\n<p><strong>Agenda:<\/strong><\/p>\n<ul>\n<li>15:00 &#8211; Abertura<\/li>\n<li>20:00 &#8211; Encerramento<\/li>\n<\/ul>\n<h3>Onde<\/h3>\n<p>Hotel M\u00e9lia Paulista<\/p>\n<p>Av. Paulista, 2181- Consola\u00e7\u00e3o<br \/>\nS\u00e3o Paulo &#8211; SP<\/p>\n<h3>Pre\u00e7o<\/h3>\n<p>Entrada Gratuita<\/p>\n<h3>Reservas<\/h3>\n<p>RSVP at\u00e9 19 de Novembro.<\/p>\n<p>Vagas Limitadas.<\/p>\n<p>Para participar \u00e9 necess\u00e1rio fazer inscri\u00e7\u00e3o:<\/p>\n<p><a href=\"https:\/\/docs.google.com\/forms\/d\/1xYwsBrnJJ9180hcfEJ5aivV4l320rIjyBmpDyZ4LuWc\/edit\">Formul\u00e1rio de Inscri\u00e7\u00e3o<\/a><\/p>\n<p>Para mais informa\u00e7\u00f5es:<\/p>\n<p><a title=\"Informa\u00e7\u00f5es - Career Fair\" href=\"mailto:hello@youngprofessionals.com.br?subject=Informa%C3%A7%C3%B5es%20-%20Career%20Fair\" target=\"_blank\" rel=\"noopener\">h<\/a><a href=\"mailto:hello@youngprofessionals.com.br?subject=Informa%C3%A7%C3%B5es%20-%20Career%20Fair\">ello@youngprofessionals.com.br<\/a><\/p>\n<p>Fone: +55 (11) 3066-2555<\/p>\n","protected":false},"excerpt":{"rendered":"<p>Sweden Brazil Career Fair &#8211; 23 de Novembro Se voc\u00ea sonha em estudar na Su\u00e9cia ou conhecer mais sobre as<\/p>\n","protected":false},"featured_media":0,"template":"","meta":[],"product_brand":[],"product_cat":[228],"product_tag":[],"class_list":{"0":"post-17284","1":"product","2":"type-product","3":"status-publish","5":"product_cat-our-events","7":"first","8":"instock","9":"shipping-taxable","10":"product-type-simple"},"_links":{"self":[{"href":"https:\/\/www.swedcham.com.br\/en\/wp-json\/wp\/v2\/product\/17284","targetHints":{"allow":["GET"]}}],"collection":[{"href":"https:\/\/www.swedcham.com.br\/en\/wp-json\/wp\/v2\/product"}],"about":[{"href":"https:\/\/www.swedcham.com.br\/en\/wp-json\/wp\/v2\/types\/product"}],"wp:attachment":[{"href":"https:\/\/www.swedcham.com.br\/en\/wp-json\/wp\/v2\/media?parent=17284"}],"wp:term":[{"taxonomy":"product_brand","embeddable":true,"href":"https:\/\/www.swedcham.com.br\/en\/wp-json\/wp\/v2\/product_brand?post=17284"},{"taxonomy":"product_cat","embeddable":true,"href":"https:\/\/www.swedcham.com.br\/en\/wp-json\/wp\/v2\/product_cat?post=17284"},{"taxonomy":"product_tag","embeddable":true,"href":"https:\/\/www.swedcham.com.br\/en\/wp-json\/wp\/v2\/product_tag?post=17284"}],"curies":[{"name":"wp","href":"https:\/\/api.w.org\/{rel}","templated":true}]}}