{"id":17277,"date":"2018-10-04T15:17:42","date_gmt":"2018-10-04T18:17:42","guid":{"rendered":"https:\/\/www.swedcham.com.br\/events\/coming-events\/cafe-da-manha-remessa-de-valores-para-suecia\/"},"modified":"2022-02-15T15:43:54","modified_gmt":"2022-02-15T18:43:54","slug":"cafe-da-manha-remessa-de-valores-para-suecia","status":"publish","type":"product","link":"https:\/\/www.swedcham.com.br\/en\/product\/our-events\/cafe-da-manha-remessa-de-valores-para-suecia\/","title":{"rendered":"Caf\u00e9 da manh\u00e3 \u2013 Remessa de valores para Su\u00e9cia"},"content":{"rendered":"<div dir=\"ltr\">\n<div>\n<p><strong>A C\u00e2mara Sueca\u00a0tem\u00a0a honra de convidar para\u00a0apresenta\u00e7\u00e3o:<\/strong><\/p>\n<p><strong>Remessa de valores para Su\u00e9cia<\/strong><\/p>\n<p>Entenda o melhor tratamento a ser dispensado nas remessas internacionais para empresas situadas na Su\u00e9cia. O evento abordar\u00e1 o recente entendimento da Secretaria da Receita Federal sobre a Conven\u00e7\u00e3o para evitar a dupla tributa\u00e7\u00e3o Brasil-Su\u00e9cia, de modo a trazer uma significativa oportunidade de planejamento tribut\u00e1rio \u00e0s empresas.<\/p>\n<\/div>\n<\/div>\n<div dir=\"ltr\"><\/div>\n<div dir=\"ltr\"><strong>Palestrante:<\/strong><\/div>\n<p class=\"m_3630756642185695850normal\"><img loading=\"lazy\" decoding=\"async\" class=\"alignleft wp-image-17232 size-thumbnail\" src=\"https:\/\/www.swedcham.com.br\/wp-content\/uploads\/2018\/10\/2-150x150.jpg\" alt=\"\" width=\"150\" height=\"150\" srcset=\"https:\/\/www.swedcham.com.br\/wp-content\/uploads\/2018\/10\/2-150x150.jpg 150w, https:\/\/www.swedcham.com.br\/wp-content\/uploads\/2018\/10\/2-300x300.jpg 300w, https:\/\/www.swedcham.com.br\/wp-content\/uploads\/2018\/10\/2-100x100.jpg 100w\" sizes=\"auto, (max-width: 150px) 100vw, 150px\" \/><strong>Rog\u00e9rio David Carneiro, <\/strong>Mestre em Direito na Universidade Federal do Estado do Rio de Janeiro (UNI-RIO). Especialista em Direito Tribut\u00e1rio pela PUC-RJ e em Direito Privado pela UFF-RJ. Membro Fundador da Sociedade Brasileira de Direito Tribut\u00e1rio. Palestrante em eventos jur\u00eddicos e empresariais.<br \/>\nConsultor nas \u00e1reas tribut\u00e1ria, com\u00e9rcio exterior, contratos e societ\u00e1rio. S\u00f3cio do escrit\u00f3rio David &amp; Athayde Advogados.<\/p>\n<h3 class=\"m_3176895204764632988m_-7456309968160772443m_-5953347527171562918m_-919258446742338626detail_h3\"><strong>Quando<\/strong><\/h3>\n<p class=\"m_3176895204764632988m_-7456309968160772443m_-5953347527171562918m_-919258446742338626detail_h3\"><span class=\"m_8215363500706865736m_-1492442068443120964mc-toc-title\">Quinta-feira, 25\u00a0de outubro,\u00a0\u00e0s 08:30h.<\/span><\/p>\n<h3 class=\"m_3176895204764632988m_-7456309968160772443m_-5953347527171562918m_-919258446742338626detail_h3\"><strong>Onde<\/strong><\/h3>\n<p><strong>Swedcham<\/strong><br \/>\nRua Oscar Freire, 379, 12\u00ba andar, Cj 121<br \/>\nCerqueira C\u00e9sar<\/p>\n<p><strong>900 metros da nova esta\u00e7\u00e3o Oscar Freire de metr\u00f4<\/strong><\/p>\n<h3><strong>Estacionamento<\/strong><\/h3>\n<p><span class=\"m_8215363500706865736m_-1492442068443120964mc-toc-title\">Indicamos o estacionamento do Hotel Regent Park. Rua Oscar Freire, 533.<\/span><\/p>\n<h3 class=\"m_3176895204764632988m_-7456309968160772443m_-5953347527171562918m_-919258446742338626detail_h3\"><strong>Agenda<\/strong><\/h3>\n<p><span class=\"m_8215363500706865736m_-1492442068443120964mc-toc-title\">08:30 &#8211; Welcome coffee<\/span><\/p>\n<p>09:00\u00a0&#8211; Introdu\u00e7\u00e3o: <strong>Jonas Lindstr\u00f6m &#8211; Swedcham<\/strong><\/p>\n<p>09:05 &#8211; Apresenta\u00e7\u00e3o: <strong>Rog\u00e9rio D Carneiro<\/strong><\/p>\n<p>10:15\u00a0Q &amp; A<\/p>\n<p>10:30 Encerramento &#8211; <strong>Anders Norinder &#8211;\u00a0Vice Presidente da Swedcham<\/strong><\/p>\n<p><span class=\"m_8215363500706865736m_-1492442068443120964mc-toc-title\">10:40\u00a0Caf\u00e9 e\u00a0networking<\/span><\/p>\n<h3><strong>Idioma<\/strong><\/h3>\n<p>[extra_wrap]<br \/>\nPortugu\u00eas<\/p>\n<h3><strong>Investimento<\/strong><\/h3>\n<p>Associados: Gratuito<\/p>\n<p>N\u00e3o associados: R$50,00<\/p>\n<div>RSVP by 22\/10\/2018<\/div>\n<div><\/div>\n<div><\/div>\n<div><strong>Members: <\/strong><a href=\"mailto:eventos@swedcham.com.br\">eventos@swedcham.com.br<\/a><\/div>\n<p>[extra_wrap]<\/p>\n","protected":false},"excerpt":{"rendered":"<p>A C\u00e2mara Sueca\u00a0tem\u00a0a honra de convidar para\u00a0apresenta\u00e7\u00e3o: Remessa de valores para Su\u00e9cia Entenda o melhor tratamento a ser dispensado nas<\/p>\n","protected":false},"featured_media":0,"template":"","meta":[],"product_brand":[],"product_cat":[228],"product_tag":[],"class_list":{"0":"post-17277","1":"product","2":"type-product","3":"status-publish","5":"product_cat-our-events","7":"first","8":"instock","9":"shipping-taxable","10":"purchasable","11":"product-type-variable"},"_links":{"self":[{"href":"https:\/\/www.swedcham.com.br\/en\/wp-json\/wp\/v2\/product\/17277","targetHints":{"allow":["GET"]}}],"collection":[{"href":"https:\/\/www.swedcham.com.br\/en\/wp-json\/wp\/v2\/product"}],"about":[{"href":"https:\/\/www.swedcham.com.br\/en\/wp-json\/wp\/v2\/types\/product"}],"wp:attachment":[{"href":"https:\/\/www.swedcham.com.br\/en\/wp-json\/wp\/v2\/media?parent=17277"}],"wp:term":[{"taxonomy":"product_brand","embeddable":true,"href":"https:\/\/www.swedcham.com.br\/en\/wp-json\/wp\/v2\/product_brand?post=17277"},{"taxonomy":"product_cat","embeddable":true,"href":"https:\/\/www.swedcham.com.br\/en\/wp-json\/wp\/v2\/product_cat?post=17277"},{"taxonomy":"product_tag","embeddable":true,"href":"https:\/\/www.swedcham.com.br\/en\/wp-json\/wp\/v2\/product_tag?post=17277"}],"curies":[{"name":"wp","href":"https:\/\/api.w.org\/{rel}","templated":true}]}}