{"id":17228,"date":"2018-10-01T07:49:25","date_gmt":"2018-10-01T10:49:25","guid":{"rendered":"https:\/\/www.swedcham.com.br\/events\/coming-events\/agenda-2030-perspectivas-e-desafios-setoriais\/"},"modified":"2022-02-15T15:44:02","modified_gmt":"2022-02-15T18:44:02","slug":"agenda-2030-perspectivas-e-desafios-setoriais","status":"publish","type":"product","link":"https:\/\/www.swedcham.com.br\/en\/product\/our-events\/agenda-2030-perspectivas-e-desafios-setoriais\/","title":{"rendered":"Agenda 2030: perspectivas e desafios setoriais"},"content":{"rendered":"<div dir=\"ltr\">\n<div>O Comit\u00ea de Inova\u00e7\u00e3o\u00a0e Sustentabilidade<strong>\u00a0<\/strong>tem\u00a0a honra de convidar para\u00a0apresenta\u00e7\u00e3o:<\/p>\n<p><strong>Agenda 2030: perspectivas e desafios setoriais <\/strong><\/p>\n<\/div>\n<div>\n<p>Os Objetivos de Desenvolvimento Sustent\u00e1vel representam a oportunidade de protagonismo do setor privado, principalmente no que tange \u00e0 cria\u00e7\u00e3o de novos neg\u00f3cios e parcerias, bem como a valora\u00e7\u00e3o da sustentabilidade corporativa, por meio da linguagem comum e prop\u00f3sito compartilhado. E mais que isso, ao considerarmos os avan\u00e7os da tecnologia e o desenvolvimento da sociedade, a Agenda 2030 como um todo, \u00e9 um convite para estar integrado \u00e0s tend\u00eancias globais e preparado para os impactos locais.<\/p>\n<p>Nesse encontro, entenderemos com mais detalhes as atualiza\u00e7\u00f5es sobre a agenda dos Objetivos de Desenvolvimento Sustent\u00e1vel, em contexto global, em inst\u00e2ncias como ONU, G20, F\u00f3rum Econ\u00f4mico Mundial e Bancos internacionais, bem como no contexto nacional, em como a agenda tem evolu\u00eddo no Brasil, influenciando o contexto eleitoral brasileiro e gerando oportunidades para o setor corporativo.<\/p>\n<\/div>\n<\/div>\n<div dir=\"ltr\"><\/div>\n<div dir=\"ltr\"><strong>Palestrante:<\/strong><\/div>\n<p class=\"m_3630756642185695850normal\"><img loading=\"lazy\" decoding=\"async\" class=\"alignleft wp-image-17224 size-full\" src=\"https:\/\/www.swedcham.com.br\/wp-content\/uploads\/2018\/10\/Petrina.jpg\" alt=\"\" width=\"200\" height=\"200\" srcset=\"https:\/\/www.swedcham.com.br\/wp-content\/uploads\/2018\/10\/Petrina.jpg 200w, https:\/\/www.swedcham.com.br\/wp-content\/uploads\/2018\/10\/Petrina-100x100.jpg 100w, https:\/\/www.swedcham.com.br\/wp-content\/uploads\/2018\/10\/Petrina-150x150.jpg 150w\" sizes=\"auto, (max-width: 200px) 100vw, 200px\" \/><strong><a name=\"m_-6230312820824185193_m_1075814866871336898_m_5536614429627777612_m_-8631228091529452559_m_5418432810509959926_m_-2295906846356356915_m_-7359809087462722927_m_2763525563091375094__Hlk516496918\" data-cke-saved-name=\"m_-6230312820824185193_m_1075814866871336898_m_5536614429627777612_m_-8631228091529452559_m_5418432810509959926_m_-2295906846356356915_m_-7359809087462722927_m_2763525563091375094__Hlk516496918\"><\/a>Petrina Santos<\/strong> \u00e9 conselheira do Brasil no High Level Political Forum (ONU), Nova York, e no Y20 (G20 Youth Summit), China. Em 2016 foi reconhecida pelo Governo do Estado de S\u00e3o Paulo como Jovem Lideran\u00e7a. Empreendedora c\u00edvica e gestora executiva da Ageeo, neg\u00f3cio social que atua com gest\u00e3o de projetos em impacto social e advocacy, \u00e9 tamb\u00e9m g<a name=\"m_-6230312820824185193_m_1075814866871336898_m_5536614429627777612_m_-8631228091529452559_m_5418432810509959926_m_-2295906846356356915_m_-7359809087462722927_m_2763525563091375094__Hlk516496918\" data-cke-saved-name=\"m_-6230312820824185193_m_1075814866871336898_m_5536614429627777612_m_-8631228091529452559_m_5418432810509959926_m_-2295906846356356915_m_-7359809087462722927_m_2763525563091375094__Hlk516496918\"><\/a>lobal shaper na comunidade de jovens ligada ao F\u00f3rum Econ\u00f4mico Mundial e l\u00edder no Comit\u00ea de jovens empreendedores e no Comit\u00ea de Responsabilidade Social da Fiesp.<br \/>\n<a name=\"m_-6230312820824185193_m_1075814866871336898_m_5536614429627777612_m_-8631228091529452559_m_5418432810509959926_m_-2295906846356356915_m_-7359809087462722927_m_2763525563091375094__Hlk516496918\" data-cke-saved-name=\"m_-6230312820824185193_m_1075814866871336898_m_5536614429627777612_m_-8631228091529452559_m_5418432810509959926_m_-2295906846356356915_m_-7359809087462722927_m_2763525563091375094__Hlk516496918\"><\/a>Recentemente foi considerada talento global em inova\u00e7\u00e3o social e Agenda 2030, integrando a delega\u00e7\u00e3o brasileira do Unleash 2018 em Cingapura,\u00a0bem como faz parte do Young Political Leaders, programa do Governo Americano que reconhece jovens de alto potencial para conhecerem de perto o sistema eleitoral e pol\u00edticos dos Estados Unidos. Tem forma\u00e7\u00e3o em gest\u00e3o ambiental, e educa\u00e7\u00e3o executiva em neg\u00f3cios de impacto pela Funda\u00e7\u00e3o Dom Cabral.<\/p>\n<h3 class=\"m_3176895204764632988m_-7456309968160772443m_-5953347527171562918m_-919258446742338626detail_h3\"><strong>Quando<\/strong><\/h3>\n<p class=\"m_3176895204764632988m_-7456309968160772443m_-5953347527171562918m_-919258446742338626detail_h3\"><span class=\"m_8215363500706865736m_-1492442068443120964mc-toc-title\">Sexta-feira, 19\u00a0de outubro\u00a02018 \u00e0s 08:30h<\/span><\/p>\n<h3 class=\"m_3176895204764632988m_-7456309968160772443m_-5953347527171562918m_-919258446742338626detail_h3\"><strong>Onde<\/strong><\/h3>\n<p><strong>Swedcham<\/strong><br \/>\nRua Oscar Freire, 379, 12\u00ba andar, Cj 121<br \/>\nCerqueira C\u00e9sar<\/p>\n<p><span class=\"m_8215363500706865736m_-1492442068443120964mc-toc-title\"><strong>900 metros da nova estac\u00e3o Oscar Freire de metr\u00f4<\/strong><\/span><\/p>\n<h3><strong>Estacionamento<\/strong><\/h3>\n<p><span class=\"m_8215363500706865736m_-1492442068443120964mc-toc-title\">Indicamos o estacionamento do Hotel Regent Park. Rua Oscar Freire, 533.<\/span><\/p>\n<h3 class=\"m_3176895204764632988m_-7456309968160772443m_-5953347527171562918m_-919258446742338626detail_h3\"><strong>Agenda<\/strong><\/h3>\n<p><span class=\"m_8215363500706865736m_-1492442068443120964mc-toc-title\">08:30 &#8211; Welcome coffee<\/span><\/p>\n<p>09:00\u00a0&#8211; Introdu\u00e7\u00e3o: <strong><span style=\"font-family: verdana, arial, helvetica, sans-serif;\">Felipe Christiansen<\/span><\/strong><\/p>\n<p>09:05 &#8211; Apresenta\u00e7\u00e3o: <span style=\"font-family: arial, helvetica neue, helvetica, sans-serif;\"><strong>Petrina Santos<\/strong><\/span><\/p>\n<p>10:15\u00a0Q &amp; A<\/p>\n<p><span class=\"m_8215363500706865736m_-1492442068443120964mc-toc-title\">10:30\u00a0Caf\u00e9 e\u00a0networking<\/span><\/p>\n<h3><strong>Idioma<\/strong><\/h3>\n<p>[extra_wrap]<br \/>\nPortugu\u00eas<\/p>\n<h3><strong>Investimento<\/strong><\/h3>\n<p>Associados: Gratuito<\/p>\n<p>N\u00e3o associados: R$50,00<\/p>\n<div>RSVP by 17\/10\/2018<\/div>\n<div><\/div>\n<div><\/div>\n<div><strong>Members: <\/strong><a href=\"mailto:eventos@swedcham.com.br\">eventos@swedcham.com.br<\/a><\/div>\n<p>[extra_wrap]<\/p>\n","protected":false},"excerpt":{"rendered":"<p>O Comit\u00ea de Inova\u00e7\u00e3o\u00a0e Sustentabilidade\u00a0tem\u00a0a honra de convidar para\u00a0apresenta\u00e7\u00e3o: Agenda 2030: perspectivas e desafios setoriais Os Objetivos de Desenvolvimento Sustent\u00e1vel<\/p>\n","protected":false},"featured_media":0,"template":"","meta":[],"product_brand":[],"product_cat":[228],"product_tag":[],"class_list":{"0":"post-17228","1":"product","2":"type-product","3":"status-publish","5":"product_cat-our-events","7":"first","8":"instock","9":"shipping-taxable","10":"purchasable","11":"product-type-variable"},"_links":{"self":[{"href":"https:\/\/www.swedcham.com.br\/en\/wp-json\/wp\/v2\/product\/17228","targetHints":{"allow":["GET"]}}],"collection":[{"href":"https:\/\/www.swedcham.com.br\/en\/wp-json\/wp\/v2\/product"}],"about":[{"href":"https:\/\/www.swedcham.com.br\/en\/wp-json\/wp\/v2\/types\/product"}],"wp:attachment":[{"href":"https:\/\/www.swedcham.com.br\/en\/wp-json\/wp\/v2\/media?parent=17228"}],"wp:term":[{"taxonomy":"product_brand","embeddable":true,"href":"https:\/\/www.swedcham.com.br\/en\/wp-json\/wp\/v2\/product_brand?post=17228"},{"taxonomy":"product_cat","embeddable":true,"href":"https:\/\/www.swedcham.com.br\/en\/wp-json\/wp\/v2\/product_cat?post=17228"},{"taxonomy":"product_tag","embeddable":true,"href":"https:\/\/www.swedcham.com.br\/en\/wp-json\/wp\/v2\/product_tag?post=17228"}],"curies":[{"name":"wp","href":"https:\/\/api.w.org\/{rel}","templated":true}]}}