{"id":17184,"date":"2018-09-21T10:51:57","date_gmt":"2018-09-21T13:51:57","guid":{"rendered":"https:\/\/www.swedcham.com.br\/events\/coming-events\/the-girls-on-the-road-empreendedoras-pelo-mundo\/"},"modified":"2022-02-15T15:41:49","modified_gmt":"2022-02-15T18:41:49","slug":"the-girls-on-the-road-empreendedoras-pelo-mundo","status":"publish","type":"product","link":"https:\/\/www.swedcham.com.br\/en\/product\/our-events\/the-girls-on-the-road-empreendedoras-pelo-mundo\/","title":{"rendered":"THE GIRLS ON THE ROAD &#8211; Empreendedoras pelo mundo"},"content":{"rendered":"<div>\n<div>\n<p><img loading=\"lazy\" decoding=\"async\" class=\"alignnone size-full wp-image-17178\" src=\"https:\/\/www.swedcham.com.br\/wp-content\/uploads\/2018\/09\/banner3.jpg\" alt=\"\" width=\"800\" height=\"160\" srcset=\"https:\/\/www.swedcham.com.br\/wp-content\/uploads\/2018\/09\/banner3.jpg 800w, https:\/\/www.swedcham.com.br\/wp-content\/uploads\/2018\/09\/banner3-600x120.jpg 600w, https:\/\/www.swedcham.com.br\/wp-content\/uploads\/2018\/09\/banner3-300x60.jpg 300w, https:\/\/www.swedcham.com.br\/wp-content\/uploads\/2018\/09\/banner3-768x154.jpg 768w\" sizes=\"auto, (max-width: 800px) 100vw, 800px\" \/><\/p>\n<p>Em\u00a026.10.2018\u00a0o\u00a0Comit\u00ea de Capital Humano\u00a0ter\u00e1 a honra de receber\u00a0Fernanda Moura e Taciana Mello-\u00a0fundadoras e realizadoras do projeto\u00a0<strong>The Girls on the Road\u00a0<\/strong>-que estar\u00e3o no Brasil para o lan\u00e7amento de seu livro e document\u00e1rio.<\/p>\n<\/div>\n<div><\/div>\n<div><strong>Palestrantes:<\/strong><\/div>\n<\/div>\n<p><img loading=\"lazy\" decoding=\"async\" class=\"alignnone wp-image-17180 size-medium\" src=\"https:\/\/www.swedcham.com.br\/wp-content\/uploads\/2018\/09\/1-300x169.jpeg\" alt=\"\" width=\"300\" height=\"169\" srcset=\"https:\/\/www.swedcham.com.br\/wp-content\/uploads\/2018\/09\/1-300x169.jpeg 300w, https:\/\/www.swedcham.com.br\/wp-content\/uploads\/2018\/09\/1-600x338.jpeg 600w, https:\/\/www.swedcham.com.br\/wp-content\/uploads\/2018\/09\/1.jpeg 640w\" sizes=\"auto, (max-width: 300px) 100vw, 300px\" \/><\/p>\n<div><strong>Fernanda Moura e Taciana Mello<\/strong><\/div>\n<div>\nDepois de carreiras bem sucedidas no mundo corporativo em empresas como Deloitte e PwC, Fernanda e Taciana sentiram a necessidade de sair em busca de inspira\u00e7\u00e3o. Esse desejo, aliado a uma intensa curiosidade pelo mundo empreendedor, levou ambas ao Vale do Sil\u00edcio e durante essa explora\u00e7\u00e3o, vivenciaram o enorme gap na participa\u00e7\u00e3o de mulheres como empreendedoras. Surgia a\u00ed o Projeto The Girls on the Road.<\/p>\n<p>Durante 15 meses, entre Julho de 2016 e Outubro de 2017, ambas embarcaram em uma miss\u00e3o para conhecer e entrevistar mulheres empreendedoras ao redor do mundo e contar suas hist\u00f3rias. Depois de 24 pa\u00edses nos 5 continentes e mais de 300 entrevistadas, o resultado final ser\u00e1 um document\u00e1rio e um livro que ser\u00e3o lan\u00e7ados durante 2018 compartilhando tais hist\u00f3rias e impactando outras mulheres para alcan\u00e7arem o seu potencial.<\/p>\n<p>Em 2017, Fernanda e Taciana tornaram-se Champions for Change 2016 \u2013 2017 Empower Women (UN Women) e t\u00eam desenvolvido atividades para destacar a import\u00e2ncia da independ\u00eancia econ\u00f4mica feminina e o aumento da participa\u00e7\u00e3o das mulheres na economia global.<\/p>\n<p>Entre Janeiro e Outubro de 2017, Taciana e Fernanda foram colunistas da revista \u00c9poca Neg\u00f3cios online e hoje t\u00eam uma coluna semanal no site da\u00a0 Pequenas Empresas, Grandes Neg\u00f3cios.<\/p><\/div>\n\n<h3 class=\"m_3176895204764632988m_-7456309968160772443m_-5953347527171562918m_-919258446742338626detail_h3\">Quando<\/h3>\n<div><span class=\"m_8215363500706865736m_-1492442068443120964mc-toc-title\">Sexta-feira, 26\u00a0de outubro\u00a02018 \u00e0s 08:30h.<\/span><\/div>\n<div><\/div>\n<h3 class=\"m_-1880619264556605387m_-2828052526049171145m_8215363500706865736m_-1492442068443120964m_-8622026719244850452m_-7456309968160772443m_-5953347527171562918m_-919258446742338626detail_h3\">Onde<\/h3>\n<p><span class=\"m_-1880619264556605387m_-2828052526049171145m_8215363500706865736m_-1492442068443120964mc-toc-title\"><strong>Swedcham<\/strong><br \/>\nRua Oscar Freire, 379, 12\u00ba\u00a0andar, Cj 121<br \/>\nCerqueira C\u00e9sar<\/span><\/p>\n<p>900 metros da nova estac\u00e3o Oscar Freire de metr\u00f4<\/p>\n<h3><b>Estacionamento<\/b><\/h3>\n<p><span class=\"m_-1880619264556605387m_-2828052526049171145m_8215363500706865736m_-1492442068443120964mc-toc-title\">Indicamos o estacionamento do\u00a0<\/span>Hotel Regent Park Rua Oscar Freire, 533.<\/p>\n<h3 class=\"m_3176895204764632988m_-7456309968160772443m_-5953347527171562918m_-919258446742338626detail_h3\"><strong>Agenda<\/strong><\/h3>\n<p><span class=\"m_8215363500706865736m_-1492442068443120964mc-toc-title\">08:30 &#8211; Welcome coffee<\/span><\/p>\n<p>09:00\u00a0&#8211; Introdu\u00e7\u00e3o: <strong>Carol <\/strong><strong>B\u00f6ttcher<\/strong><strong>&#8211; Coordenadora do HCC<\/strong><\/p>\n<p>09:05 &#8211; Apresenta\u00e7\u00e3o:\u00a0Fernanda Moura e Taciana Mello<\/p>\n<p><span class=\"m_8215363500706865736m_-1492442068443120964mc-toc-title\">10:30\u00a0Caf\u00e9 e\u00a0networking<\/span><\/p>\n<p>[extra_wrap]<\/p>\n<h3><strong>Idioma<\/strong><\/h3>\n<p>Portugu\u00eas<\/p>\n<h3><strong>Pre\u00e7o<\/strong><\/h3>\n<p>Gratuito para associados Swedcham<\/p>\n<p>Associados- reservas para: <a href=\"mailto:eventos@swedcham.com.br\">eventos@swedcham.com.br<\/a><\/p>\n<p>N\u00e3o associados: R$50,00 &#8211; Utilizar o link de reservas abaixo<\/p>\n<p><span class=\"m_7996880611596194568m_1991649268179737851m_8215363500706865736m_-1492442068443120964mc-toc-title\"><strong>RSVP by 24\/10\/2018<\/strong><\/span><\/p>\n<p>[extra_wrap]<\/p>\n","protected":false},"excerpt":{"rendered":"<p>Em\u00a026.10.2018\u00a0o\u00a0Comit\u00ea de Capital Humano\u00a0ter\u00e1 a honra de receber\u00a0Fernanda Moura e Taciana Mello-\u00a0fundadoras e realizadoras do projeto\u00a0The Girls on the Road\u00a0-que<\/p>\n","protected":false},"featured_media":0,"template":"","meta":[],"product_brand":[],"product_cat":[228],"product_tag":[],"class_list":{"0":"post-17184","1":"product","2":"type-product","3":"status-publish","5":"product_cat-our-events","7":"first","8":"instock","9":"shipping-taxable","10":"purchasable","11":"product-type-variable"},"_links":{"self":[{"href":"https:\/\/www.swedcham.com.br\/en\/wp-json\/wp\/v2\/product\/17184","targetHints":{"allow":["GET"]}}],"collection":[{"href":"https:\/\/www.swedcham.com.br\/en\/wp-json\/wp\/v2\/product"}],"about":[{"href":"https:\/\/www.swedcham.com.br\/en\/wp-json\/wp\/v2\/types\/product"}],"wp:attachment":[{"href":"https:\/\/www.swedcham.com.br\/en\/wp-json\/wp\/v2\/media?parent=17184"}],"wp:term":[{"taxonomy":"product_brand","embeddable":true,"href":"https:\/\/www.swedcham.com.br\/en\/wp-json\/wp\/v2\/product_brand?post=17184"},{"taxonomy":"product_cat","embeddable":true,"href":"https:\/\/www.swedcham.com.br\/en\/wp-json\/wp\/v2\/product_cat?post=17184"},{"taxonomy":"product_tag","embeddable":true,"href":"https:\/\/www.swedcham.com.br\/en\/wp-json\/wp\/v2\/product_tag?post=17184"}],"curies":[{"name":"wp","href":"https:\/\/api.w.org\/{rel}","templated":true}]}}