{"id":17155,"date":"2018-09-13T16:42:54","date_gmt":"2018-09-13T19:42:54","guid":{"rendered":"https:\/\/www.swedcham.com.br\/events\/coming-events\/jonkoping-university-onde-nascem-os-lideres-globais-15-10-2018\/"},"modified":"2022-02-15T15:41:31","modified_gmt":"2022-02-15T18:41:31","slug":"jonkoping-university-onde-nascem-os-lideres-globais-15-10-2018","status":"publish","type":"product","link":"https:\/\/www.swedcham.com.br\/en\/product\/our-events\/jonkoping-university-onde-nascem-os-lideres-globais-15-10-2018\/","title":{"rendered":"J\u00f6nk\u00f6ping University &#8211; Onde nascem os l\u00edderes globais"},"content":{"rendered":"<div>\n<p><strong>EST\u00c1 PENSANDO EM ESTUDAR NA SU\u00c9CIA?<\/strong><\/p>\n<p><img loading=\"lazy\" decoding=\"async\" class=\"alignnone size-full wp-image-17153\" src=\"https:\/\/www.swedcham.com.br\/wp-content\/uploads\/2018\/09\/Brazil.jpg\" alt=\"\" width=\"695\" height=\"364\" srcset=\"https:\/\/www.swedcham.com.br\/wp-content\/uploads\/2018\/09\/Brazil.jpg 695w, https:\/\/www.swedcham.com.br\/wp-content\/uploads\/2018\/09\/Brazil-600x314.jpg 600w, https:\/\/www.swedcham.com.br\/wp-content\/uploads\/2018\/09\/Brazil-300x157.jpg 300w\" sizes=\"auto, (max-width: 695px) 100vw, 695px\" \/><\/p>\n<div>\n<div>\n<p>A J\u00f6nk\u00f6ping University (JU) e a Objetivo Azul, como membros da Swedcham, convidam voc\u00ea a participar do nosso evento gratuito \u201cComo Come\u00e7ar uma Carreira Global na J\u00f6nk\u00f6ping University\u201d.<\/p>\n<p>N\u00e3o perca essa oportunidade de encontrar pessoalmente professores de uma das institui\u00e7\u00f5es mais internacionais da Su\u00e9cia, tirar d\u00favidas sobre processo de aplica\u00e7\u00e3o e descobrir todos os detalhes das oportunidades de estudar em Ingl\u00eas na Escandin\u00e1via.<\/p>\n<p>A J\u00f6nk\u00f6ping University \u00e9 a primeira escola de neg\u00f3cios da Su\u00e9cia a receber as certifica\u00e7\u00f5es EQUIS e AACSB, uma das l\u00edderes na \u00e1rea de internacionaliza\u00e7\u00e3o e possui um extenso programa de interc\u00e2mbio com cerca de 350 universidades parceiras espalhadas por todo o mundo. Isso sem falar das alian\u00e7as com empresas como Skype, Volvo, H&amp;M e IKEA!<\/p>\n<p>Quer saber mais? Baixe nosso eBook Gratuito:\u00a0\u201c7 Passos para voc\u00ea estudar na J\u00f6nk\u00f6ping University\u201d no site \u2013\u00a0<u><a href=\"http:\/\/www.objetivoazul.com.br\" target=\"_blank\" rel=\"noopener\" data-cke-saved-href=\"http:\/\/www.objetivoazul.com.br\">www.objetivoazul.com.br<\/a><\/u>. J\u00e1 saia na frente sabendo informa\u00e7\u00f5es sobre os programas acad\u00eamicos oferecidos, estimativas de custos de vida e alimenta\u00e7\u00e3o, detalhamento do campus e muito mais!<\/p>\n<p>Veja alguns depoimentos de alunos brasileiros que j\u00e1 est\u00e3o estudando na J\u00f6nk\u00f6ping University:<\/p>\n<\/div>\n<div><a href=\"https:\/\/youtu.be\/QPfgGivWgWs\" target=\"_blank\" rel=\"noopener\" data-saferedirecturl=\"https:\/\/www.google.com\/url?q=https:\/\/youtu.be\/QPfgGivWgWs&amp;source=gmail&amp;ust=1539103066745000&amp;usg=AFQjCNHn5AjdvGWtyHDLNHzhaOifHjTB_g\" data-cke-saved-href=\"https:\/\/youtu.be\/QPfgGivWgWs\">Aluno JU &#8211; Patrick Beividas<\/a><a href=\"https:\/\/youtu.be\/cBYjtfZIIz4\" target=\"_blank\" rel=\"noopener\" data-saferedirecturl=\"https:\/\/www.google.com\/url?q=https:\/\/youtu.be\/cBYjtfZIIz4&amp;source=gmail&amp;ust=1539103066745000&amp;usg=AFQjCNGu3JW0t8v4uFDlShCZYSefk4QObg\" data-cke-saved-href=\"https:\/\/youtu.be\/cBYjtfZIIz4\">Aluno JU &#8211; Victor Vallim<\/a><\/p>\n<\/div>\n<\/div>\n<\/div>\n\n<h3 class=\"m_3176895204764632988m_-7456309968160772443m_-5953347527171562918m_-919258446742338626detail_h3\">Quando<\/h3>\n<div>Segunda-feira, 15 de outubro, \u00e0s 17:00h<\/div>\n<div><\/div>\n<h3 class=\"m_-1880619264556605387m_-2828052526049171145m_8215363500706865736m_-1492442068443120964m_-8622026719244850452m_-7456309968160772443m_-5953347527171562918m_-919258446742338626detail_h3\">Onde<\/h3>\n<p><span class=\"m_-1880619264556605387m_-2828052526049171145m_8215363500706865736m_-1492442068443120964mc-toc-title\"><strong>Swedcham<\/strong><br \/>\nRua Oscar Freire, 379, 12\u00ba\u00a0andar, Cj 121<br \/>\nCerqueira C\u00e9sar<\/span><\/p>\n<p><strong>900 metros da nova estac\u00e3o Oscar Freire de metr\u00f4<\/strong><\/p>\n<h3><b>Estacionamento<\/b><\/h3>\n<p><span class=\"m_-1880619264556605387m_-2828052526049171145m_8215363500706865736m_-1492442068443120964mc-toc-title\">Indicamos o estacionamento do\u00a0<\/span>Hotel Regent Park Rua Oscar Freire, 533.<\/p>\n<h3 class=\"m_3176895204764632988m_-7456309968160772443m_-5953347527171562918m_-919258446742338626detail_h3\"><strong>Agenda<\/strong><\/h3>\n<p class=\"m_3176895204764632988m_-7456309968160772443m_-5953347527171562918m_-919258446742338626detail_h3\"><span class=\"m_7996880611596194568m_1991649268179737851m_8215363500706865736m_-1492442068443120964mc-toc-title\">\u00a0 17:00-17:30 &#8211; Welcome Coffee<\/span><\/p>\n<p>17:30-18:30 &#8211; Apresenta\u00e7\u00f5es<\/p>\n<p>18:30-19:00 &#8211; Fika\/ Networking<\/p>\n<p>[extra_wrap]<\/p>\n<h3><strong>Idioma<\/strong><\/h3>\n<p>Portugu\u00eas \/ Ingl\u00eas<\/p>\n<h3><strong>Pre\u00e7o<\/strong><\/h3>\n<p>Evento gratuito<\/p>\n<p><span class=\"m_7996880611596194568m_1991649268179737851m_8215363500706865736m_-1492442068443120964mc-toc-title\"><strong>RSVP by <\/strong><\/span><strong>10\/10\/2018<\/strong><br \/>\n<a href=\"mailto:eventos@swedcham.com.br?subject=Evento%2015%2F10\" target=\"_blank\" rel=\"noopener\" data-cke-saved-href=\"mailto:eventos@swedcham.com.br?subject=Evento%2015%2F10\">eventos@swedcham.com.br<\/a><br \/>\nFone: <a href=\"tel:+55%2011%203066-2554\" target=\"_blank\" rel=\"noopener\" data-cke-saved-href=\"tel:+55%2011%203066-2554\">+55 (11) 3066-2554<\/a><\/p>\n<p><strong>O que os alunos acham da J\u00f6nk\u00f6ping university:<\/strong><\/p>\n<p><a href=\"https:\/\/www.youtube.com\/watch?v=nzZgBgfzO3E&amp;feature=youtu.be\" target=\"_blank\" rel=\"noopener\" data-saferedirecturl=\"https:\/\/www.google.com\/url?hl=pt-BR&amp;q=https:\/\/youtu.be\/nzZgBgfzO3E&amp;source=gmail&amp;ust=1519482344806000&amp;usg=AFQjCNE2E43qvIqxHOWPT2zlNYTmYV6DNg\" data-cke-saved-href=\"https:\/\/www.youtube.com\/watch?v=nzZgBgfzO3E&amp;feature=youtu.be\">About J\u00f6nk\u00f6ping University<\/a><\/p>\n<p><a href=\"https:\/\/www.youtube.com\/watch?v=VWBQl4UOvOw\" target=\"_blank\" rel=\"noopener\" data-cke-saved-href=\"https:\/\/www.youtube.com\/watch?v=VWBQl4UOvOw\">J\u00f6nk\u00f6ping University- Event at Swedcham 2016<\/a><\/p>\n<p><a href=\"https:\/\/www.youtube.com\/watch?v=e5fXVfN2iGI\" target=\"_blank\" rel=\"noopener\" data-cke-saved-href=\"https:\/\/www.youtube.com\/watch?v=e5fXVfN2iGI\">Live Webinar by BRASA Bate Papo &#8211; J\u00f6nk\u00f6ping University na Su\u00e9cia<\/a><\/p>\n<p><a href=\"https:\/\/www.youtube.com\/watch?v=gcNirDCy52k\" target=\"_blank\" rel=\"noopener\" data-cke-saved-href=\"https:\/\/www.youtube.com\/watch?v=gcNirDCy52k\">Live Webinar by J\u00f6nk\u00f6ping University \u2013 Sweden: 7 reasons to grow your knowledge and create a foundation for a Global Career\u00a0<\/a><\/p>\n<p>[extra_wrap]<\/p>\n","protected":false},"excerpt":{"rendered":"<p>EST\u00c1 PENSANDO EM ESTUDAR NA SU\u00c9CIA? A J\u00f6nk\u00f6ping University (JU) e a Objetivo Azul, como membros da Swedcham, convidam voc\u00ea<\/p>\n","protected":false},"featured_media":0,"template":"","meta":[],"product_brand":[],"product_cat":[228],"product_tag":[],"class_list":{"0":"post-17155","1":"product","2":"type-product","3":"status-publish","5":"product_cat-our-events","7":"first","8":"instock","9":"shipping-taxable","10":"product-type-simple"},"_links":{"self":[{"href":"https:\/\/www.swedcham.com.br\/en\/wp-json\/wp\/v2\/product\/17155","targetHints":{"allow":["GET"]}}],"collection":[{"href":"https:\/\/www.swedcham.com.br\/en\/wp-json\/wp\/v2\/product"}],"about":[{"href":"https:\/\/www.swedcham.com.br\/en\/wp-json\/wp\/v2\/types\/product"}],"wp:attachment":[{"href":"https:\/\/www.swedcham.com.br\/en\/wp-json\/wp\/v2\/media?parent=17155"}],"wp:term":[{"taxonomy":"product_brand","embeddable":true,"href":"https:\/\/www.swedcham.com.br\/en\/wp-json\/wp\/v2\/product_brand?post=17155"},{"taxonomy":"product_cat","embeddable":true,"href":"https:\/\/www.swedcham.com.br\/en\/wp-json\/wp\/v2\/product_cat?post=17155"},{"taxonomy":"product_tag","embeddable":true,"href":"https:\/\/www.swedcham.com.br\/en\/wp-json\/wp\/v2\/product_tag?post=17155"}],"curies":[{"name":"wp","href":"https:\/\/api.w.org\/{rel}","templated":true}]}}