{"id":17124,"date":"2018-09-03T16:22:11","date_gmt":"2018-09-03T19:22:11","guid":{"rendered":"https:\/\/www.swedcham.com.br\/events\/coming-events\/17121\/"},"modified":"2022-02-15T15:41:23","modified_gmt":"2022-02-15T18:41:23","slug":"17121","status":"publish","type":"product","link":"https:\/\/www.swedcham.com.br\/en\/product\/our-events\/17121\/","title":{"rendered":"Visita \u00e0 Finep para apresenta\u00e7\u00e3o de linhas de financiamento"},"content":{"rendered":"<div>\n<div><\/div>\n<div><\/div>\n<\/div>\n<p><a href=\"https:\/\/docs.google.com\/forms\/d\/e\/1FAIpQLSepZ8_-N8zPGj-sp4nXPw6b9g4dAwaD71P4xUbpGNA8czlrzg\/viewform\"><img loading=\"lazy\" decoding=\"async\" class=\"alignnone size-full wp-image-17122\" src=\"https:\/\/www.swedcham.com.br\/wp-content\/uploads\/2018\/09\/finep.jpg\" alt=\"\" width=\"1000\" height=\"1840\" srcset=\"https:\/\/www.swedcham.com.br\/wp-content\/uploads\/2018\/09\/finep.jpg 1000w, https:\/\/www.swedcham.com.br\/wp-content\/uploads\/2018\/09\/finep-600x1104.jpg 600w, https:\/\/www.swedcham.com.br\/wp-content\/uploads\/2018\/09\/finep-163x300.jpg 163w, https:\/\/www.swedcham.com.br\/wp-content\/uploads\/2018\/09\/finep-768x1413.jpg 768w, https:\/\/www.swedcham.com.br\/wp-content\/uploads\/2018\/09\/finep-557x1024.jpg 557w\" sizes=\"auto, (max-width: 1000px) 100vw, 1000px\" \/><\/a><\/p>\n","protected":false},"excerpt":{"rendered":"","protected":false},"featured_media":0,"template":"","meta":[],"product_brand":[],"product_cat":[228],"product_tag":[],"class_list":{"0":"post-17124","1":"product","2":"type-product","3":"status-publish","5":"product_cat-our-events","7":"first","8":"instock","9":"shipping-taxable","10":"product-type-simple"},"_links":{"self":[{"href":"https:\/\/www.swedcham.com.br\/en\/wp-json\/wp\/v2\/product\/17124","targetHints":{"allow":["GET"]}}],"collection":[{"href":"https:\/\/www.swedcham.com.br\/en\/wp-json\/wp\/v2\/product"}],"about":[{"href":"https:\/\/www.swedcham.com.br\/en\/wp-json\/wp\/v2\/types\/product"}],"wp:attachment":[{"href":"https:\/\/www.swedcham.com.br\/en\/wp-json\/wp\/v2\/media?parent=17124"}],"wp:term":[{"taxonomy":"product_brand","embeddable":true,"href":"https:\/\/www.swedcham.com.br\/en\/wp-json\/wp\/v2\/product_brand?post=17124"},{"taxonomy":"product_cat","embeddable":true,"href":"https:\/\/www.swedcham.com.br\/en\/wp-json\/wp\/v2\/product_cat?post=17124"},{"taxonomy":"product_tag","embeddable":true,"href":"https:\/\/www.swedcham.com.br\/en\/wp-json\/wp\/v2\/product_tag?post=17124"}],"curies":[{"name":"wp","href":"https:\/\/api.w.org\/{rel}","templated":true}]}}