{"id":15634,"date":"2018-05-23T14:21:55","date_gmt":"2018-05-23T17:21:55","guid":{"rendered":"https:\/\/www.swedcham.com.br\/events\/coming-events\/https-www-sympla-com-br-eleicoes-2018-almoco-com-ciro-gomes-no-club-transatlantico__294960\/"},"modified":"2022-02-15T15:55:06","modified_gmt":"2022-02-15T18:55:06","slug":"https-www-sympla-com-br-eleicoes-2018-almoco-com-ciro-gomes-no-club-transatlantico__294960","status":"publish","type":"product","link":"https:\/\/www.swedcham.com.br\/en\/product\/our-events\/https-www-sympla-com-br-eleicoes-2018-almoco-com-ciro-gomes-no-club-transatlantico__294960\/","title":{"rendered":"Euroc\u00e2maras &#8211; Almo\u00e7o com Ciro Gomes &#8211; Elei\u00e7\u00f5es 2018"},"content":{"rendered":"<figure id=\"attachment_15632\" aria-describedby=\"caption-attachment-15632\" style=\"width: 760px\" class=\"wp-caption alignnone\"><a href=\"https:\/\/www.sympla.com.br\/eleicoes-2018--almoco-com-ciro-gomes-no-club-transatlantico__294960\"><img loading=\"lazy\" decoding=\"async\" class=\"wp-image-15632 size-full\" src=\"https:\/\/www.swedcham.com.br\/wp-content\/uploads\/2018\/05\/ciro-gomes.jpg\" alt=\"\" width=\"760\" height=\"1150\" srcset=\"https:\/\/www.swedcham.com.br\/wp-content\/uploads\/2018\/05\/ciro-gomes.jpg 760w, https:\/\/www.swedcham.com.br\/wp-content\/uploads\/2018\/05\/ciro-gomes-600x908.jpg 600w, https:\/\/www.swedcham.com.br\/wp-content\/uploads\/2018\/05\/ciro-gomes-198x300.jpg 198w, https:\/\/www.swedcham.com.br\/wp-content\/uploads\/2018\/05\/ciro-gomes-677x1024.jpg 677w\" sizes=\"auto, (max-width: 760px) 100vw, 760px\" \/><\/a><figcaption id=\"caption-attachment-15632\" class=\"wp-caption-text\">mockups-design.com<\/figcaption><\/figure>\n<div>\n<p>&nbsp;<\/p>\n<p>&nbsp;<\/p>\n<\/div>\n","protected":false},"excerpt":{"rendered":"<p>&nbsp; &nbsp;<\/p>\n","protected":false},"featured_media":0,"template":"","meta":[],"product_brand":[],"product_cat":[228],"product_tag":[],"class_list":{"0":"post-15634","1":"product","2":"type-product","3":"status-publish","5":"product_cat-our-events","7":"first","8":"instock","9":"shipping-taxable","10":"product-type-simple"},"_links":{"self":[{"href":"https:\/\/www.swedcham.com.br\/en\/wp-json\/wp\/v2\/product\/15634","targetHints":{"allow":["GET"]}}],"collection":[{"href":"https:\/\/www.swedcham.com.br\/en\/wp-json\/wp\/v2\/product"}],"about":[{"href":"https:\/\/www.swedcham.com.br\/en\/wp-json\/wp\/v2\/types\/product"}],"wp:attachment":[{"href":"https:\/\/www.swedcham.com.br\/en\/wp-json\/wp\/v2\/media?parent=15634"}],"wp:term":[{"taxonomy":"product_brand","embeddable":true,"href":"https:\/\/www.swedcham.com.br\/en\/wp-json\/wp\/v2\/product_brand?post=15634"},{"taxonomy":"product_cat","embeddable":true,"href":"https:\/\/www.swedcham.com.br\/en\/wp-json\/wp\/v2\/product_cat?post=15634"},{"taxonomy":"product_tag","embeddable":true,"href":"https:\/\/www.swedcham.com.br\/en\/wp-json\/wp\/v2\/product_tag?post=15634"}],"curies":[{"name":"wp","href":"https:\/\/api.w.org\/{rel}","templated":true}]}}