{"id":15560,"date":"2018-05-03T13:55:10","date_gmt":"2018-05-03T16:55:10","guid":{"rendered":"https:\/\/www.swedcham.com.br\/events\/coming-events\/comite-de-inovacao-e-sustentabilidade-visita-o-cit-centro-de-inovacao-e-tecnologia-da-gs1-brasil\/"},"modified":"2022-02-15T15:56:49","modified_gmt":"2022-02-15T18:56:49","slug":"comite-de-inovacao-e-sustentabilidade-visita-o-cit-centro-de-inovacao-e-tecnologia-da-gs1-brasil","status":"publish","type":"product","link":"https:\/\/www.swedcham.com.br\/en\/product\/our-events\/comite-de-inovacao-e-sustentabilidade-visita-o-cit-centro-de-inovacao-e-tecnologia-da-gs1-brasil\/","title":{"rendered":"Comit\u00ea de Inova\u00e7\u00e3o e Sustentabilidade visita o CIT &#8211; Centro de Inova\u00e7\u00e3o e Tecnologia da GS1 Brasil"},"content":{"rendered":"<p><strong>A AUTOMA\u00c7\u00c3O NA IND\u00daSTRIA &#8211; COMO A TECNOLOGIA EST\u00c1 REVOLUCIONADO OS PROCESSOS PRODUTIVOS\u00a0<\/strong><\/p>\n<p><img loading=\"lazy\" decoding=\"async\" class=\"alignnone wp-image-15556 size-full\" src=\"https:\/\/www.swedcham.com.br\/wp-content\/uploads\/2018\/05\/CIT_GS1Brasil5.jpg\" alt=\"\" width=\"1256\" height=\"836\" srcset=\"https:\/\/www.swedcham.com.br\/wp-content\/uploads\/2018\/05\/CIT_GS1Brasil5.jpg 1256w, https:\/\/www.swedcham.com.br\/wp-content\/uploads\/2018\/05\/CIT_GS1Brasil5-600x399.jpg 600w, https:\/\/www.swedcham.com.br\/wp-content\/uploads\/2018\/05\/CIT_GS1Brasil5-300x200.jpg 300w, https:\/\/www.swedcham.com.br\/wp-content\/uploads\/2018\/05\/CIT_GS1Brasil5-768x511.jpg 768w, https:\/\/www.swedcham.com.br\/wp-content\/uploads\/2018\/05\/CIT_GS1Brasil5-1024x682.jpg 1024w, https:\/\/www.swedcham.com.br\/wp-content\/uploads\/2018\/05\/CIT_GS1Brasil5-215x143.jpg 215w\" sizes=\"auto, (max-width: 1256px) 100vw, 1256px\" \/><\/p>\n<p>Convidamos voc\u00ea \u00e0 participar do Encontro do Comit\u00ea de Inova\u00e7\u00e3o e Sustentabilidade da Swedcham.<\/p>\n<p>Nesta edi\u00e7\u00e3o, nos reuniremos na sede da GS1 Brasil &#8211; Associa\u00e7\u00e3o Brasileira de Automa\u00e7\u00e3o, entidade respons\u00e1vel por implementar e disseminar padr\u00f5es mundiais de identifica\u00e7\u00e3o que visam a m\u00e1xima efici\u00eancia dos processos da cadeia de suprimentos.<\/p>\n<p>Dentro da programa\u00e7\u00e3o do dia, visitaremos o CIT &#8211; Centro de Inova\u00e7\u00e3o e Tecnologia da GS1 Brasil, refer\u00eancia mundial em \u200bconhecimento, capacita\u00e7\u00e3o e exper\u200b\u200bi\u00eancia que vai ampliar suas perspecti\u200b\u200bvas sobre automa\u00e7\u00e3o, log\u00edstica e cadeia de \u200bsuprimentos.<\/p>\n<p>Esta ser\u00e1 uma grande oportunidade de conhecer solu\u00e7\u00f5es j\u00e1 dispon\u00edveis para o mercado e se conectar com provedores de tecnologias em um dos centros mais modernos do mundo!<\/p>\n\n<h3 class=\"m_3176895204764632988m_-7456309968160772443m_-5953347527171562918m_-919258446742338626detail_h3\"><b>Quando<\/b><\/h3>\n<p class=\"m_3176895204764632988m_-7456309968160772443m_-5953347527171562918m_-919258446742338626detail_h3\">Sexta-feira 18 de Maio de 2018<br \/>\nDas 08:30 \u00e0s 11:30<\/p>\n<h3 class=\"m_3176895204764632988m_-7456309968160772443m_-5953347527171562918m_-919258446742338626detail_h3\"><b>Onde<\/b><\/h3>\n<p><strong>GS1 Brasil \u2013 Associa\u00e7\u00e3o Brasileira de Automa\u00e7\u00e3o<\/strong><br \/>\n<a href=\"https:\/\/maps.google.com\/?q=Rua+Henrique+Monteiro,+79+-+Pinheiros&amp;entry=gmail&amp;source=g\" target=\"_blank\" rel=\"noopener\" data-saferedirecturl=\"https:\/\/www.google.com\/url?hl=pt-BR&amp;q=https:\/\/maps.google.com\/?q%3DRua%2BHenrique%2BMonteiro,%2B79%2B-%2BPinheiros%26entry%3Dgmail%26source%3Dg&amp;source=gmail&amp;ust=1524856531367000&amp;usg=AFQjCNE79qpbyAyHzOcoRJCPWQbM0wrNDg\">Rua Henrique Monteiro, 79 &#8211; Pinheiros<\/a><\/p>\n<h3 class=\"m_3176895204764632988m_-7456309968160772443m_-5953347527171562918m_-919258446742338626detail_h3\"><b>Programa<strong>\u00e7\u00e3o<\/strong><\/b><\/h3>\n<p class=\"m_3176895204764632988m_-7456309968160772443m_-5953347527171562918m_-919258446742338626detail_h3\"><a href=\"https:\/\/www.swedcham.com.br\/wp-content\/uploads\/2018\/05\/PROGRAMACAO.pdf\" target=\"_blank\" rel=\"noopener\" data-saferedirecturl=\"https:\/\/www.google.com\/url?hl=pt-BR&amp;q=https:\/\/www.swedcham.com.br\/wp-content\/uploads\/2018\/05\/PROGRAMACAO.pdf&amp;source=gmail&amp;ust=1525545184445000&amp;usg=AFQjCNFS78b1irP0NDsSpjM5odY6FuvqTQ\">Clique aqui para acessar a programa\u00e7\u00e3o completa<\/a><\/p>\n<p>&nbsp;<\/p>\n<h3><strong>Investimento<\/strong><\/h3>\n<p>Membros: Gratuito<br \/>\nN\u00e3o Membros: R$50,00<\/p>\n<h3><strong>Reservas<\/strong><\/h3>\n<p>Membros: <a href=\"http:\/\/www.gs1br.org\/educacao-e-pratica\/eventos\/CAMP-05075-F8L0Y3\">clique aqui para fazer sua reserva<\/a><\/p>\n<p>N\u00e3o Membros: entrar em contato com a swedcham- <a href=\"mailto:eventos@swedcham.com.br\">eventos@swedcham.com.br<\/a><\/p>\n<p>RSVP by 15 de Maio<\/p>\n","protected":false},"excerpt":{"rendered":"<p>A AUTOMA\u00c7\u00c3O NA IND\u00daSTRIA &#8211; COMO A TECNOLOGIA EST\u00c1 REVOLUCIONADO OS PROCESSOS PRODUTIVOS\u00a0 Convidamos voc\u00ea \u00e0 participar do Encontro do<\/p>\n","protected":false},"featured_media":0,"template":"","meta":[],"product_brand":[],"product_cat":[228],"product_tag":[],"class_list":{"0":"post-15560","1":"product","2":"type-product","3":"status-publish","5":"product_cat-our-events","7":"first","8":"instock","9":"shipping-taxable","10":"product-type-simple"},"_links":{"self":[{"href":"https:\/\/www.swedcham.com.br\/en\/wp-json\/wp\/v2\/product\/15560","targetHints":{"allow":["GET"]}}],"collection":[{"href":"https:\/\/www.swedcham.com.br\/en\/wp-json\/wp\/v2\/product"}],"about":[{"href":"https:\/\/www.swedcham.com.br\/en\/wp-json\/wp\/v2\/types\/product"}],"wp:attachment":[{"href":"https:\/\/www.swedcham.com.br\/en\/wp-json\/wp\/v2\/media?parent=15560"}],"wp:term":[{"taxonomy":"product_brand","embeddable":true,"href":"https:\/\/www.swedcham.com.br\/en\/wp-json\/wp\/v2\/product_brand?post=15560"},{"taxonomy":"product_cat","embeddable":true,"href":"https:\/\/www.swedcham.com.br\/en\/wp-json\/wp\/v2\/product_cat?post=15560"},{"taxonomy":"product_tag","embeddable":true,"href":"https:\/\/www.swedcham.com.br\/en\/wp-json\/wp\/v2\/product_tag?post=15560"}],"curies":[{"name":"wp","href":"https:\/\/api.w.org\/{rel}","templated":true}]}}