{"id":15525,"date":"2018-04-27T11:18:24","date_gmt":"2018-04-27T14:18:24","guid":{"rendered":"https:\/\/www.swedcham.com.br\/events\/coming-events\/blockchain-aspectos-regulatorios-aplicacoes-e-relevancia-para-um-futuro-cada-vez-mais-digital\/"},"modified":"2022-02-15T15:56:59","modified_gmt":"2022-02-15T18:56:59","slug":"blockchain-aspectos-regulatorios-aplicacoes-e-relevancia-para-um-futuro-cada-vez-mais-digital","status":"publish","type":"product","link":"https:\/\/www.swedcham.com.br\/en\/product\/our-events\/blockchain-aspectos-regulatorios-aplicacoes-e-relevancia-para-um-futuro-cada-vez-mais-digital\/","title":{"rendered":"Comit\u00ea Financeiro: Blockchain"},"content":{"rendered":"<p><strong>O Comit\u00ea Financeiro convida para palestra:<\/strong><\/p>\n<p><strong>Blockchain &#8211; Aspectos regulat\u00f3rios, aplica\u00e7\u00f5es e relev\u00e2ncia para um futuro cada vez mais digital.<\/strong><\/p>\n<p><strong>Palestrantes convidados:<\/strong><\/p>\n<p class=\"m_3630756642185695850normal\" style=\"text-align: left;\"><img loading=\"lazy\" decoding=\"async\" class=\"alignleft wp-image-15516 size-thumbnail\" src=\"https:\/\/www.swedcham.com.br\/wp-content\/uploads\/2018\/04\/Safiri-Felix-foto-150x150.jpg\" alt=\"\" width=\"150\" height=\"150\" srcset=\"https:\/\/www.swedcham.com.br\/wp-content\/uploads\/2018\/04\/Safiri-Felix-foto-150x150.jpg 150w, https:\/\/www.swedcham.com.br\/wp-content\/uploads\/2018\/04\/Safiri-Felix-foto-300x300.jpg 300w, https:\/\/www.swedcham.com.br\/wp-content\/uploads\/2018\/04\/Safiri-Felix-foto-100x100.jpg 100w\" sizes=\"auto, (max-width: 150px) 100vw, 150px\" \/><\/p>\n<p style=\"font-weight: 400;\"><strong>Safiri Felix<\/strong><br \/>\nSafiri Felix, especialista em criptomoedas, sendo um dos pioneiros no mercado brasileiro de Bitcoin. Business Developer da ConsenSys, l\u00edder global no desenvolvimento de aplica\u00e7\u00f5es em blockchain, atuando em 4 frentes principais: Consultoria, Educa\u00e7\u00e3o, Capital e venture studio com mais de 30 startups focadas em aplica\u00e7\u00f5es descentralizadas baseadas em Ethereum.<\/p>\n<p>&nbsp;<\/p>\n<p class=\"m_3630756642185695850normal\" style=\"text-align: left;\"><img loading=\"lazy\" decoding=\"async\" class=\"wp-image-15518 size-thumbnail alignleft\" src=\"https:\/\/www.swedcham.com.br\/wp-content\/uploads\/2018\/04\/marcelo-150x150.jpg\" alt=\"\" width=\"150\" height=\"150\" srcset=\"https:\/\/www.swedcham.com.br\/wp-content\/uploads\/2018\/04\/marcelo-150x150.jpg 150w, https:\/\/www.swedcham.com.br\/wp-content\/uploads\/2018\/04\/marcelo-100x100.jpg 100w\" sizes=\"auto, (max-width: 150px) 100vw, 150px\" \/><\/p>\n<p style=\"margin: 0cm; margin-bottom: .0001pt;\"><strong>Marcelo Eisele\u00a0 \u00a0 \u00a0 \u00a0 \u00a0 \u00a0 \u00a0 \u00a0 \u00a0 \u00a0 \u00a0 \u00a0 \u00a0 \u00a0 \u00a0 \u00a0 \u00a0 \u00a0 \u00a0<\/strong><\/p>\n<p style=\"margin: 0cm; margin-bottom: .0001pt;\">Especialista em Cash Management com mais de 25 anos de experi\u00eancia com passagens pelos principais bancos do Brasil. Em final de 2015 desenvolveu o primeiro prot\u00f3tipo de Smart Contracts em Ethereum para Escrow Account em conjunto com a Microsoft e sua parceira Consensys. Foi cofundador da Blockchain Academy, primeira escola brasileira especializada no ensino de Criptomoedas, Bitcoin e Blockchain e atualmente trabalha na Microsoft Brasil como Digital Advisory para transforma\u00e7\u00e3o digital do setor financeiro.<\/p>\n<p>&nbsp;<\/p>\n<p><img loading=\"lazy\" decoding=\"async\" class=\"alignleft wp-image-15520 size-thumbnail\" src=\"https:\/\/www.swedcham.com.br\/wp-content\/uploads\/2018\/04\/renato-opice-blum-150x150.jpg\" alt=\"\" width=\"150\" height=\"150\" srcset=\"https:\/\/www.swedcham.com.br\/wp-content\/uploads\/2018\/04\/renato-opice-blum-150x150.jpg 150w, https:\/\/www.swedcham.com.br\/wp-content\/uploads\/2018\/04\/renato-opice-blum-300x300.jpg 300w, https:\/\/www.swedcham.com.br\/wp-content\/uploads\/2018\/04\/renato-opice-blum-100x100.jpg 100w\" sizes=\"auto, (max-width: 150px) 100vw, 150px\" \/><strong>Renato Opice Blum<\/strong><br \/>\nMestre pela Florida Christian University, advogado e economista; Professor coordenador do curso de Direito Digital do INSPER e do MBA em Direito Eletr\u00f4nico da Escola Paulista de Direito; Professor da USP; Membro do Conselho Executivo do Estudo T\u00e9cnico da Internet das Coisas \u2013 IoT; Foi Vice-Chair do comit\u00ea de Privacidade, Com\u00e9rcio Eletr\u00f4nico e Seguran\u00e7a de dados da American Bar Association e da Comiss\u00e3o de Associados da Am\u00e9rica do Sul da International Technology Law Association; Membro Convidado do Grupo de Cybercrimes do Conselho da Europa; Membro da Associa\u00e7\u00e3o Europ\u00e9ia de Privacidade \u2013 EPA\u2019S; Membro Convidado da \u00a0EuroPrivacy (Senior Expert em Prote\u00e7\u00e3o de Dados); Presidente da Comiss\u00e3o Permanente de Estudos de Tecnologia e Informa\u00e7\u00e3o do IASP; Coordenador da Comiss\u00e3o de Estudos de Direito Digital do Conselho Superior de Direito \u2013 FECOMERCIO\/SP<\/p>\n\n<h3>Quando<\/h3>\n<p>Segunda-feira, 28 de maio \u00e0s 08:30h.<\/p>\n<h3>Onde<\/h3>\n<p>Swedcham &#8211; Rua Oscar Freire, 379, 12\u00ba andar, Cj 121<br \/>\nCerqueira Cesar, S\u00e3o Paulo-SP &#8211; CEP: 01426-001<\/p>\n<p><strong>Estacionamento<\/strong>: Recomendamos o Hotel Regent Park, Rua Oscar Freire, 533.<\/p>\n<h3>Programa\u00e7\u00e3o<\/h3>\n<p>\u00b7 08:30\u00a0Welcome Coffee<\/p>\n<p>\u00b7 09:00<strong>\u00a0<\/strong>Boas-vindas &#8211; Jonas Lindstr\u00f6m- Swedcham<\/p>\n<p>\u00b7 09:05<strong>\u00a0<\/strong>Apresenta\u00e7\u00f5es<\/p>\n<p>\u00b7 10:30 Debate- Qs and As<\/p>\n<p><strong>Mediador:\u00a0Marcio Zanetti- Comit\u00ea Financeiro- Swedcham<\/strong><\/p>\n\n<div>\n<p>RSVP at\u00e9 25\/05<\/p>\n<\/div>\n","protected":false},"excerpt":{"rendered":"<p>O Comit\u00ea Financeiro convida para palestra: Blockchain &#8211; Aspectos regulat\u00f3rios, aplica\u00e7\u00f5es e relev\u00e2ncia para um futuro cada vez mais digital.<\/p>\n","protected":false},"featured_media":0,"template":"","meta":[],"product_brand":[],"product_cat":[228],"product_tag":[],"class_list":{"0":"post-15525","1":"product","2":"type-product","3":"status-publish","5":"product_cat-our-events","7":"first","8":"instock","9":"shipping-taxable","10":"purchasable","11":"product-type-variable"},"_links":{"self":[{"href":"https:\/\/www.swedcham.com.br\/en\/wp-json\/wp\/v2\/product\/15525","targetHints":{"allow":["GET"]}}],"collection":[{"href":"https:\/\/www.swedcham.com.br\/en\/wp-json\/wp\/v2\/product"}],"about":[{"href":"https:\/\/www.swedcham.com.br\/en\/wp-json\/wp\/v2\/types\/product"}],"wp:attachment":[{"href":"https:\/\/www.swedcham.com.br\/en\/wp-json\/wp\/v2\/media?parent=15525"}],"wp:term":[{"taxonomy":"product_brand","embeddable":true,"href":"https:\/\/www.swedcham.com.br\/en\/wp-json\/wp\/v2\/product_brand?post=15525"},{"taxonomy":"product_cat","embeddable":true,"href":"https:\/\/www.swedcham.com.br\/en\/wp-json\/wp\/v2\/product_cat?post=15525"},{"taxonomy":"product_tag","embeddable":true,"href":"https:\/\/www.swedcham.com.br\/en\/wp-json\/wp\/v2\/product_tag?post=15525"}],"curies":[{"name":"wp","href":"https:\/\/api.w.org\/{rel}","templated":true}]}}