{"id":15513,"date":"2018-04-27T10:47:26","date_gmt":"2018-04-27T13:47:26","guid":{"rendered":"https:\/\/www.swedcham.com.br\/events\/coming-events\/inteligencia-artificial-novos-inputs-para-gestao-estrategica\/"},"modified":"2022-02-15T15:57:00","modified_gmt":"2022-02-15T18:57:00","slug":"inteligencia-artificial-novos-inputs-para-gestao-estrategica","status":"publish","type":"product","link":"https:\/\/www.swedcham.com.br\/en\/product\/our-events\/inteligencia-artificial-novos-inputs-para-gestao-estrategica\/","title":{"rendered":"Intelig\u00eancia Artificial: novos inputs para gest\u00e3o estrat\u00e9gica"},"content":{"rendered":"<p><a href=\"https:\/\/docs.google.com\/forms\/d\/e\/1FAIpQLSfln9VRQ0P1ZAbVSf3D5sblUYNBhEOO9rMINRj38jFmworkLA\/viewform\"><img loading=\"lazy\" decoding=\"async\" class=\"alignnone wp-image-15511 size-full\" src=\"https:\/\/www.swedcham.com.br\/wp-content\/uploads\/2018\/04\/nbcc.png\" alt=\"\" width=\"541\" height=\"1171\" srcset=\"https:\/\/www.swedcham.com.br\/wp-content\/uploads\/2018\/04\/nbcc.png 541w, https:\/\/www.swedcham.com.br\/wp-content\/uploads\/2018\/04\/nbcc-139x300.png 139w, https:\/\/www.swedcham.com.br\/wp-content\/uploads\/2018\/04\/nbcc-473x1024.png 473w\" sizes=\"auto, (max-width: 541px) 100vw, 541px\" \/><\/a><\/p>\n<div>\n<p>&nbsp;<\/p>\n<\/div>\n","protected":false},"excerpt":{"rendered":"<p>&nbsp;<\/p>\n","protected":false},"featured_media":0,"template":"","meta":[],"product_brand":[],"product_cat":[228],"product_tag":[],"class_list":{"0":"post-15513","1":"product","2":"type-product","3":"status-publish","5":"product_cat-our-events","7":"first","8":"instock","9":"shipping-taxable","10":"product-type-simple"},"_links":{"self":[{"href":"https:\/\/www.swedcham.com.br\/en\/wp-json\/wp\/v2\/product\/15513","targetHints":{"allow":["GET"]}}],"collection":[{"href":"https:\/\/www.swedcham.com.br\/en\/wp-json\/wp\/v2\/product"}],"about":[{"href":"https:\/\/www.swedcham.com.br\/en\/wp-json\/wp\/v2\/types\/product"}],"wp:attachment":[{"href":"https:\/\/www.swedcham.com.br\/en\/wp-json\/wp\/v2\/media?parent=15513"}],"wp:term":[{"taxonomy":"product_brand","embeddable":true,"href":"https:\/\/www.swedcham.com.br\/en\/wp-json\/wp\/v2\/product_brand?post=15513"},{"taxonomy":"product_cat","embeddable":true,"href":"https:\/\/www.swedcham.com.br\/en\/wp-json\/wp\/v2\/product_cat?post=15513"},{"taxonomy":"product_tag","embeddable":true,"href":"https:\/\/www.swedcham.com.br\/en\/wp-json\/wp\/v2\/product_tag?post=15513"}],"curies":[{"name":"wp","href":"https:\/\/api.w.org\/{rel}","templated":true}]}}