{"id":15476,"date":"2018-04-17T11:55:56","date_gmt":"2018-04-17T14:55:56","guid":{"rendered":"https:\/\/www.swedcham.com.br\/events\/coming-events\/eurocamaras-almoco-com-henrique-meirelles\/"},"modified":"2022-02-15T15:57:16","modified_gmt":"2022-02-15T18:57:16","slug":"eurocamaras-almoco-com-henrique-meirelles","status":"publish","type":"product","link":"https:\/\/www.swedcham.com.br\/en\/product\/our-events\/eurocamaras-almoco-com-henrique-meirelles\/","title":{"rendered":"Euroc\u00e2maras &#8211; Almo\u00e7o com Henrique Meirelles"},"content":{"rendered":"<p><img loading=\"lazy\" decoding=\"async\" class=\"alignnone size-full wp-image-15474\" src=\"https:\/\/www.swedcham.com.br\/wp-content\/uploads\/2018\/04\/meirelles.jpeg\" alt=\"\" width=\"1000\" height=\"1000\" srcset=\"https:\/\/www.swedcham.com.br\/wp-content\/uploads\/2018\/04\/meirelles.jpeg 1000w, https:\/\/www.swedcham.com.br\/wp-content\/uploads\/2018\/04\/meirelles-300x300.jpeg 300w, https:\/\/www.swedcham.com.br\/wp-content\/uploads\/2018\/04\/meirelles-100x100.jpeg 100w, https:\/\/www.swedcham.com.br\/wp-content\/uploads\/2018\/04\/meirelles-600x600.jpeg 600w, https:\/\/www.swedcham.com.br\/wp-content\/uploads\/2018\/04\/meirelles-150x150.jpeg 150w, https:\/\/www.swedcham.com.br\/wp-content\/uploads\/2018\/04\/meirelles-768x768.jpeg 768w\" sizes=\"auto, (max-width: 1000px) 100vw, 1000px\" \/><\/p>\n<h3><strong>\u00a0O BRASIL DO FUTURO &#8211; REFORMAS E DESENVOLVIMENTO<\/strong><\/h3>\n<div>\n<p>Dando in\u00edcio ao ciclo de palestras \u201cElei\u00e7\u00f5es 2018\u201d, o Club Transatl\u00e2ntico e o Conselho das C\u00e2maras de Com\u00e9rcio e Ind\u00fastria dos Pa\u00edses da Uni\u00e3o Europeia no Brasil <strong>(Euroc\u00e2maras) <\/strong>recebem, no dia 25 de abril (quarta-feira) das 12h30 \u00e0s 14h30, o Ex-Ministro da Fazenda, Henrique Meirelles, para uma palestra sobre o futuro do Pa\u00eds, com um almo\u00e7o e coletiva de imprensa.<br \/>\nEste \u00e9 o primeiro evento da s\u00e9rie \u201cElei\u00e7\u00f5es 2018\u201d que o Club Transatl\u00e2ntico e as Euroc\u00e2maras est\u00e3o organizando com o objetivo de criar uma plataforma de troca de ideias e comunica\u00e7\u00e3o entre os candidatos \u00e0 Presid\u00eancia da Rep\u00fablica e o empresariado europeu.<\/p>\n<p><strong>Hor\u00e1rio:<\/strong> 12h30 \u00e0s 14h30<\/p>\n<p>Investimento, com almo\u00e7o incluso:<\/p>\n<p><strong>N\u00e3o Associados:<\/strong> R$ 400,00\/pessoa<\/p>\n<p><strong>C\u00e2maras Europ\u00e9ias : R$ 200,00\/pessoa &#8211; solicite o c\u00f3digo promocional atrav\u00e9s do e-mail:\u00a0 magali@clubtransatlantico.com.br<\/strong><\/p>\n<p><a href=\"http:\/\/bit.ly\/2IV50Rd\" target=\"_blank\" rel=\"noopener\" data-cke-saved-href=\"http:\/\/bit.ly\/2IV50Rd\">Fa\u00e7a aqui sua inscri\u00e7\u00e3o:\u00a0<\/a><\/p>\n<p><strong>Local:<\/strong><br \/>\nClub Transatl\u00e2ntico<br \/>\nRua Jos\u00e9 Guerra, 130, entrada C , Ch\u00e1cara Santo Ant\u00f4nio<br \/>\nS\u00e3o Paulo, SP<\/p>\n<\/div>\n","protected":false},"excerpt":{"rendered":"<p>\u00a0O BRASIL DO FUTURO &#8211; REFORMAS E DESENVOLVIMENTO Dando in\u00edcio ao ciclo de palestras \u201cElei\u00e7\u00f5es 2018\u201d, o Club Transatl\u00e2ntico e<\/p>\n","protected":false},"featured_media":0,"template":"","meta":[],"product_brand":[],"product_cat":[228],"product_tag":[],"class_list":{"0":"post-15476","1":"product","2":"type-product","3":"status-publish","5":"product_cat-our-events","7":"first","8":"instock","9":"shipping-taxable","10":"product-type-simple"},"_links":{"self":[{"href":"https:\/\/www.swedcham.com.br\/en\/wp-json\/wp\/v2\/product\/15476","targetHints":{"allow":["GET"]}}],"collection":[{"href":"https:\/\/www.swedcham.com.br\/en\/wp-json\/wp\/v2\/product"}],"about":[{"href":"https:\/\/www.swedcham.com.br\/en\/wp-json\/wp\/v2\/types\/product"}],"wp:attachment":[{"href":"https:\/\/www.swedcham.com.br\/en\/wp-json\/wp\/v2\/media?parent=15476"}],"wp:term":[{"taxonomy":"product_brand","embeddable":true,"href":"https:\/\/www.swedcham.com.br\/en\/wp-json\/wp\/v2\/product_brand?post=15476"},{"taxonomy":"product_cat","embeddable":true,"href":"https:\/\/www.swedcham.com.br\/en\/wp-json\/wp\/v2\/product_cat?post=15476"},{"taxonomy":"product_tag","embeddable":true,"href":"https:\/\/www.swedcham.com.br\/en\/wp-json\/wp\/v2\/product_tag?post=15476"}],"curies":[{"name":"wp","href":"https:\/\/api.w.org\/{rel}","templated":true}]}}