{"id":15174,"date":"2018-02-23T11:45:43","date_gmt":"2018-02-23T14:45:43","guid":{"rendered":"https:\/\/www.swedcham.com.br\/events\/coming-events\/why-study-in-sweden-apresentacao-jonkoping-university-2\/"},"modified":"2018-02-23T11:45:43","modified_gmt":"2018-02-23T14:45:43","slug":"why-study-in-sweden-apresentacao-jonkoping-university-2","status":"publish","type":"product","link":"https:\/\/www.swedcham.com.br\/en\/product\/our-events\/why-study-in-sweden-apresentacao-jonkoping-university-2\/","title":{"rendered":"Why Study in Sweden? Apresenta\u00e7\u00e3o J\u00f6nk\u00f6ping University"},"content":{"rendered":"<h3><a href=\"https:\/\/www.swedcham.com.br\/wp-content\/uploads\/2017\/01\/JU.png\"><img loading=\"lazy\" decoding=\"async\" class=\"aligncenter wp-image-13519 size-medium\" src=\"https:\/\/www.swedcham.com.br\/wp-content\/uploads\/2017\/01\/JU-300x157.png\" width=\"300\" height=\"157\" srcset=\"https:\/\/www.swedcham.com.br\/wp-content\/uploads\/2017\/01\/JU-300x157.png 300w, https:\/\/www.swedcham.com.br\/wp-content\/uploads\/2017\/01\/JU-600x314.png 600w, https:\/\/www.swedcham.com.br\/wp-content\/uploads\/2017\/01\/JU.png 695w\" sizes=\"auto, (max-width: 300px) 100vw, 300px\" \/><\/a><\/h3>\n<p><strong>Como a Su\u00e9cia capacita os seus cidad\u00e3os a trabalhar em um mundo globalizado?<\/strong><\/p>\n<p>A Universidade J\u00f6nk\u00f6ping (JU) tem a resposta como sendo uma das melhores universidades de interc\u00e2mbio estudantil internacional e est\u00e1 ranqueada como entre as melhores universidades da Su\u00e9cia, em termos de inova\u00e7\u00e3o, sustentabilidade e empreendedorismo. A JU possui cerca de 11.000 estudantes, dos quais 2.000 s\u00e3o internacionais, e seus projetos pedag\u00f3gicos est\u00e3o focados em m\u00e9todos de estudo em grupo, conectividade com empresas, respeito social, consci\u00eancia ecol\u00f3gica e cidadania. A Universidade de J\u00f6nk\u00f6ping \u00e9 caracterizada por atrair pessoas altamente qualificadas, esp\u00edrito empreendedor e inovador, internacionaliza\u00e7\u00e3o e por contribuir para a prospec\u00e7\u00e3o sustent\u00e1vel da comunidade local em que est\u00e1 estabelecida.<\/p>\n<p><span style=\"color: #646464;\"><strong><span style=\"font-family: 'Verdana','sans-serif';\">Palestrantes:<\/span><\/strong><\/span><\/p>\n<p>\u00b7 Jonas Lindstr\u00f6m, Diretor Executivo da Swedcham Brasil<\/p>\n<p>&#8211; Prof. Dr. Tomas Bengtsson &#8211; Diretor Internacional de Recrutamento de Estudantes da Universidade de J\u00f6nk\u00f6ping<\/p>\n<p>\u00b7 Prof. Dr. Jovane Medina Azevedo, Representante da Universidade de J\u00f6nk\u00f6ping no Brasil<\/p>\n<p>&#8211; Stefan Mockaitis, J\u00f6nk\u00f6ping University Alumni<\/p>\n\n<h3>Quando<\/h3>\n<p>Ter\u00e7a-feira, 27 de mar\u00e7o \u00e0s 17:00h.<\/p>\n<h3>Onde<\/h3>\n<p>Swedcham &#8211; Rua Oscar Freire, 379, 12\u00ba andar, Cj 121<br \/>\nCerqueira Cesar, S\u00e3o Paulo-SP &#8211; ZIP: 01426-001<br \/>\n<strong>Estacionamento<\/strong>: Recomendamos o Hotel Regent Park, Rua Oscar Freire, 533.<\/p>\n<h3>Programa\u00e7\u00e3o<\/h3>\n<p>\u00b7\u00a0\u00a0\u00a0\u00a0\u00a0\u00a0\u00a0 17:00-17:30 &#8211; Welcome Coffee<\/p>\n<p>\u00b7\u00a0\u00a0\u00a0\u00a0\u00a0\u00a0\u00a0 17:30-18:30 &#8211; Apresenta\u00e7\u00f5es<\/p>\n<p>\u00b7\u00a0\u00a0\u00a0\u00a0\u00a0\u00a0\u00a0 18:30-19:00 &#8211; Caf\u00e9\/ Networking<\/p>\n<h3>Idioma<\/h3>\n<p>Portugu\u00eas e Ingl\u00eas<\/p>\n<p>[extra_wrap]<\/p>\n<h3>Pre\u00e7o<\/h3>\n<p>Evento Gratuito<\/p>\n<h3>Reservas<\/h3>\n<p>RSVP at\u00e9 23\/03<br \/>\n<a href=\"mailto:eventos@swedcham.com.br?subject=Why%20Study%20in%20Sweden%3F\" target=\"_blank\" rel=\"noopener\" data-cke-saved-href=\"mailto:eventos@swedcham.com.br?subject=Why%20Study%20in%20Sweden%3F\">eventos@swedcham.com.br<\/a><br \/>\nFone: <a href=\"tel:+552011203066-2554\" target=\"_blank\" rel=\"noopener\" data-cke-saved-href=\"tel:+552011203066-2554\">+55 (11) 3066-2554<\/a><\/p>\n<p><strong>O que os alunos acham da J\u00f6nk\u00f6ping university:<\/strong><\/p>\n<p><a title=\"J\u00f6nk\u00f6ping University- Event at Swedcham 2016\" href=\"http:\/\/www.youtube.com\/watch?v=VWBQl4UOvOw\" target=\"_blank\" rel=\"noopener\" data-cke-saved-href=\"http:\/\/www.youtube.com\/watch?v=VWBQl4UOvOw\">J\u00f6nk\u00f6ping University- Event at Swedcham 2016<\/a><\/p>\n<p><a href=\"https:\/\/youtu.be\/nzZgBgfzO3E\" target=\"_blank\" rel=\"noopener\" data-cke-saved-href=\"https:\/\/youtu.be\/nzZgBgfzO3E\">About J\u00f6nk\u00f6ping University<\/a><\/p>\n<p><a href=\"https:\/\/www.youtube.com\/watch?v=e5fXVfN2iGI\">Live Webinar by BRASA Bate Papo &#8211; J\u00f6nk\u00f6ping University na Su\u00e9cia<\/a><\/p>\n<p><a href=\"https:\/\/www.youtube.com\/watch?v=gcNirDCy52k\">Live Webinar by J\u00f6nk\u00f6ping University \u2013 Sweden: 7 reasons to grow your knowledge and create a foundation for a Global Career<\/a><\/p>\n<p><span style=\"color: #646464;\">\u00a0<\/span><\/p>\n<p>[\/extra_wrap]<\/p>\n","protected":false},"excerpt":{"rendered":"<p>Como a Su\u00e9cia capacita os seus cidad\u00e3os a trabalhar em um mundo globalizado? A Universidade J\u00f6nk\u00f6ping (JU) tem a resposta<\/p>\n","protected":false},"featured_media":0,"template":"","meta":[],"product_brand":[],"product_cat":[228],"product_tag":[],"class_list":{"0":"post-15174","1":"product","2":"type-product","3":"status-publish","5":"product_cat-our-events","7":"first","8":"instock","9":"shipping-taxable","10":"product-type-simple"},"_links":{"self":[{"href":"https:\/\/www.swedcham.com.br\/en\/wp-json\/wp\/v2\/product\/15174","targetHints":{"allow":["GET"]}}],"collection":[{"href":"https:\/\/www.swedcham.com.br\/en\/wp-json\/wp\/v2\/product"}],"about":[{"href":"https:\/\/www.swedcham.com.br\/en\/wp-json\/wp\/v2\/types\/product"}],"wp:attachment":[{"href":"https:\/\/www.swedcham.com.br\/en\/wp-json\/wp\/v2\/media?parent=15174"}],"wp:term":[{"taxonomy":"product_brand","embeddable":true,"href":"https:\/\/www.swedcham.com.br\/en\/wp-json\/wp\/v2\/product_brand?post=15174"},{"taxonomy":"product_cat","embeddable":true,"href":"https:\/\/www.swedcham.com.br\/en\/wp-json\/wp\/v2\/product_cat?post=15174"},{"taxonomy":"product_tag","embeddable":true,"href":"https:\/\/www.swedcham.com.br\/en\/wp-json\/wp\/v2\/product_tag?post=15174"}],"curies":[{"name":"wp","href":"https:\/\/api.w.org\/{rel}","templated":true}]}}