{"id":15142,"date":"2018-02-15T11:23:05","date_gmt":"2018-02-15T13:23:05","guid":{"rendered":"https:\/\/www.swedcham.com.br\/events\/coming-events\/company-visit-business-sweden\/"},"modified":"2018-02-15T11:23:24","modified_gmt":"2018-02-15T13:23:24","slug":"company-visit-business-sweden","status":"publish","type":"product","link":"https:\/\/www.swedcham.com.br\/en\/product\/our-events\/company-visit-business-sweden\/","title":{"rendered":"Company visit &#8211; Business Sweden"},"content":{"rendered":"<h3><strong>Company visit &#8211; Business Sweden<br \/>\n<\/strong><\/h3>\n<p>&nbsp;<\/p>\n<p><img loading=\"lazy\" decoding=\"async\" class=\"aligncenter size-medium wp-image-15140\" src=\"https:\/\/www.swedcham.com.br\/wp-content\/uploads\/2018\/02\/BUSINESS-SWEDEN-2-300x156.jpg\" alt=\"\" width=\"300\" height=\"156\" srcset=\"https:\/\/www.swedcham.com.br\/wp-content\/uploads\/2018\/02\/BUSINESS-SWEDEN-2-300x156.jpg 300w, https:\/\/www.swedcham.com.br\/wp-content\/uploads\/2018\/02\/BUSINESS-SWEDEN-2-600x312.jpg 600w, https:\/\/www.swedcham.com.br\/wp-content\/uploads\/2018\/02\/BUSINESS-SWEDEN-2-768x399.jpg 768w, https:\/\/www.swedcham.com.br\/wp-content\/uploads\/2018\/02\/BUSINESS-SWEDEN-2-1024x533.jpg 1024w\" sizes=\"auto, (max-width: 300px) 100vw, 300px\" \/><\/p>\n<p><strong>O Swedcham Young Professionals orgulhosamente convida para o primeiro evento do ano.<\/strong><\/p>\n<p>Conhe\u00e7a o Business Sweden, o Conselho de Com\u00e9rcio e Investimento da Embaixada da Su\u00e9cia. O objetivo do Business Sweden \u00e9 ajudar empresas suecas a crescer no mercado brasileiro e ajudar empresas estrangeiras a investir na Su\u00e9cia. Atuando h\u00e1 mais de uma d\u00e9cada no Brasil tem um portf\u00f3lio extenso de desenvolvimento de projetos para empresas suecas em diversos setores do mercado brasileiro.<\/p>\n<p>Venha mergulhar no mundo das empresas suecas no Brasil e conhecer outros jovens em ascens\u00e3o de carreira.<\/p>\n<p>Os t\u00f3picos a serem abordados ser\u00e3o:<\/p>\n<p>O que faz a Business Sweden no Brasil e no mundo?<br \/>\nQuais dificuldades as empresas suecas encontram no Brasil?<br \/>\nDesafios e Oportunidades dentro das empresas suecas.<br \/>\nDiferen\u00e7as Culturais.<br \/>\nO que as empresas suecas buscam num profissional?<\/p>\n<p>Contaremos com a participa\u00e7\u00e3o do Diretor Executivo da C\u00e2mara Sueca, Jonas Lindstr\u00f6m e do Young Professionals Advisory Council (YPAC), com representantes das principais empresas suecas no Brasil.<\/p>\n<p>O evento ser\u00e1 seguido de um Happy Hour. Mais informa\u00e7\u00f5es pra quem confirmar.<\/p>\n<p><strong>Vagas Limitadas!<\/strong><\/p>\n\n<h3>Quando<\/h3>\n<p>Quinta-feira, 01 de mar\u00e7o de 2018.<\/p>\n<h3>Onde<\/h3>\n<p><a href=\"https:\/\/maps.google.com\/?q=Rua+Joaquim+Floriano,+466,+Cj.+1908+%0D+Itaim+Bibi+S%C3%A3o+Paulo+-+SP&amp;entry=gmail&amp;source=g\">Rua Joaquim Floriano, 466, Cj. 1908<\/a><br \/>\nItaim Bibi S\u00e3<a href=\"https:\/\/maps.google.com\/?q=Rua+Joaquim+Floriano,+466,+Cj.+1908+%0D+Itaim+Bibi+S%C3%A3o+Paulo+-+SP&amp;entry=gmail&amp;source=g\">o Paulo &#8211; SP<\/a>\u00a0CEP: 04534-002<br \/>\nS\u00e3o Paulo &#8211; SP<\/p>\n<h3><strong>Agenda<\/strong><\/h3>\n<p>18:00 &#8211; 18:15\u00a0 Welcome Coffee<\/p>\n<p>18:15 &#8211; 19:15\u00a0\u00a0 Apresenta\u00e7\u00e3o-\u00a0<strong>Andreas Rentner &#8211; Trade Commissioner\u00a0<\/strong>e\u00a0<strong>Elsa Stefenson &#8211;<\/strong><strong>Senior Project Manager<\/strong><\/p>\n<p>19:15 &#8211; 21:00 Happy Hour e Networking em Bar pr\u00f3ximo ao local. Cada participante paga o que consumir.<\/p>\n<p>[extra_wrap]<\/p>\n<h3>Pre\u00e7o<\/h3>\n<p>Associados: Sem custo.<br \/>\nN\u00e3o-Associados: Entrar em contato.<\/p>\n<h3>Idioma<\/h3>\n<p>Ingl\u00eas e Portugu\u00eas<\/p>\n<h3>Reservas<\/h3>\n<p>RSVP at\u00e9 28 de fevereiro<\/p>\n<p><a href=\"mailto:hello@youngprofessionals.com.br?subject=Visita%20%C3%A0%20Business%20Sweden\" target=\"_blank\" rel=\"noopener\">hello@youngprofessionals.com.<wbr \/>br<\/a><\/p>\n<p>Fone:\u00a0<a href=\"tel:+55%2011%203066-2555\" target=\"_blank\" rel=\"noopener\">+55 (11) 3066-2555<\/a><\/p>\n<h3><strong>Estacionamento<\/strong><\/h3>\n<p>No local<\/p>\n<p>[\/extra_wrap]<\/p>\n","protected":false},"excerpt":{"rendered":"<p>Company visit &#8211; Business Sweden &nbsp; O Swedcham Young Professionals orgulhosamente convida para o primeiro evento do ano. Conhe\u00e7a o<\/p>\n","protected":false},"featured_media":0,"template":"","meta":[],"product_brand":[],"product_cat":[228],"product_tag":[],"class_list":{"0":"post-15142","1":"product","2":"type-product","3":"status-publish","5":"product_cat-our-events","7":"first","8":"instock","9":"shipping-taxable","10":"product-type-simple"},"_links":{"self":[{"href":"https:\/\/www.swedcham.com.br\/en\/wp-json\/wp\/v2\/product\/15142","targetHints":{"allow":["GET"]}}],"collection":[{"href":"https:\/\/www.swedcham.com.br\/en\/wp-json\/wp\/v2\/product"}],"about":[{"href":"https:\/\/www.swedcham.com.br\/en\/wp-json\/wp\/v2\/types\/product"}],"wp:attachment":[{"href":"https:\/\/www.swedcham.com.br\/en\/wp-json\/wp\/v2\/media?parent=15142"}],"wp:term":[{"taxonomy":"product_brand","embeddable":true,"href":"https:\/\/www.swedcham.com.br\/en\/wp-json\/wp\/v2\/product_brand?post=15142"},{"taxonomy":"product_cat","embeddable":true,"href":"https:\/\/www.swedcham.com.br\/en\/wp-json\/wp\/v2\/product_cat?post=15142"},{"taxonomy":"product_tag","embeddable":true,"href":"https:\/\/www.swedcham.com.br\/en\/wp-json\/wp\/v2\/product_tag?post=15142"}],"curies":[{"name":"wp","href":"https:\/\/api.w.org\/{rel}","templated":true}]}}