{"id":14962,"date":"2017-12-14T10:45:27","date_gmt":"2017-12-14T12:45:27","guid":{"rendered":"https:\/\/www.swedcham.com.br\/events\/coming-events\/christmas-holidays\/"},"modified":"2017-12-22T09:58:26","modified_gmt":"2017-12-22T11:58:26","slug":"christmas-holidays","status":"publish","type":"product","link":"https:\/\/www.swedcham.com.br\/en\/product\/our-events\/christmas-holidays\/","title":{"rendered":"Christmas Holidays\/ Recesso de Fim de Ano"},"content":{"rendered":"<p><img loading=\"lazy\" decoding=\"async\" class=\"alignnone wp-image-14959 size-medium\" src=\"https:\/\/www.swedcham.com.br\/wp-content\/uploads\/2017\/12\/holidays-2-300x191.jpg\" alt=\"\" width=\"300\" height=\"191\" srcset=\"https:\/\/www.swedcham.com.br\/wp-content\/uploads\/2017\/12\/holidays-2-300x191.jpg 300w, https:\/\/www.swedcham.com.br\/wp-content\/uploads\/2017\/12\/holidays-2-600x382.jpg 600w, https:\/\/www.swedcham.com.br\/wp-content\/uploads\/2017\/12\/holidays-2-768x489.jpg 768w, https:\/\/www.swedcham.com.br\/wp-content\/uploads\/2017\/12\/holidays-2.jpg 797w\" sizes=\"auto, (max-width: 300px) 100vw, 300px\" \/><\/p>\n<h3>Christmas Holidays<\/h3>\n<p>We wish all our members and friends a Merry Christmas and a Happy New Year!<\/p>\n<p>We will close on December 23, and open again on January 2, 2018.<\/p>\n<p>The Christmas Party photos are available on Swedcham Facebook.<\/p>\n<p>Don&#8217;t forget to like our page!<\/p>\n<p><a href=\"http:\/\/www.facebook.com\/SwedchamBrasil\">www.facebook.com\/SwedchamBrasil<\/a><\/p>\n<p>&nbsp;<\/p>\n<p>____________________________________________________________<\/p>\n<h3>Recesso de Fim de Ano<\/h3>\n<p>A todos nossos associados e amigos desejamos um Feliz Natal e um Pr\u00f3spero Ano Novo!<\/p>\n<p>Vamos entrar em recesso no dia 23\/12\/2017 e retornaremos no dia 02\/01\/2018.<\/p>\n<p>As fotos da Festa de Natal da Swedcham j\u00e1 est\u00e3o dispon\u00edveis no Facebook.<\/p>\n<p>N\u00e3o deixem de curtir nossa p\u00e1gina!<\/p>\n<p><a href=\"http:\/\/www.facebook.com\/SwedchamBrasil\">www.facebook.com\/SwedchamBrasil<\/a><\/p>\n","protected":false},"excerpt":{"rendered":"<p>Christmas Holidays We wish all our members and friends a Merry Christmas and a Happy New Year! We will close<\/p>\n","protected":false},"featured_media":0,"template":"","meta":[],"product_brand":[],"product_cat":[228],"product_tag":[],"class_list":{"0":"post-14962","1":"product","2":"type-product","3":"status-publish","5":"product_cat-our-events","7":"first","8":"instock","9":"shipping-taxable","10":"product-type-simple"},"_links":{"self":[{"href":"https:\/\/www.swedcham.com.br\/en\/wp-json\/wp\/v2\/product\/14962","targetHints":{"allow":["GET"]}}],"collection":[{"href":"https:\/\/www.swedcham.com.br\/en\/wp-json\/wp\/v2\/product"}],"about":[{"href":"https:\/\/www.swedcham.com.br\/en\/wp-json\/wp\/v2\/types\/product"}],"wp:attachment":[{"href":"https:\/\/www.swedcham.com.br\/en\/wp-json\/wp\/v2\/media?parent=14962"}],"wp:term":[{"taxonomy":"product_brand","embeddable":true,"href":"https:\/\/www.swedcham.com.br\/en\/wp-json\/wp\/v2\/product_brand?post=14962"},{"taxonomy":"product_cat","embeddable":true,"href":"https:\/\/www.swedcham.com.br\/en\/wp-json\/wp\/v2\/product_cat?post=14962"},{"taxonomy":"product_tag","embeddable":true,"href":"https:\/\/www.swedcham.com.br\/en\/wp-json\/wp\/v2\/product_tag?post=14962"}],"curies":[{"name":"wp","href":"https:\/\/api.w.org\/{rel}","templated":true}]}}