{"id":14887,"date":"2017-11-24T11:45:29","date_gmt":"2017-11-24T13:45:29","guid":{"rendered":"https:\/\/www.swedcham.com.br\/events\/coming-events\/licenciamento-ambiental-um-olhar-prospectivo-sobre-o-tema\/"},"modified":"2017-11-24T11:45:29","modified_gmt":"2017-11-24T13:45:29","slug":"licenciamento-ambiental-um-olhar-prospectivo-sobre-o-tema","status":"publish","type":"product","link":"https:\/\/www.swedcham.com.br\/en\/product\/our-events\/licenciamento-ambiental-um-olhar-prospectivo-sobre-o-tema\/","title":{"rendered":"Licenciamento Ambiental \u2013 um olhar prospectivo sobre o tema"},"content":{"rendered":"<h3>Licenciamento Ambiental \u2013 um olhar prospectivo sobre o tema<\/h3>\n<p>Os <strong>Comit\u00eas de Inova\u00e7\u00e3o &amp; Sustentabilidade e Jur\u00eddico &amp; Neg\u00f3cios<\/strong> convidam para palestra: &#8220;Licenciamento Ambiental \u2013 um olhar prospectivo sobre o tema e reflex\u00f5es sobre a media\u00e7\u00e3o em mat\u00e9ria ambiental como solu\u00e7\u00e3o alternativa \u00e0 judicializa\u00e7\u00e3o.\u201d<\/p>\n<p>A palestra tem como objetivo apresentar o contexto normativo, judicial e das principais proposi\u00e7\u00f5es que atualmente tramitam perante o Congresso Nacional, trazendo \u00e0 reflex\u00e3o a natureza do licenciamento ambiental como instrumento da Pol\u00edtica Nacional do Meio Ambiente e ferramenta apta a propiciar o desenvolvimento econ\u00f4mico sustent\u00e1vel do Pa\u00eds, apresentando a media\u00e7\u00e3o como uma poss\u00edvel solu\u00e7\u00e3o adequada \u00e0 resolu\u00e7\u00e3o de conflitos no campo ambiental.<\/p>\n<p class=\"m_3630756642185695850normal\" style=\"text-align: left;\"><img loading=\"lazy\" decoding=\"async\" class=\"alignleft wp-image-14883\" src=\"https:\/\/www.swedcham.com.br\/wp-content\/uploads\/2017\/11\/FlaPin-001-214x300.jpg\" alt=\"\" width=\"202\" height=\"283\" srcset=\"https:\/\/www.swedcham.com.br\/wp-content\/uploads\/2017\/11\/FlaPin-001-214x300.jpg 214w, https:\/\/www.swedcham.com.br\/wp-content\/uploads\/2017\/11\/FlaPin-001-600x840.jpg 600w, https:\/\/www.swedcham.com.br\/wp-content\/uploads\/2017\/11\/FlaPin-001-768x1075.jpg 768w, https:\/\/www.swedcham.com.br\/wp-content\/uploads\/2017\/11\/FlaPin-001-731x1024.jpg 731w, https:\/\/www.swedcham.com.br\/wp-content\/uploads\/2017\/11\/FlaPin-001-scaled.jpg 1829w\" sizes=\"auto, (max-width: 202px) 100vw, 202px\" \/><strong>Flavia Scarpinella Buen<\/strong>o &#8211; S\u00f3cia Tabet, Bueno &amp; Franco Advogados.<\/p>\n<p class=\"m_3630756642185695850normal\" style=\"text-align: left;\">Formada pela Pontif\u00edcia Universidade Cat\u00f3lica de S\u00e3o Paulo. Capacitada em Media\u00e7\u00e3o Judicial pela Entidade de Ensino Centro Mediar &amp; Conciliar, habilitada pelo NUPEMEC TJ\/SP 2015\/00199653. S\u00f3cia do escrit\u00f3rio Tabet, Bueno &amp; Franco Advogados, especializado no ramo do Direito Ambiental, tanto no campo consultivo como no contencioso. Membro efetivo da Comiss\u00e3o de Media\u00e7\u00e3o da OAB\/SP Central. Associada do Comit\u00ea Brasileiro de Arbitragem \u2013 CBAR. Membro do Grupo de Estudo de Media\u00e7\u00e3o Empresarial \u2013 GEMEP. Membro do Grupo Caf\u00e9 com Media\u00e7\u00e3o e do Subgrupo 4: \u201cMedia\u00e7\u00e3o com a Administra\u00e7\u00e3o P\u00fablica\u201d, formados com intuito de contribuir e difundir a media\u00e7\u00e3o no Pa\u00eds. Profundo conhecimento em processo civil e administrativo, com forte atua\u00e7\u00e3o e experi\u00eancia pr\u00e1tica em lit\u00edgios ambientais.<\/p>\n<p class=\"m_3630756642185695850normal\" style=\"text-align: left;\"><img loading=\"lazy\" decoding=\"async\" class=\"alignleft wp-image-14885 size-full\" src=\"https:\/\/www.swedcham.com.br\/wp-content\/uploads\/2017\/11\/Lina-Pimentel.jpg\" alt=\"\" width=\"202\" height=\"275\" \/><strong>Lina Pimentel Garcia<\/strong> &#8211; S\u00f3cia Mattos Filho Advogados<\/p>\n<p class=\"m_3630756642185695850normal\" style=\"text-align: left;\">\nAdvogada especializada em direito ambiental constitucional e gest\u00e3o para sustentabilidade pela Funda\u00e7\u00e3o Dom Cabral. Atua na \u00e1rea de meio ambiente e lida com diversos assuntos inerentes \u00e0 pr\u00e1tica incluindo \u00e1reas contaminadas, licenciamentos, res\u00edduos s\u00f3lidos e servi\u00e7os ecossist\u00eamicos. Presta assist\u00eancia jur\u00eddica em processos administrativos e lit\u00edgios envolvendo assuntos ambientais. Foi gerente no Departamento Jur\u00eddico da Companhia Ambiental do Estado de S\u00e3o Paulo \u2013 CETESB de 2004 a 2007 e Gerente de Sustentabilidade em empresa de energia de 2007 a 2010. \u00c9 membro executivo do Comit\u00ea de Meio Ambiente, Sa\u00fade e Seguran\u00e7a da International Bar Association (IBA) e Co-coordenadora do Comit\u00ea de Direito Ambiental do Centro de Estudos das Sociedades de Advogados (Cesa), al\u00e9m de docente em diversos cursos relacionados \u00e0 sua \u00e1rea de atua\u00e7\u00e3o profissional<\/p>\n<h3>Quando<\/h3>\n<p>Sexta-feira, 01 de dezembro \u00e0s 08:30h.<\/p>\n<h3>Onde<\/h3>\n<p>Swedcham &#8211; Rua Oscar Freire, 379, 12\u00ba andar, Cj 121<br \/>\nCerqueira Cesar, S\u00e3o Paulo-SP &#8211; CEP: 01426-001<br \/>\n<strong>Estacionamento<\/strong>: Recomendamos o Hotel Regent Park, Rua Oscar Freire, 533.<\/p>\n<h3>Agenda<\/h3>\n<p>\u00b7 08:30-09:00 &#8211; Welcome Coffee<\/p>\n<p>\u00b7 09:00 Boas-vindas- Felipe Christiansen &#8211; Coordenador do Comit\u00ea de Inova\u00e7\u00e3o &amp; Sustentabilidade<\/p>\n<p>\u00b7 09:05-10:30 &#8211; Apresenta\u00e7\u00f5es- Flavia Scarpinella Bueno e Lina Pimentel Garcia<\/p>\n<p>\u00b7 10:30 Encerramento &#8211; Renato Pacheco Neto &#8211; Coordenador do Comit\u00ea Jur\u00eddico &amp; Neg\u00f3cios<\/p>\n<p>\u00b7 10:35-11:00 &#8211; Caf\u00e9\/ Networking<\/p>\n\n<h3>Reservas<\/h3>\n<div>\n<p><a href=\"mailto:eventos@swedcham.com.br\">eventos@swedcham.com.br<\/a><\/p>\n<p>RSVP at\u00e9 30\/11<\/p>\n<p>Fone: <a href=\"tel:+552011203066-2554\" target=\"_blank\" rel=\"noopener\">+55 (11) 3066-2554<\/a><\/p>\n<\/div>\n<p>&nbsp;<\/p>\n","protected":false},"excerpt":{"rendered":"<p>Licenciamento Ambiental \u2013 um olhar prospectivo sobre o tema Os Comit\u00eas de Inova\u00e7\u00e3o &amp; Sustentabilidade e Jur\u00eddico &amp; Neg\u00f3cios convidam<\/p>\n","protected":false},"featured_media":0,"template":"","meta":[],"product_brand":[],"product_cat":[228],"product_tag":[],"class_list":{"0":"post-14887","1":"product","2":"type-product","3":"status-publish","5":"product_cat-our-events","7":"first","8":"instock","9":"shipping-taxable","10":"product-type-simple"},"_links":{"self":[{"href":"https:\/\/www.swedcham.com.br\/en\/wp-json\/wp\/v2\/product\/14887","targetHints":{"allow":["GET"]}}],"collection":[{"href":"https:\/\/www.swedcham.com.br\/en\/wp-json\/wp\/v2\/product"}],"about":[{"href":"https:\/\/www.swedcham.com.br\/en\/wp-json\/wp\/v2\/types\/product"}],"wp:attachment":[{"href":"https:\/\/www.swedcham.com.br\/en\/wp-json\/wp\/v2\/media?parent=14887"}],"wp:term":[{"taxonomy":"product_brand","embeddable":true,"href":"https:\/\/www.swedcham.com.br\/en\/wp-json\/wp\/v2\/product_brand?post=14887"},{"taxonomy":"product_cat","embeddable":true,"href":"https:\/\/www.swedcham.com.br\/en\/wp-json\/wp\/v2\/product_cat?post=14887"},{"taxonomy":"product_tag","embeddable":true,"href":"https:\/\/www.swedcham.com.br\/en\/wp-json\/wp\/v2\/product_tag?post=14887"}],"curies":[{"name":"wp","href":"https:\/\/api.w.org\/{rel}","templated":true}]}}