{"id":14808,"date":"2017-11-07T17:33:56","date_gmt":"2017-11-07T19:33:56","guid":{"rendered":"https:\/\/www.swedcham.com.br\/events\/coming-events\/swedcham-christmas-celebration\/"},"modified":"2017-11-13T13:15:01","modified_gmt":"2017-11-13T15:15:01","slug":"swedcham-christmas-celebration","status":"publish","type":"product","link":"https:\/\/www.swedcham.com.br\/en\/product\/our-events\/swedcham-christmas-celebration\/","title":{"rendered":"Festa de Natal"},"content":{"rendered":"<h3 style=\"text-align: left;\"><\/h3>\n<p><img loading=\"lazy\" decoding=\"async\" class=\"alignnone wp-image-14801 size-full\" src=\"https:\/\/www.swedcham.com.br\/wp-content\/uploads\/2017\/11\/banner-natal-2.jpg\" alt=\"\" width=\"850\" height=\"200\" srcset=\"https:\/\/www.swedcham.com.br\/wp-content\/uploads\/2017\/11\/banner-natal-2.jpg 850w, https:\/\/www.swedcham.com.br\/wp-content\/uploads\/2017\/11\/banner-natal-2-600x141.jpg 600w, https:\/\/www.swedcham.com.br\/wp-content\/uploads\/2017\/11\/banner-natal-2-300x71.jpg 300w, https:\/\/www.swedcham.com.br\/wp-content\/uploads\/2017\/11\/banner-natal-2-768x181.jpg 768w\" sizes=\"auto, (max-width: 850px) 100vw, 850px\" \/><\/p>\n<div>\n<h3>Venha comemorar o Natal na Swedcham!<\/h3>\n<p>Entramos em contagem regressiva, e queremos celebrar o ano que se encerra com muito networking, m\u00fasica e v\u00e1rios comes e bebes t\u00edpicos do \u201csm\u00f6rg\u00e5sbord\u201d sueco!<\/p>\n<p>Convide seus amigos \/ colegas e confirmem j\u00e1 sua presen\u00e7a!<\/p>\n<p>Durante a festa, sortearemos pr\u00eamios disponibilizados pelos nossos associados e parceiros!<\/p>\n<p>Vagas limitadas!<\/p>\n<\/div>\n<p><strong>Welcome &#8211; V\u00e4lkomna!<\/strong><\/p>\n\n<h3 class=\"m_3176895204764632988m_-7456309968160772443m_-5953347527171562918m_-919258446742338626detail_h3\"><strong>Quando<\/strong><\/h3>\n<p class=\"m_3176895204764632988m_-7456309968160772443m_-5953347527171562918m_-919258446742338626detail_h3\">Sexta-feira, 08 de dezembro \u00e0s 18:00h.<\/p>\n<h3 class=\"m_3176895204764632988m_-7456309968160772443m_-5953347527171562918m_-919258446742338626detail_h3\"><strong>Onde<\/strong><\/h3>\n<p>Swedcham<br \/>\nRua Oscar Freire, 379, 12\u00ba andar, Cj 121<\/p>\n<h3><strong>Estacionamento<\/strong><\/h3>\n<p>Indicamos o estacionamento do Hotel Regent Park. Rua Oscar Freire, 533.<\/p>\n<h3><strong>Pre\u00e7o<\/strong><\/h3>\n<p>[extra_wrap]<br \/>\nAssociados: R$155,00<br \/>\nCasal- associados:R$290,00<br \/>\nN\u00e3o associados:R$180,00<br \/>\nCasal- n\u00e3o associados: R$340,00<\/p>\n<h3 class=\"m_3176895204764632988m_-7456309968160772443m_-5953347527171562918m_-919258446742338626detail_h3\"><strong>Reserva:<\/strong><\/h3>\n<div>\n<p>RSVP at\u00e9 04 de dezembro<\/p>\n<\/div>\n<p>[extra_wrap]<\/p>\n","protected":false},"excerpt":{"rendered":"<p>Venha comemorar o Natal na Swedcham! Entramos em contagem regressiva, e queremos celebrar o ano que se encerra com muito<\/p>\n","protected":false},"featured_media":0,"template":"","meta":[],"product_brand":[],"product_cat":[228],"product_tag":[],"class_list":{"0":"post-14808","1":"product","2":"type-product","3":"status-publish","5":"product_cat-our-events","7":"first","8":"instock","9":"shipping-taxable","10":"purchasable","11":"product-type-variable"},"_links":{"self":[{"href":"https:\/\/www.swedcham.com.br\/en\/wp-json\/wp\/v2\/product\/14808","targetHints":{"allow":["GET"]}}],"collection":[{"href":"https:\/\/www.swedcham.com.br\/en\/wp-json\/wp\/v2\/product"}],"about":[{"href":"https:\/\/www.swedcham.com.br\/en\/wp-json\/wp\/v2\/types\/product"}],"wp:attachment":[{"href":"https:\/\/www.swedcham.com.br\/en\/wp-json\/wp\/v2\/media?parent=14808"}],"wp:term":[{"taxonomy":"product_brand","embeddable":true,"href":"https:\/\/www.swedcham.com.br\/en\/wp-json\/wp\/v2\/product_brand?post=14808"},{"taxonomy":"product_cat","embeddable":true,"href":"https:\/\/www.swedcham.com.br\/en\/wp-json\/wp\/v2\/product_cat?post=14808"},{"taxonomy":"product_tag","embeddable":true,"href":"https:\/\/www.swedcham.com.br\/en\/wp-json\/wp\/v2\/product_tag?post=14808"}],"curies":[{"name":"wp","href":"https:\/\/api.w.org\/{rel}","templated":true}]}}