{"id":14458,"date":"2017-08-03T12:46:55","date_gmt":"2017-08-03T15:46:55","guid":{"rendered":"https:\/\/www.swedcham.com.br\/events\/coming-events\/palestra-com-o-presidente-e-ceo-da-embraer-defesa-seguranca\/"},"modified":"2017-08-07T12:18:30","modified_gmt":"2017-08-07T15:18:30","slug":"palestra-com-o-presidente-e-ceo-da-embraer-defesa-seguranca","status":"publish","type":"product","link":"https:\/\/www.swedcham.com.br\/en\/product\/our-events\/palestra-com-o-presidente-e-ceo-da-embraer-defesa-seguranca\/","title":{"rendered":"Palestra com o Presidente e CEO da EMBRAER Defesa &#038; Seguran\u00e7a"},"content":{"rendered":"<h2 id=\":3d4\" class=\"hP\" style=\"text-align: left;\" tabindex=\"-1\">Palestra com o Presidente e CEO da EMBRAER Defesa &amp; Seguran\u00e7a<\/h2>\n<p>A Swedcham convida voc\u00ea para palestra com\u00a0<strong>Jackson Schneider\u00a0<\/strong>&#8211; CEO da EMBRAER Defesa &amp; Seguran\u00e7a. Na ocasi\u00e3o, Sr. Schneider abordar\u00e1 as diferen\u00e7as e contrapontos entre o mercado nacional e o mercado internacional, al\u00e9m de falar sobre a sua trajet\u00f3ria e a coopera\u00e7\u00e3o entre a Embraer\/ Brasil e a Su\u00e9cia.<\/p>\n<p><strong>O evento contar\u00e1 com a presen\u00e7a do Embaixador da Su\u00e9cia no Brasil, Per-Arne Hjelmborn.<\/strong><\/p>\n<p>Contamos com a sua presen\u00e7a.<\/p>\n<p class=\"m_3630756642185695850normal\"><img loading=\"lazy\" decoding=\"async\" class=\"alignleft wp-image-14456\" src=\"https:\/\/www.swedcham.com.br\/wp-content\/uploads\/2017\/08\/embraer-1.jpg\" alt=\"\" width=\"168\" height=\"239\" srcset=\"https:\/\/www.swedcham.com.br\/wp-content\/uploads\/2017\/08\/embraer-1.jpg 570w, https:\/\/www.swedcham.com.br\/wp-content\/uploads\/2017\/08\/embraer-1-211x300.jpg 211w\" sizes=\"auto, (max-width: 168px) 100vw, 168px\" \/><b><\/b><\/p>\n<p>&nbsp;<\/p>\n<p class=\"m_3630756642185695850normal\"><strong>Jackson Schneider &#8211;\u00a0<\/strong>\u00a0CEO da EMBRAER Defesa &amp; Seguran\u00e7a.<b> <\/b>\u00c9 formado em direito pela Universidade de Bras\u00edlia (UNB) e possui MBA pela Business School of S\u00e3o Paulo. Come\u00e7ou sua carreira no Minist\u00e9rio da Justi\u00e7a, passando tamb\u00e9m por empresas privadas, como Unilever e Mercedes-Benz. Participa de Conselhos em entidades e empresas, como o MASP, AACD, Mercedes-Benz, Est\u00e1cio S.A. e \u00e9 membro do CDES (Conselho de Desenvolvimento Econ\u00f4mico e Social).<\/p>\n\n<h3>Quando<\/h3>\n<p><strong>Ter\u00e7a-feira, 15 de agosto \u00e0s 08:30h.<\/strong><\/p>\n<h3>Onde<\/h3>\n<p>Swedcham &#8211; Rua Oscar Freire, 379, 12\u00ba andar, Cj 121<br \/>\nCerqueira Cesar, S\u00e3o Paulo-SP &#8211; CEP: 01426-001<br \/>\n<strong>Estacionamento<\/strong>: Recomendamos o Hotel Regent Park, Rua Oscar Freire, 533.<\/p>\n<h3>Agenda<\/h3>\n<p>\u00b7 08:30- Welcome Coffee<\/p>\n<p>\u00b7 09:00 Boas-vindas &#8211;\u00a0<strong>Jonas Lindstr\u00f6m- Swecham<\/strong><\/p>\n<p>\u00b7 09:10 Apresenta\u00e7\u00e3o-<strong>\u00a0Jackson Schneider- Embraer<\/strong><\/p>\n<p>\u00b7 10:30 Encerramento-<strong>\u00a0Per-Arne Hjelmborn- Embaixador<\/strong><\/p>\n<p>[extra_wrap]<\/p>\n<h3>Reservas<\/h3>\n<p><strong>Evento exclusivo para associados<\/strong><\/p>\n<p>RSVP at\u00e9 14\/08<\/p>\n<div>\n<p><a href=\"mailto:eventos@swedcham.com.br?subject=Reserva-%20Benef%C3%ADcios%20em%20tempo%20de%20crise\" target=\"_blank\" rel=\"noopener\">eventos@swedcham.com.br<\/a><\/p>\n<p>Fone: <a href=\"tel:+552011203066-2554\" target=\"_blank\" rel=\"noopener\">+55 (11) 3066-2554<\/a><\/p>\n<\/div>\n<p>[\/extra_wrap]<\/p>\n","protected":false},"excerpt":{"rendered":"<p>Palestra com o Presidente e CEO da EMBRAER Defesa &amp; Seguran\u00e7a A Swedcham convida voc\u00ea para palestra com\u00a0Jackson Schneider\u00a0&#8211; CEO<\/p>\n","protected":false},"featured_media":0,"template":"","meta":[],"product_brand":[],"product_cat":[228],"product_tag":[],"class_list":{"0":"post-14458","1":"product","2":"type-product","3":"status-publish","5":"product_cat-our-events","7":"first","8":"instock","9":"shipping-taxable","10":"product-type-simple"},"_links":{"self":[{"href":"https:\/\/www.swedcham.com.br\/en\/wp-json\/wp\/v2\/product\/14458","targetHints":{"allow":["GET"]}}],"collection":[{"href":"https:\/\/www.swedcham.com.br\/en\/wp-json\/wp\/v2\/product"}],"about":[{"href":"https:\/\/www.swedcham.com.br\/en\/wp-json\/wp\/v2\/types\/product"}],"wp:attachment":[{"href":"https:\/\/www.swedcham.com.br\/en\/wp-json\/wp\/v2\/media?parent=14458"}],"wp:term":[{"taxonomy":"product_brand","embeddable":true,"href":"https:\/\/www.swedcham.com.br\/en\/wp-json\/wp\/v2\/product_brand?post=14458"},{"taxonomy":"product_cat","embeddable":true,"href":"https:\/\/www.swedcham.com.br\/en\/wp-json\/wp\/v2\/product_cat?post=14458"},{"taxonomy":"product_tag","embeddable":true,"href":"https:\/\/www.swedcham.com.br\/en\/wp-json\/wp\/v2\/product_tag?post=14458"}],"curies":[{"name":"wp","href":"https:\/\/api.w.org\/{rel}","templated":true}]}}