{"id":14001,"date":"2017-05-24T22:40:33","date_gmt":"2017-05-25T01:40:33","guid":{"rendered":"https:\/\/www.swedcham.com.br\/eventos\/proximos-eventos\/business-for-breakfast-women-only\/"},"modified":"2017-05-24T22:40:33","modified_gmt":"2017-05-25T01:40:33","slug":"business-for-breakfast-women-only","status":"publish","type":"product","link":"https:\/\/www.swedcham.com.br\/en\/product\/our-events\/business-for-breakfast-women-only\/","title":{"rendered":"Business for Breakfast- Women Only!"},"content":{"rendered":"<h2>Mulher- Aonde Voc\u00ea Quer Chegar?<\/h2>\n<p>A Swedcham t\u00eam o prazer em convid\u00e1-la para um caf\u00e9 da manh\u00e3 exclusivo para mulheres.<\/p>\n<p>Venha ouvir Cristina Gomes, Coaching Profissional pelo ICC \u2013 International Coaching Community e pela International School The Inner Game, com Timothy Gallwey.<\/p>\n<p>Seu trabalho \u00e9 ajudar Mulheres a alcan\u00e7ar a lideran\u00e7a pelo exemplo. Cristina vai mostrar o que aprendeu com suas experi\u00eancias e cases de sucesso; conhecendo a cultura de quase 40 pa\u00edses em programas de imers\u00e3o em grandes institui\u00e7\u00f5es internacionais como a Universal Studios, a Disney e a Nasa.<\/p>\n<p>Ela revelar\u00e1 como se tornar mais do que uma grande l\u00edder reconhecida e respeitada por todos a sua volta, alertando sobre os pontos que podem atrapalhar voc\u00ea chegar \u00e0 essa lideran\u00e7a.<\/p>\n<p class=\"m_3630756642185695850normal\"><img loading=\"lazy\" decoding=\"async\" class=\"alignleft wp-image-13962 size-thumbnail\" src=\"https:\/\/www.swedcham.com.br\/wp-content\/uploads\/2017\/05\/cristina-150x150.jpg\" alt=\"\" width=\"150\" height=\"150\" srcset=\"https:\/\/www.swedcham.com.br\/wp-content\/uploads\/2017\/05\/cristina-150x150.jpg 150w, https:\/\/www.swedcham.com.br\/wp-content\/uploads\/2017\/05\/cristina-300x300.jpg 300w, https:\/\/www.swedcham.com.br\/wp-content\/uploads\/2017\/05\/cristina-100x100.jpg 100w\" sizes=\"auto, (max-width: 150px) 100vw, 150px\" \/><strong>Cristina Gomes <\/strong>S\u00f3cia-Fundadora, Coach e Trainer da ASAS Desenvolvimento Humano; pesquisadora e amante do Comportamento Humano, j\u00e1 viajou por mais de 30 pa\u00edses em cinco continentes, sempre em busca de novos conhecimentos. Com gradua\u00e7\u00e3o em Direito, especialidade em Direito do Trabalho e em Compet\u00eancias da Lideran\u00e7a, al\u00e9m de MBA em Desenvolvimento Humano de Gestores, pela Funda\u00e7\u00e3o Get\u00falio Vargas, atua h\u00e1 mais de 15 anos na \u00e1rea de Recursos Humanos e \u00e9 palestrante, com experi\u00eancia em Treinamentos Comportamentais com foco em Lideran\u00e7a e Desenvolvimento de Equipes.<\/p>\n<p><a href=\"http:\/\/swedcham.us11.list-manage.com\/track\/click?u=9a53a6aa1cef2bc498bbe264b&amp;id=ad7ad85e39&amp;e=5b7584775a\" target=\"_blank\" rel=\"noopener noreferrer\" data-saferedirecturl=\"https:\/\/www.google.com\/url?hl=pt-BR&amp;q=http:\/\/swedcham.us11.list-manage.com\/track\/click?u%3D9a53a6aa1cef2bc498bbe264b%26id%3Dad7ad85e39%26e%3D5b7584775a&amp;source=gmail&amp;ust=1495709610614000&amp;usg=AFQjCNE3oR0BANMvklUOS73lckvQRprfKg\">http:\/\/mulherlider.com.br\/<wbr \/>blog\/<\/a><\/p>\n\n<h3>Quando<\/h3>\n<p><strong>Ter\u00e7a-feira, 20 de junho \u00e0s 08:30h.<\/strong><\/p>\n<h3>Onde<\/h3>\n<p>Swedcham &#8211; Rua Oscar Freire, 379, 12\u00ba andar, Cj 121<br \/>\nCerqueira Cesar, S\u00e3o Paulo-SP &#8211; CEP: 01426-001<br \/>\n<strong>Estacionamento<\/strong>: Recomendamos o Hotel Regent Park, Rua Oscar Freire, 533.<\/p>\n<h3>Programa\u00e7\u00e3o<\/h3>\n<p>\u00b7 08:30-09:00 &#8211; Welcome Coffee<\/p>\n<p>\u00b7 09:00-10:30 &#8211; Apresenta\u00e7\u00e3o- <strong>Cristina Gomes<\/strong><\/p>\n<p>\u00b7 10:30-11:00 &#8211; Caf\u00e9\/ Networking<\/p>\n<p>[extra_wrap]<\/p>\n<h3>Reservas<\/h3>\n<p>RSVP at\u00e9 09\/06\/2017<br \/>\nEntre em contato com a Swedcham, e-mail: <a href=\"mailto:reservas@swedcham.com.br\">reservas@swedcham.com.br<\/a><br \/>\nTelefone: +55 (11) 3066-2554<\/p>\n<p>[\/extra_wrap]<\/p>\n","protected":false},"excerpt":{"rendered":"<p>Mulher- Aonde Voc\u00ea Quer Chegar? A Swedcham t\u00eam o prazer em convid\u00e1-la para um caf\u00e9 da manh\u00e3 exclusivo para mulheres.<\/p>\n","protected":false},"featured_media":0,"template":"","meta":[],"product_brand":[],"product_cat":[228],"product_tag":[],"class_list":{"0":"post-14001","1":"product","2":"type-product","3":"status-publish","5":"product_cat-our-events","7":"first","8":"instock","9":"shipping-taxable","10":"product-type-simple"},"_links":{"self":[{"href":"https:\/\/www.swedcham.com.br\/en\/wp-json\/wp\/v2\/product\/14001","targetHints":{"allow":["GET"]}}],"collection":[{"href":"https:\/\/www.swedcham.com.br\/en\/wp-json\/wp\/v2\/product"}],"about":[{"href":"https:\/\/www.swedcham.com.br\/en\/wp-json\/wp\/v2\/types\/product"}],"wp:attachment":[{"href":"https:\/\/www.swedcham.com.br\/en\/wp-json\/wp\/v2\/media?parent=14001"}],"wp:term":[{"taxonomy":"product_brand","embeddable":true,"href":"https:\/\/www.swedcham.com.br\/en\/wp-json\/wp\/v2\/product_brand?post=14001"},{"taxonomy":"product_cat","embeddable":true,"href":"https:\/\/www.swedcham.com.br\/en\/wp-json\/wp\/v2\/product_cat?post=14001"},{"taxonomy":"product_tag","embeddable":true,"href":"https:\/\/www.swedcham.com.br\/en\/wp-json\/wp\/v2\/product_tag?post=14001"}],"curies":[{"name":"wp","href":"https:\/\/api.w.org\/{rel}","templated":true}]}}