{"id":13977,"date":"2017-05-24T21:41:14","date_gmt":"2017-05-25T00:41:14","guid":{"rendered":"https:\/\/www.swedcham.com.br\/?post_type=product&#038;p=13977\/"},"modified":"2017-05-25T15:05:45","modified_gmt":"2017-05-25T18:05:45","slug":"cenario-politico-brasileiro-20172018","status":"publish","type":"product","link":"https:\/\/www.swedcham.com.br\/en\/product\/our-events\/cenario-politico-brasileiro-20172018\/","title":{"rendered":"Cen\u00e1rio Pol\u00edtico Brasileiro 2017\/2018"},"content":{"rendered":"<p>A Swedcham t\u00eam o prazer em convid\u00e1-lo (a) para palestra com <strong>Luiz Felipe d\u2019Avila<\/strong>, fundador e presidente do CLP &#8211; Centro de Lideran\u00e7a P\u00fablica.<\/p>\n<p>A crise pol\u00edtica, econ\u00f4mica e moral reflete tr\u00eas crises: de lideran\u00e7a, de gest\u00e3o e de esp\u00edrito c\u00edvico. Reformar o pa\u00eds requer coragem e determina\u00e7\u00e3o para mudar valores, cren\u00e7as e atitudes que impedem o progresso do Brasil. O CLP foi criado para formar novas lideran\u00e7as p\u00fablicas, ajudar a melhorar a qualidade da gest\u00e3o p\u00fablica e a mobilizar a sociedade civil para se engajar nas reformas que ajudar\u00e3o a fortalecer as institui\u00e7\u00f5es democr\u00e1ticas, o Estado de Direito e aumentar o accountability entre governo e os cidad\u00e3os.<\/p>\n<p><img loading=\"lazy\" decoding=\"async\" class=\"alignleft wp-image-13872 size-thumbnail\" src=\"https:\/\/www.swedcham.com.br\/wp-content\/uploads\/2017\/05\/Luiz-150x150.jpg\" alt=\"\" width=\"150\" height=\"150\" srcset=\"https:\/\/www.swedcham.com.br\/wp-content\/uploads\/2017\/05\/Luiz-150x150.jpg 150w, https:\/\/www.swedcham.com.br\/wp-content\/uploads\/2017\/05\/Luiz-300x300.jpg 300w, https:\/\/www.swedcham.com.br\/wp-content\/uploads\/2017\/05\/Luiz-100x100.jpg 100w\" sizes=\"auto, (max-width: 150px) 100vw, 150px\" \/><strong>Luiz Felipe d\u2019Avila<\/strong> \u00e9 fundador e presidente do CLP &#8211; Centro de Lideran\u00e7a P\u00fablica, uma organiza\u00e7\u00e3o sem fins lucrativos dedicada \u00e0 forma\u00e7\u00e3o de lideran\u00e7as p\u00fablicas engajadas em promover mudan\u00e7as transformadoras na pol\u00edtica brasileira.<\/p>\n<p>\u00c9 membro do Conselho da LASPAU (filiada a Universidade de Harvard), Funda\u00e7\u00e3o Fernando Henrique Cardoso, Instituto Millenium e do Tribunal Superior Eleitoral.<\/p>\n<p>Luiz Felipe tamb\u00e9m \u00e9 autor de v\u00e1rios livros de hist\u00f3ria e pol\u00edtica, como Dona Veridiana, Os Virtuosos e Car\u00e1ter e Lideran\u00e7a.<\/p>\n<p>\u00c9 formado em ci\u00eancias pol\u00edticas pela Universidade Americana em Paris e tem mestrado em administra\u00e7\u00e3o p\u00fablica pela Harvard Kennedy School.<\/p>\n\n<h3>Quando<\/h3>\n<p><strong>Quinta-feira, 01 de junho \u00e0s 08:30h.<\/strong><\/p>\n<h3>Onde<\/h3>\n<p>Swedcham &#8211; Rua Oscar Freire, 379, 12\u00ba andar, Cj 121<br \/>\nCerqueira Cesar, S\u00e3o Paulo-SP &#8211; CEP: 01426-001<br \/>\n<strong>Estacionamento<\/strong>: Recomendamos o Hotel Regent Park, Rua Oscar Freire, 533.<\/p>\n<h3>Programa\u00e7\u00e3o<\/h3>\n<p>\u00b7 08:30-09:00 &#8211; Welcome Coffee<\/p>\n<p>\u00b7 09:00-10:30 &#8211; Apresenta\u00e7\u00e3o- <strong>Luiz Felipe d\u2019Avila<\/strong><\/p>\n<p>\u00b7 10:30-11:00 &#8211; Caf\u00e9\/ Networking<\/p>\n<p>[extra_wrap]<\/p>\n<h3>Reservas<\/h3>\n<p>RSVP at\u00e9 30\/05\/2017<br \/>\nEntre em contato com a Swedcham, e-mail: <a href=\"mailto:reservas@swedcham.com.br\">reservas@swedcham.com.br<\/a><br \/>\nTelefone: +55 (11) 3066-2554<\/p>\n<p>[\/extra_wrap]<\/p>\n","protected":false},"excerpt":{"rendered":"<p>A Swedcham t\u00eam o prazer em convid\u00e1-lo (a) para palestra com Luiz Felipe d\u2019Avila, fundador e presidente do CLP &#8211;<\/p>\n","protected":false},"featured_media":0,"template":"","meta":[],"product_brand":[],"product_cat":[228],"product_tag":[],"class_list":{"0":"post-13977","1":"product","2":"type-product","3":"status-publish","5":"product_cat-our-events","7":"first","8":"instock","9":"shipping-taxable","10":"product-type-simple"},"_links":{"self":[{"href":"https:\/\/www.swedcham.com.br\/en\/wp-json\/wp\/v2\/product\/13977","targetHints":{"allow":["GET"]}}],"collection":[{"href":"https:\/\/www.swedcham.com.br\/en\/wp-json\/wp\/v2\/product"}],"about":[{"href":"https:\/\/www.swedcham.com.br\/en\/wp-json\/wp\/v2\/types\/product"}],"wp:attachment":[{"href":"https:\/\/www.swedcham.com.br\/en\/wp-json\/wp\/v2\/media?parent=13977"}],"wp:term":[{"taxonomy":"product_brand","embeddable":true,"href":"https:\/\/www.swedcham.com.br\/en\/wp-json\/wp\/v2\/product_brand?post=13977"},{"taxonomy":"product_cat","embeddable":true,"href":"https:\/\/www.swedcham.com.br\/en\/wp-json\/wp\/v2\/product_cat?post=13977"},{"taxonomy":"product_tag","embeddable":true,"href":"https:\/\/www.swedcham.com.br\/en\/wp-json\/wp\/v2\/product_tag?post=13977"}],"curies":[{"name":"wp","href":"https:\/\/api.w.org\/{rel}","templated":true}]}}